{"id":1021,"date":"2017-02-10T11:39:13","date_gmt":"2017-02-10T10:39:13","guid":{"rendered":"https:\/\/ordredemaltesuisse.org\/\/der-malteserorden\/diplomatic-activities\/"},"modified":"2025-03-21T10:01:07","modified_gmt":"2025-03-21T09:01:07","slug":"humanitaere-diplomatie","status":"publish","type":"page","link":"https:\/\/ordredemaltesuisse.org\/de\/der-malteserorden\/humanitaere-diplomatie\/","title":{"rendered":"Humanit\u00e4re Diplomatie"},"content":{"rendered":"<div class=\"main-block-wrapper clearfix\">\n<p><a class=\"img-link-wrapper full\"><img decoding=\"async\" src=\"https:\/\/ordredemaltesuisse.org\/wp-content\/uploads\/sites\/3\/2025\/03\/diplomatic_humanitarian_new.jpg\" \/><\/a><\/p>\n<h5>Diplomatie mit Hilfe verbinden, um Menschen in Not zu erreichen.<\/h5>\n<div>Die diplomatische Beziehungen, die der Souver\u00e4ne Malteserorden zu 108 Staaten und zur Europ\u00e4ischen Union unterh\u00e4lt, ein permanenter Beobachterstatus bei den Vereinten Nationen und internationale Kooperationsvertr\u00e4ge mit mehr als 50 Staaten \u2013 das alles tr\u00e4gt dazu bei, die humanit\u00e4ren Aktivit\u00e4ten zu erleichtern und um einen uneingeschr\u00e4nkten und sicheren Zugang in Krisengebieten zu erhalten. Die diplomatischen Verbindungen des Ordens st\u00e4rken dar\u00fcber hinaus die Beziehungen zu den Staatsregierungen, in deren L\u00e4ndern der Orden operiert. Das Netzwerk erm\u00f6glicht die Integration medizinischer Programme in die nationalen und regionalen Gesundheitssysteme und es vereinfacht die Einfuhr von Medizintechnik, um Menschen in Not so schnell wie m\u00f6glich helfen zu k\u00f6nnen.<br \/>\nMyanmar ist ein Beispiel hierf\u00fcr: der Malteserorden ist mit seinem weltweiten Hilfswerk, Malteser International, bereits seit 2001 aktiv, als es f\u00fcr ausl\u00e4ndische Hilfswerke noch extrem schwierig war, im Land zu arbeiten. Malteser International war eine der wenigen internationalen Organisationen, die sofort nach dem Wirbelsturm Nargis, der das Land im Jahr 2008 verw\u00fcstete, internationale Hilfe in die betroffenen Gebiete schicken konnte.<br \/>\nAufgrund seines Status als einer neutralen, apolitischen und unabh\u00e4ngigen Institution, seiner humanit\u00e4ren Aufgabe und den aktuellen Projekten in 120 L\u00e4ndern, kann der Souver\u00e4ne Malteserorden als Mediator in Konflikten intervenieren.<strong>Der Humanit\u00e4re Weltgipfel (World Humanitarian Summit )<\/strong><br \/>\nDen Opfern von bewaffneten Konflikten beizustehen, ist eines der gro\u00dfes Anliegen des Malteserordens, das im Mai 2015 im Rahmen des Symposiums der Vereinten Nationen in Genf im Hinblick auf den <a href=\"https:\/\/www.worldhumanitariansummit.org\/\" target=\"_blank\" rel=\"noopener noreferrer\">World Humanitarian Summit<\/a>, der im Mai 2016 in Istanbul stattfinden wird, im Mittelpunkt stand.<br \/>\nDas Symposium \u201eReligionen vereint f\u00fcr humanit\u00e4re Hilfe: Hilfeleistung f\u00fcr Opfer von bewaffneten Konflikten; die spezielle Rolle glaubensorientierter Akteure\u201c, untersucht anhand des Zusammenhanges zwischen Religion und Konfliktpotential und der spezifischen Rolle von glaubensgest\u00fctzten Organisation in Konfliktgebieten; ein Thema, das der Malteserorden kontinuierlich im Vorfeld des Weltgipfels ausbauen wird.<\/div>\n<\/div>\n","protected":false},"excerpt":{"rendered":"<p>Diplomatie mit Hilfe verbinden, um Menschen in Not zu erreichen. Die diplomatische Beziehungen, die der Souver\u00e4ne Malteserorden zu 108 Staaten und zur Europ\u00e4ischen Union unterh\u00e4lt, ein permanenter Beobachterstatus bei den Vereinten Nationen und internationale Kooperationsvertr\u00e4ge mit mehr als 50 Staaten \u2013 das alles tr\u00e4gt dazu bei, die humanit\u00e4ren Aktivit\u00e4ten zu erleichtern und um einen uneingeschr\u00e4nkten [&hellip;]<\/p>\n","protected":false},"author":1,"featured_media":0,"parent":811,"menu_order":0,"comment_status":"closed","ping_status":"closed","template":"template-rsidebar.php","meta":{"inline_featured_image":false,"footnotes":"","_links_to":"","_links_to_target":""},"class_list":["post-1021","page","type-page","status-publish","hentry"],"_links":{"self":[{"href":"https:\/\/ordredemaltesuisse.org\/de\/wp-json\/wp\/v2\/pages\/1021","targetHints":{"allow":["GET"]}}],"collection":[{"href":"https:\/\/ordredemaltesuisse.org\/de\/wp-json\/wp\/v2\/pages"}],"about":[{"href":"https:\/\/ordredemaltesuisse.org\/de\/wp-json\/wp\/v2\/types\/page"}],"author":[{"embeddable":true,"href":"https:\/\/ordredemaltesuisse.org\/de\/wp-json\/wp\/v2\/users\/1"}],"replies":[{"embeddable":true,"href":"https:\/\/ordredemaltesuisse.org\/de\/wp-json\/wp\/v2\/comments?post=1021"}],"version-history":[{"count":2,"href":"https:\/\/ordredemaltesuisse.org\/de\/wp-json\/wp\/v2\/pages\/1021\/revisions"}],"predecessor-version":[{"id":6930,"href":"https:\/\/ordredemaltesuisse.org\/de\/wp-json\/wp\/v2\/pages\/1021\/revisions\/6930"}],"up":[{"embeddable":true,"href":"https:\/\/ordredemaltesuisse.org\/de\/wp-json\/wp\/v2\/pages\/811"}],"wp:attachment":[{"href":"https:\/\/ordredemaltesuisse.org\/de\/wp-json\/wp\/v2\/media?parent=1021"}],"curies":[{"name":"wp","href":"https:\/\/api.w.org\/{rel}","templated":true}]}}