{"id":1035,"date":"2017-03-09T14:38:22","date_gmt":"2017-03-09T13:38:22","guid":{"rendered":"https:\/\/ordredemaltesuisse.org\/\/der-malteserorden\/humanitaere-diplomatie\/bilateral-relations\/"},"modified":"2025-03-06T09:50:43","modified_gmt":"2025-03-06T08:50:43","slug":"bilaterale-beziehungen","status":"publish","type":"page","link":"https:\/\/ordredemaltesuisse.org\/de\/der-malteserorden\/humanitaere-diplomatie\/bilaterale-beziehungen\/","title":{"rendered":"Bilaterale Beziehungen"},"content":{"rendered":"<div class=\"main-block-wrapper clearfix\">\n<p><a class=\"img-link-wrapper full\"><img decoding=\"async\" src=\"https:\/\/ordredemaltesuisse.org\/wp-content\/uploads\/sites\/3\/2025\/03\/NICU3777-e1671717171443_new.jpeg\" \/><\/a><\/p>\n<h5><a>Bilaterale Beziehungen mit 110 Staaten<\/a><\/h5>\n<div>\n<p>Die diplomatischen Aktivit\u00e4ten des Souver\u00e4nen Malteserordens sind eng verkn\u00fcpft mit seiner humanit\u00e4ren Mission. Dar\u00fcber hinaus unterst\u00fctzt die Pr\u00e4senz von akkreditierten diplomatischen Missionen in 100 L\u00e4ndern weltweit die Aktivit\u00e4ten des Ordens.<\/p>\n<p>Auf internationalem, politischen Parkett ist der Malteserorden neutral, unparteiisch und apolitisch. Aufgrund dieser drei Merkmale kann der Orden als Mediator intervenieren, wann immer ein Staat um seine Hilfe bei Konfliktl\u00f6sung bittet.<\/p>\n<\/div>\n<\/div>\n<div class=\"kopa-main-col col-md-12 col-sm-12 col-xs-12\">\n<div class=\"row\" style=\"margin-bottom: 20px\">\n<div style=\"margin-top: 10px\"><b>Der Souver\u00e4ne Malteserorden unterh\u00e4lt diplomatische Beziehungen zu 110 Staaten:<\/b><\/div>\n<div style=\"padding: 20px;background-color: #f3f3f3\">\n<p><strong>EUROPA:<\/strong><br \/>\nAlbanien | Bosnien-Herzegowina | Bulgarien | Deutschland| Estland |Hl. Stuhl | Italien | Kroatien | Lettland | Liechtenstein | Litauen | Malta | Moldau | Monaco | Montenegro | Nordmazedonien|\u00d6sterreich | Polen | Portugal | Rum\u00e4nien | Russische F\u00f6deration* | San Marino | Serbien | Slowakei | Slowenien | Spanien | Tschechien| Ukraine | Ungarn | Wei\u00dfrussland | Zypern<\/p>\n<p>* <em>Die Beziehungen mit der Russische F\u00f6deration werden durch eine diplomatische Sondermission wahrgenommen.<\/em><\/p>\n<\/div>\n<\/div>\n<div class=\"row\" style=\"margin-bottom: 20px\">\n<div style=\"margin-top: 10px\"><\/div>\n<div style=\"padding: 20px;background-color: #f3f3f3\"><strong>AMERIKA:<\/strong><br \/>\nAntigua und Barbuda | Argentinien | Bahamas | Belize | Bolivien | Brasilien | Chile | Costa Rica | Dominikanische Republik | Ecuador | Salvador | Grenada | Guatemala | Guyana | Haiti | Honduras | Kolumbien | Kuba | Nicaragua | Panama | Paraguay | Peru | St. Lucia | St. Vincent und die Grenadinen | Surinam | Uruguay | Venezuela<\/div>\n<\/div>\n<div class=\"row\" style=\"margin-bottom: 20px\">\n<div style=\"margin-top: 10px\"><\/div>\n<div style=\"padding: 20px;background-color: #f3f3f3\"><strong>AFRIKA:<\/strong><br \/>\n\u00c4gypten | Angola | \u00c4quatorialguinea | \u00c4thiopien | Benin | Burkina Faso | C\u00f4te d\u2019Ivoire | Eritrea | Gabun | Guinea | Guinea-Bissau | Kamerun | Kap Verde | Kenia | Komoren | Kongo, Demokratische Republik | Kongo, Republik | Liberia | Madagaskar | Mali | Marokko | Mauretanien | Mauritius | Mosambik | Namibia | Niger | Sao Tom\u00e9 und Principe | Senegal | Seychellen | Sierra Leone | Somalia | Sudan | S\u00fcdsudan | Togo | Tschad | Zentralafrika<\/div>\n<\/div>\n<div class=\"row\" style=\"margin-bottom: 20px\">\n<div style=\"margin-top: 10px\"><\/div>\n<div style=\"padding: 20px;background-color: #f3f3f3\"><strong>ASIEN:<\/strong><br \/>\nAfghanistan | Armenien | Georgien | Jordanien | Kambodscha | Kasachstan | Libanon | Osttimor | Philippinen | Tadschikistan | Thailand | Turkmenistan<\/div>\n<\/div>\n<div class=\"row\" style=\"margin-bottom: 20px\">\n<div style=\"margin-top: 10px\"><\/div>\n<div style=\"padding: 20px;background-color: #f3f3f3\"><span style=\"background-color: #f3f3f3\"><strong>OZEANIEN:<\/strong><br \/>\nMikronesien | Marshall Inseln | Kiribati|<\/span><span style=\"background-color: #ffffff\"><b>\u00a0<\/b>Nauru<\/span><\/div>\n<\/div>\n<div class=\"row\" style=\"margin-bottom: 20px\">\n<p style=\"padding: 20px;background-color: #f3f3f3\">Belgien | Frankreich\u00a0|Kanada| Luxemburg | Schweiz<\/p>\n<\/div>\n<div class=\"row\" style=\"margin-bottom: 20px\">\n<div style=\"margin-top: 10px\">\n<h5 style=\"padding-top: 15px\"><b>Der Souver\u00e4ne Malteserorden unterh\u00e4lt auf Botschafterebene Beziehungen mit::<\/b><\/h5>\n<\/div>\n<div style=\"padding: 20px;background-color: #f3f3f3\">Pal\u00e4stina<\/div>\n<\/div>\n<\/div>\n","protected":false},"excerpt":{"rendered":"<p>Bilaterale Beziehungen mit 110 Staaten Die diplomatischen Aktivit\u00e4ten des Souver\u00e4nen Malteserordens sind eng verkn\u00fcpft mit seiner humanit\u00e4ren Mission. Dar\u00fcber hinaus unterst\u00fctzt die Pr\u00e4senz von akkreditierten diplomatischen Missionen in 100 L\u00e4ndern weltweit die Aktivit\u00e4ten des Ordens. Auf internationalem, politischen Parkett ist der Malteserorden neutral, unparteiisch und apolitisch. Aufgrund dieser drei Merkmale kann der Orden als Mediator [&hellip;]<\/p>\n","protected":false},"author":1,"featured_media":0,"parent":1021,"menu_order":0,"comment_status":"closed","ping_status":"closed","template":"template-rsidebar.php","meta":{"inline_featured_image":false,"footnotes":"","_links_to":"","_links_to_target":""},"class_list":["post-1035","page","type-page","status-publish","hentry"],"_links":{"self":[{"href":"https:\/\/ordredemaltesuisse.org\/de\/wp-json\/wp\/v2\/pages\/1035","targetHints":{"allow":["GET"]}}],"collection":[{"href":"https:\/\/ordredemaltesuisse.org\/de\/wp-json\/wp\/v2\/pages"}],"about":[{"href":"https:\/\/ordredemaltesuisse.org\/de\/wp-json\/wp\/v2\/types\/page"}],"author":[{"embeddable":true,"href":"https:\/\/ordredemaltesuisse.org\/de\/wp-json\/wp\/v2\/users\/1"}],"replies":[{"embeddable":true,"href":"https:\/\/ordredemaltesuisse.org\/de\/wp-json\/wp\/v2\/comments?post=1035"}],"version-history":[{"count":4,"href":"https:\/\/ordredemaltesuisse.org\/de\/wp-json\/wp\/v2\/pages\/1035\/revisions"}],"predecessor-version":[{"id":6801,"href":"https:\/\/ordredemaltesuisse.org\/de\/wp-json\/wp\/v2\/pages\/1035\/revisions\/6801"}],"up":[{"embeddable":true,"href":"https:\/\/ordredemaltesuisse.org\/de\/wp-json\/wp\/v2\/pages\/1021"}],"wp:attachment":[{"href":"https:\/\/ordredemaltesuisse.org\/de\/wp-json\/wp\/v2\/media?parent=1035"}],"curies":[{"name":"wp","href":"https:\/\/api.w.org\/{rel}","templated":true}]}}