{"id":1046,"date":"2017-03-09T14:49:55","date_gmt":"2017-03-09T13:49:55","guid":{"rendered":"https:\/\/ordredemaltesuisse.org\/\/der-malteserorden\/humanitaere-diplomatie\/multilateral-relations\/"},"modified":"2025-03-06T09:52:45","modified_gmt":"2025-03-06T08:52:45","slug":"multilaterale-beziehungen","status":"publish","type":"page","link":"https:\/\/ordredemaltesuisse.org\/de\/der-malteserorden\/humanitaere-diplomatie\/multilaterale-beziehungen\/","title":{"rendered":"Multilaterale Beziehungen"},"content":{"rendered":"<div class=\"main-block-wrapper clearfix\">\n<p><a class=\"img-link-wrapper full\"><img decoding=\"async\" src=\"https:\/\/ordredemaltesuisse.org\/wp-content\/uploads\/sites\/3\/2025\/03\/diplomatic_multilateral_new.jpg\" \/><\/a><\/p>\n<h5><a>Unterst\u00fctzung von Humanit\u00e4rer Hilfe<\/a><\/h5>\n<div>\n<p>Multilaterale Beziehungen mit den Vereinten Nationen, der Europ\u00e4ischen Union und den gro\u00dfen, internationalen Organisationen erlauben es dem Souver\u00e4nen Malteserorden das Know-how seiner Eins\u00e4tze am diplomatischen Verhandlungstisch einzubringen.<\/p>\n<p>Durch seine Botschafter und diplomatischen Vertreter ist der Standpunkt des Ordens auf internationaler Ebene immer im Kern seines Engagements vertreten: es geht um Menschenrechte, allgemeine Fragen des Gesundheitswesens, und die Sicherheit der Ern\u00e4hrung. Diese Fragen haben sich durch die langj\u00e4hrige Praxiserfahrung im Bereich der humanit\u00e4ren Hilfe herausgebildet. Der Souver\u00e4ne Malteserorden bringt diese eigene Perspektive bei Beratungen auf globaler Ebene ein und definiert m\u00f6gliche Bereiche der Kooperation im Gesundheitswesen, der Sozialhilfe und im Bereich der Katastrophenhilfe.<\/p>\n<\/div>\n<\/div>\n<div class=\"kopa-main-col col-md-12 col-sm-12 col-xs-12\">\n<div class=\"row\" style=\"margin-bottom: 20px\">\n<div style=\"margin-top: 10px\">\n<h5 style=\"padding-top: 15px\"><b>Der Souver\u00e4nen Malteserorden unterh\u00e4lt auf Botschafterebene Beziehungen mit:<\/b><\/h5>\n<\/div>\n<div style=\"padding: 20px;background-color: #f3f3f3\">Europ\u00e4ische Union<\/div>\n<\/div>\n<div class=\"row\" style=\"margin-bottom: 20px\">\n<div style=\"margin-top: 10px\">\n<h5 style=\"padding-top: 15px\"><b>Der Souver\u00e4nen Malteserorden hat st\u00e4ndige Beobachter Vertretungen bei den Vereinten Nationen und seinen Sonderorganisationen<\/b><\/h5>\n<\/div>\n<div style=\"padding: 20px;background-color: #f3f3f3\">\n<p>Vereinte Nationen \u2013 New York<br \/>\nVereinte Nationen \u2013 Genf<br \/>\nVereinte Nationen \u2013 Wien<\/p>\n<p>ESCAP \u2013 Wirtschafts- und Sozialkommission der Vereinten Nationen f\u00fcr Asien und den Pazifik \u2013 (Bangkok)<br \/>\nFAO \u2013 Ern\u00e4hrungs- und Landwirtschaftsorganisation der Vereinten Nationen \u2013 (Rom)<br \/>\nIAEO \u2013 Internationale Atomenergie Organisation \u2013 (Wien)<br \/>\nIFAD \u2013 Internationaler Fonds f\u00fcr landwirtschaftliche Entwicklung \u2013 (Rom)<br \/>\nOHCHR \u2013 Hohes Kommissariat der Vereinten Nationen f\u00fcr Menschenrechte \u2013 (Genf)<br \/>\nUNECA \u2013 UN-Wirtschaftskommission f\u00fcr Afrika (Addis Abeba)<br \/>\nUNEP \u2013 Umweltprogramm der Vereinten Nationen \u2013 (Nairobi)<br \/>\nUNESCO \u2013 Organisation der Vereinten Nationen f\u00fcr Erziehung, Wissenschaft und Kultur \u2013 (Paris)<br \/>\nUNHCR \u2013 Hohes Fl\u00fcchtlingskommissariat der Vereinten Nationen \u2013 (Genf)<br \/>\nUNIDO \u2013 Organisation der Vereinten Nationen f\u00fcr industrielle Entwicklung \u2013 (Wien)<br \/>\nWFP \u2013 Weltern\u00e4hrungsprogramm der Vereinten Nationen \u2013 (Rom)<br \/>\nWHO \u2013 Weltgesundheitsorganisation \u2013 (Genf)<br \/>\nUNODC \u2013 B\u00fcro der Vereinten Nationen f\u00fcr Drogen- und Verbrechensbek\u00e4mpfung \u2013 (Wien)<br \/>\nUNOOSA \u2013 B\u00fcro der Vereinten Nationen f\u00fcr Weltraumfragen \u2013 (Wien)<\/p>\n<\/div>\n<\/div>\n<div class=\"row\" style=\"margin-bottom: 20px\">\n<div style=\"margin-top: 10px\">\n<h5 style=\"padding-top: 15px\"><b>Der Souver\u00e4nen Malteserorden hat Delegationen oder Vertretungen bei den internationalen Organisationen:<\/b><\/h5>\n<\/div>\n<div style=\"padding: 20px;background-color: #f3f3f3\">AU \u2013 Afrikanische Union \u2013 (Addis Abeba)<br \/>\nCPLP \u2013 Gemeinschaft der Portugiesischsprachigen L\u00e4nder \u2013 (Lissabon)<br \/>\nCTBT \u2013 Kernwaffenteststopp-Vertrag \u2013 (Wien)<br \/>\nICCROM -Internationale Studienzentrum f\u00fcr die Erhaltung und Restaurierung von Kulturgut \u2013 (Rom)<br \/>\nIDB \u2013 Inter-Amerikanische Entwicklungsbank \u2013 (Washington D.C.)<br \/>\nIFRC \u2013 Internationale F\u00f6deration der Gesellschaften des Roten Kreuzes und des Roten Halbmondes \u2013 (Genf)<br \/>\nIIHL \u2013 Internationales Institut f\u00fcr Menschenrechte \u2013 (San Remo, Genf)<br \/>\nIKMM \u2013 Internationales Komitee f\u00fcr Milit\u00e4r-Medizin \u2013 (Br\u00fcssel)<br \/>\nIKRK \u2013 Internationales Komitee vom Roten Kreuz \u2013 (Genf)<br \/>\nIOM \u2013 Internationales Komitee f\u00fcr Migrationen \u2013 (Genf)<br \/>\nOIF \u2013 Internationale Organisation der Frankophonie \u2013 (Paris)<br \/>\nPAM \u2013 Parlamentarische Mittelmeerversammlung (Malta)<br \/>\nSICA \u2013 Zentralamerikanisches Integrationssystem \u2013 (San Salvador)<br \/>\nUNIDROIT \u2013 Internationales Institut f\u00fcr die Vereinheitlichung des Privatrechts \u2013 (Rom)<br \/>\nCOI \u2013 Commission de l&#8217;Oc\u00e9an Indien \u2013 (Eb\u00e8ne, Maurice)<br \/>\nEuroparat \u2013 (Stra\u00dfburg)<\/div>\n<\/div>\n<\/div>\n","protected":false},"excerpt":{"rendered":"<p>Unterst\u00fctzung von Humanit\u00e4rer Hilfe Multilaterale Beziehungen mit den Vereinten Nationen, der Europ\u00e4ischen Union und den gro\u00dfen, internationalen Organisationen erlauben es dem Souver\u00e4nen Malteserorden das Know-how seiner Eins\u00e4tze am diplomatischen Verhandlungstisch einzubringen. Durch seine Botschafter und diplomatischen Vertreter ist der Standpunkt des Ordens auf internationaler Ebene immer im Kern seines Engagements vertreten: es geht um Menschenrechte, [&hellip;]<\/p>\n","protected":false},"author":1,"featured_media":0,"parent":1021,"menu_order":0,"comment_status":"closed","ping_status":"closed","template":"template-rsidebar.php","meta":{"inline_featured_image":false,"footnotes":"","_links_to":"","_links_to_target":""},"class_list":["post-1046","page","type-page","status-publish","hentry"],"_links":{"self":[{"href":"https:\/\/ordredemaltesuisse.org\/de\/wp-json\/wp\/v2\/pages\/1046","targetHints":{"allow":["GET"]}}],"collection":[{"href":"https:\/\/ordredemaltesuisse.org\/de\/wp-json\/wp\/v2\/pages"}],"about":[{"href":"https:\/\/ordredemaltesuisse.org\/de\/wp-json\/wp\/v2\/types\/page"}],"author":[{"embeddable":true,"href":"https:\/\/ordredemaltesuisse.org\/de\/wp-json\/wp\/v2\/users\/1"}],"replies":[{"embeddable":true,"href":"https:\/\/ordredemaltesuisse.org\/de\/wp-json\/wp\/v2\/comments?post=1046"}],"version-history":[{"count":2,"href":"https:\/\/ordredemaltesuisse.org\/de\/wp-json\/wp\/v2\/pages\/1046\/revisions"}],"predecessor-version":[{"id":6809,"href":"https:\/\/ordredemaltesuisse.org\/de\/wp-json\/wp\/v2\/pages\/1046\/revisions\/6809"}],"up":[{"embeddable":true,"href":"https:\/\/ordredemaltesuisse.org\/de\/wp-json\/wp\/v2\/pages\/1021"}],"wp:attachment":[{"href":"https:\/\/ordredemaltesuisse.org\/de\/wp-json\/wp\/v2\/media?parent=1046"}],"curies":[{"name":"wp","href":"https:\/\/api.w.org\/{rel}","templated":true}]}}