{"id":1057,"date":"2017-02-10T12:59:45","date_gmt":"2017-02-10T11:59:45","guid":{"rendered":"https:\/\/ordredemaltesuisse.org\/\/humanitarian-medical-works\/"},"modified":"2025-03-06T09:56:26","modified_gmt":"2025-03-06T08:56:26","slug":"humanitaere-medizinische-hilfe","status":"publish","type":"page","link":"https:\/\/ordredemaltesuisse.org\/de\/humanitaere-medizinische-hilfe\/","title":{"rendered":"Humanit\u00e4re &#038; medizinische Hilfe"},"content":{"rendered":"<div class=\"main-block-wrapper clearfix\">\n<p><a class=\"img-link-wrapper full\"><img decoding=\"async\" src=\"https:\/\/ordredemaltesuisse.org\/wp-content\/uploads\/sites\/3\/2025\/03\/245379206_5008455649184536_7299063060398009537_n.jpeg\" \/><\/a><\/p>\n<h5><a>Die \u00e4lteste medizinische Mission der Welt<\/a><\/h5>\n<div>\n<p>Der Malteserorden ist dauerhaft mit medizinischen, sozialen und humanit\u00e4ren Projekten in den meisten L\u00e4ndern der Erde pr\u00e4sent.<\/p>\n<p>Seine 13.500 Mitglieder, die 80.000 festen freiwilligen Helfern und das qualifizierte Personal von 25.000 Fachleuten \u2013 die meisten von ihnen sind medizinisches Personal oder Rettungsassistenten \u2013 bilden ein leistungsf\u00e4higes Netzwerk von der Nothilfe f\u00fcr Fl\u00fcchtlinge und Kriegsvertriebene bis hin zur Interventionen bei Naturkatastrophen, der Krankenhausarbeit, der medizinischen Versorgung und dem Sozialdienst alle Hilfeleistungen umfasst. Seine Projekte sind entweder autark oder finden im Rahmen von Partnerschaften mit Regierungen und internationalen Agenturen statt, momentan in 120 L\u00e4ndern.<\/p>\n<p>Die Hilfe f\u00fcr die Opfer von Naturkatastrophen und bewaffneten Konflikten wurde in den letzten Jahrzehnten intensiviert. \u00dcber die nationalen Assoziationen, die Freiwilligenkorps und das weltweite Hilfswerk, Malteser International, stellt der Malteserorden medizinische und humanit\u00e4re Nothilfe bereit und arbeitet mit den betroffenen Bev\u00f6lkerungen, um Wiederaufbauprogramme und Schutzma\u00dfnahmen umzusetzen. Der Orden hilft Fl\u00fcchtlingen weltweit in ihren Herkunftsl\u00e4ndern, in Transitl\u00e4ndern und an den jeweiligen Ankunftsorten. F\u00fcr Langzeitentwicklung bleibt der Malteserorden auch nach Krisen vor Ort, um Armut und Angriffspunkte zu reduzieren. Die Sozialhilfe-Programme des Malteserordens richten sich an tausende von Menschen, die hilfsbed\u00fcrftig sind. All das sind allt\u00e4gliche Formen der Unterst\u00fctzung und G\u00fcte, die nicht viel Aufmerksamkeit erregen, aber das stetige Engagement der Ordensmitglieder und Freiwilligen widerspiegeln.<\/p>\n<p>Demenzpatienten, Schwerbehinderte und Menschen, die palliative Pflege ben\u00f6tigen, erhalten kontinuierliche Betreuung in spezialisierten Fachzentren. Als Reaktion auf die Armut, die durch die Wirtschaftskrise entstanden ist, wurden zus\u00e4tzliche Suppenk\u00fcchen und Tafeln eingerichtet.<\/p>\n<p>Der Malteserorden unterst\u00fctzt und verwaltet gleichzeitig mehrere hundert medizinische Zentren, 20 Krankenh\u00e4user und 110 Altenwohnheime sowie Erste-Hilfe und Rettungswagen-Teams.<\/p>\n<\/div>\n<\/div>\n","protected":false},"excerpt":{"rendered":"<p>Die \u00e4lteste medizinische Mission der Welt Der Malteserorden ist dauerhaft mit medizinischen, sozialen und humanit\u00e4ren Projekten in den meisten L\u00e4ndern der Erde pr\u00e4sent. Seine 13.500 Mitglieder, die 80.000 festen freiwilligen Helfern und das qualifizierte Personal von 25.000 Fachleuten \u2013 die meisten von ihnen sind medizinisches Personal oder Rettungsassistenten \u2013 bilden ein leistungsf\u00e4higes Netzwerk von der [&hellip;]<\/p>\n","protected":false},"author":1,"featured_media":0,"parent":0,"menu_order":0,"comment_status":"closed","ping_status":"closed","template":"template-rsidebar.php","meta":{"inline_featured_image":false,"footnotes":"","_links_to":"","_links_to_target":""},"class_list":["post-1057","page","type-page","status-publish","hentry"],"_links":{"self":[{"href":"https:\/\/ordredemaltesuisse.org\/de\/wp-json\/wp\/v2\/pages\/1057","targetHints":{"allow":["GET"]}}],"collection":[{"href":"https:\/\/ordredemaltesuisse.org\/de\/wp-json\/wp\/v2\/pages"}],"about":[{"href":"https:\/\/ordredemaltesuisse.org\/de\/wp-json\/wp\/v2\/types\/page"}],"author":[{"embeddable":true,"href":"https:\/\/ordredemaltesuisse.org\/de\/wp-json\/wp\/v2\/users\/1"}],"replies":[{"embeddable":true,"href":"https:\/\/ordredemaltesuisse.org\/de\/wp-json\/wp\/v2\/comments?post=1057"}],"version-history":[{"count":1,"href":"https:\/\/ordredemaltesuisse.org\/de\/wp-json\/wp\/v2\/pages\/1057\/revisions"}],"predecessor-version":[{"id":6817,"href":"https:\/\/ordredemaltesuisse.org\/de\/wp-json\/wp\/v2\/pages\/1057\/revisions\/6817"}],"wp:attachment":[{"href":"https:\/\/ordredemaltesuisse.org\/de\/wp-json\/wp\/v2\/media?parent=1057"}],"curies":[{"name":"wp","href":"https:\/\/api.w.org\/{rel}","templated":true}]}}