{"id":1101,"date":"2017-02-09T09:56:58","date_gmt":"2017-02-09T08:56:58","guid":{"rendered":"https:\/\/ordredemaltesuisse.org\/\/faq\/"},"modified":"2019-01-05T13:17:42","modified_gmt":"2019-01-05T12:17:42","slug":"faq","status":"publish","type":"page","link":"https:\/\/ordredemaltesuisse.org\/de\/faq\/","title":{"rendered":"FAQ"},"content":{"rendered":"<p><strong>Was ist der Souver\u00e4ne Malteserorden?<\/strong><br \/>\nDer Souver\u00e4ne Ritter- und Hospitalorden vom Hl. Johannes zu Jerusalem von Rhodos und von Malta wurde im 11.Jh. in Jerusalem gegr\u00fcndet und ist einer der \u00e4ltesten religi\u00f6sen Orden der Katholischen Kirche und ein souver\u00e4nes V\u00f6lkerrechtssubjekt. Getreu seiner jahrhundertealten Tradition, den Hilfsbed\u00fcrftigen und Kranken zu dienen, betreibt der Orden medizinische, soziale und humanit\u00e4re Projekte in 120 L\u00e4ndern.<\/p>\n<p>Der Ordensauftrag ist in dem Motto \u201cTuitio Fidei et Obsequium Pauperum\u201d zusammengefasst und bedeutet, den Glauben zu leben, zu verk\u00fcnden, zu verteidigen (tuitio fidei) und den Armen und Kranken dienen (obsequium pauperum).<\/p>\n<p><strong>Was bedeutet es, dass der Malteserorden ein religi\u00f6ser Orden ist?<\/strong><\/p>\n<p>Der Orden gr\u00fcndet sich im Heiligen Land um das Jahr 1050 als monastische Gemeinschaft, die durch den Hl. Johannes den T\u00e4ufer inspiriert ist. Die Hospitaliers betrieben damals ein Spital, in dem Pilger aller Glaubensrichtungen Pflege und Obdach erhielten.<\/p>\n<p>Im Jahr 1113 wird der Orden offiziell von Papst Paschalis II. als kirchlicher Orden anerkannt. Bis zur Aufgabe der Insel Malta (1798) waren die Ritter religi\u00f6se Ordensbr\u00fcder, welche die drei Gel\u00fcbde der Armut, der Keuschheit und des Gehorsams abgelegt hatten. Noch heute sind einige Ordensmitglieder Professbr\u00fcder, andere haben Gehorsam gelobt und sich dazu verpflichtet, intensiver nach den christlichen Prinzipien zu leben. Die meisten der 13&#8217;500 Ritter und Damen sind Laien.<\/p>\n<p>Aber auch wenn sie keine religi\u00f6sen Gel\u00fcbde abgelegt haben, so sind sie doch alle einem christlichen Leben und der christlichen Caritas verpflichtet, das bedeutet, die eigene Spiritualit\u00e4t im Rahmen der Gebote der Kirche zu vertiefen und sich aktiv f\u00fcr die medizinischen und sozialen Projekte des Ordens einzusetzen.<\/p>\n<p><strong>Womit befasst sich der Malteserorden?<\/strong><\/p>\n<p>Der Orden betreibt humanit\u00e4re, medizinische und soziale Projekte in 120 L\u00e4ndern. Er engagiert sich\u00a0f\u00fcr medizinische Hilfe, die Versorgung von Fl\u00fcchtlingen und die Verteilung von Medikamenten und \u00dcberlebenspaketen besonders zugunsten der Opfer von bewaffneten Konflikten und Naturkatastrophen.<\/p>\n<p>Es gibt ein Programm f\u00fcr Sozialhilfe, mit dem Obdachlosen in Industrie- und Schwellenl\u00e4ndern geholfen wird und\u00a0der Orden\u00a0k\u00fcmmert sich um Menschen, insbesondere Behinderte und Alte, die oftmals an den Rand der Gesellschaft gedr\u00e4ngt werden. Au\u00dferdem garantiert er Ersthilfe und organisiert medizinische und soziale Kampagnen.<\/p>\n<p><strong>Wie kann man dem Malteserorden beitreten?<\/strong><\/p>\n<p>Man wird in den Orden berufen. Der Orden nimmt nur Personen von untadeliger moralischer und christlicher Haltung auf, die sich \u00fcber die Jahre f\u00fcr den Souver\u00e4nen Malteserorden, seine Einrichtungen und seine humanit\u00e4ren Projekte verdient gemacht haben.<\/p>\n<p>Zust\u00e4ndig f\u00fcr die Pr\u00fcfung der Aufnahmevorschl\u00e4ge ist entweder das Gro\u00dfpriorat oder die jeweilige nationale Assoziation.<\/p>\n<p><strong>Wie kann man freiwilliger Helfer werden?<\/strong><\/p>\n<p>Freiwillige sind stets willkommen. Bei Interesse an Freiwilligenarbeit kontaktieren Sie bitte direkt die jeweilige nationale Assoziation oder das Freiwilligenkorps Ihres Landes. Die jeweilige Anschrift finden Sie unter: Europa \u2013 Afrika \u2013 Amerika \u2013 Asien und Ozeanien.<\/p>\n<p><strong>Wieviele Mitglieder z\u00e4hlt der Orden?<\/strong><\/p>\n<p>Dem Orden geh\u00f6ren \u00fcber 13&#8217;500 Ritter, Damen und Geistliche an. An ihrer Seite arbeiten dauerhaft bis zu 80&#8217;000 Freiwillige und 42&#8217;000 Angestellte, die meisten von ihnen medizinisches Personal.<\/p>\n<p><strong>Wie ist der Malteserorden auf internationaler Ebene strukturiert?<\/strong><\/p>\n<p>Der Malteserorden operiert durch seine 12 Priorate, 48 nationale Assoziationen, 1 weltweites Hilfswerk und 33 Freiwilligenkorps. Er verf\u00fcgt \u00fcber zahlreiche Krankenh\u00e4user, medizinische Zentren, Tageskliniken und Fachinstitutionen.<\/p>\n<p><strong>Wo haben in den letzten Jahren die bedeutendsten humanit\u00e4ren Eins\u00e4tze stattgefunden?<\/strong><\/p>\n<p>Zur Zeit engagiert sich der Malteserorden f\u00fcr die syrische Bev\u00f6lkerung, die vor dem Konflikt in die Nachbarstaaten flieht. Im Irak setzt er sich mit Projekten f\u00fcr Binnenvertriebene ein. Das italienische Hilfskorps des Ordens nimmt an Rettungsaktionen im Mittelmeer teil, w\u00e4hrend die Einheiten des Malteserordens entlang der Fl\u00fcchtlingsroute in Nordeuropa Nothilfe f\u00fcr Vertriebene leisten.<\/p>\n<p>Die wichtigsten Eins\u00e4tze des Malteserordens der letzten Jahre erfolgten im Kosovo und der ehemalige jugoslawischen Republik Mazedonien, in Indien, S\u00fcdostasien (nach dem Tsunami), Afghanistan, Pakistan, der Demokratischen Republik Kongo, dem S\u00fcd-Sudan, Myanmar, Sri Lanka, Haiti, den Philippinen und Nepal.<\/p>\n<p><strong>Handelt es sich um einen milit\u00e4rischen Orden?<\/strong><\/p>\n<p>Der Orden wurde zum Schutz von Pilgern und Kranken zu einem milit\u00e4rischen Ritterorden und um die christlichen Gebiete im Hl. Land zu verteidigen. Mit dem Verlust der Insel Malta (1798) wurde diese milit\u00e4rische Funktion aufgegeben. Geblieben ist heute die ritterliche Tradition.<\/p>\n<p><strong>Wie finanziert der Orden seine Aktivit\u00e4ten?<\/strong><\/p>\n<p>Die Aktivit\u00e4ten des Ordens werden je nach Land, Art des Projektes und den jeweiligen Umst\u00e4nden durch Spenden der Mitglieder sowie private und \u00f6ffentliche Zuwendungen finanziert.<\/p>\n<p>Die Finanzierung von Krankenh\u00e4user und medizinischen Aktivit\u00e4ten ist in der Regel durch entsprechende Vereinbarungen mit den nationalen Gesundheitssystemen abgesichert. Gleiches gilt weitgehend auch f\u00fcr die Hilfs- und Rettungsdienste.<\/p>\n<p>In den Entwicklungsl\u00e4ndern werden die Aktivit\u00e4ten h\u00e4ufig von Regierungen, der Europ\u00e4ischen Kommission und anderen internationalen Organisationen unterst\u00fctzt. Die Finanzierung wird auch durch Schenkungen und die Hilfe von F\u00f6rderern m\u00f6glich, die auf diese Weise die Aktivit\u00e4ten des Ordens unterst\u00fctzen.<\/p>\n<p><strong>Wer regiert den Malteserorden?<\/strong><\/p>\n<p>Die Regierung des Souver\u00e4nen Malteserordens ist \u00e4hnlich strukturiert wie eine Staatsregierung. Allerdings beinhaltet sie auch die typischen Merkmale eines religi\u00f6sen Laienordens sowie eine spezielle Terminologie, die in neun Jahrhunderten Geschichte entstanden ist.<\/p>\n<p>An der Spitze des Souver\u00e4nen Malteserordens steht der Gro\u00dfmeister.\u00a0Der Gro\u00dfmeister wird auf Lebenszeit gew\u00e4hlt, ist gleichzeitig\u00a0Souver\u00e4n und religi\u00f6ses Oberhaupt des Malteserordens; er f\u00fchrt den Vorsitz\u00a0im Souver\u00e4nen Rat.<\/p>\n<p>Die \u00fcbrigen Mitglieder des\u00a0Souver\u00e4nen Rates\u00a0werden f\u00fcr einen Zeitraum von f\u00fcnf Jahren gew\u00e4hlt. Der Souver\u00e4ne Rat besteht neben dem Gro\u00dfmeister aus dem Gro\u00dfkomtur (dem religi\u00f6sen Oberhaupt der Mitglieder mit Ordensgel\u00fcbde), dem Gro\u00dfkanzler (Au\u00dfen- und Innenminister), dem Gro\u00dfhospitalier (Minister f\u00fcr Gesundheitswesen und Internationale Kooperation) und dem Rezeptor des Gemeinsamen Schatzamtes (Finanzminister).<\/p>\n<p>Sie werden mit sechs weiteren Mitgliedern vom Generalkapitel gew\u00e4hlt werden. Leben und Aktivit\u00e4t des Ordens werden bestimmt von der Verfassung und vom Kodex.<\/p>\n<p><strong>Wie bet\u00e4tigt sich der Orden diplomatisch?<\/strong><\/p>\n<p>Der Souver\u00e4ne Malteserorden ist ein internationales V\u00f6lkerrechtssubjekt, das als Institution Souver\u00e4nit\u00e4t besitzt und von \u00fcber 100 L\u00e4ndern und der Europ\u00e4ischen Union, mit denen der Orden diplomatische Beziehungen pflegt, anerkannt wird.<\/p>\n<p>Er unterh\u00e4lt st\u00e4ndige Beobachtermissionen bei den Vereinten Nationen (New York, Genf, Paris, Wien, Rom, Nairobi, Bangkok) und den wichtigen internationalen Organisationen. Seine diplomatischen Beziehungen erm\u00f6glichen es dem Orden, bei Naturkatastrophen und bewaffneten Konflikten rasch und effizient humanit\u00e4re Hilfe zu leisten.<\/p>\n<p>Seine Neutralit\u00e4t, Unparteilichkeit und seine unpolitische Ausrichtung erm\u00f6glicht es ihm, als Vermittler einzugreifen, wenn Staaten dies zur Beilegung von Konflikten w\u00fcnschen.<\/p>\n<p><strong>Ist der Malteserorden ein Ritterorden?<\/strong><\/p>\n<p>W\u00e4hrend in fr\u00fcheren Zeiten viele Ordensmitglieder zur Aristokratie geh\u00f6rten, so bekennt sich der Orden heute haupts\u00e4chlich zu adeliger Gesinnung und Integrit\u00e4t. Adel in diesem tieferen Sinne bedeutet: mehr Verantwortung zu tragen als andere.<\/p>\n<p>Diese Einstellung wird in sozialer Verantwortung und Loyalit\u00e4t zum katholischen Glauben und der Kirche praktiziert und ist verkn\u00fcpft mit der Lebenseinstellung, die christliche Tradition zu wahren und Menschen in Not zu helfen.<\/p>\n<p>Heute stammt die Mehrheit der Ordensmitglieder nicht mehr aus den alten Adelsfamilien, sondern wird aufgrund von Verdiensten f\u00fcr die Kirche und den Malteserorden zugelassen.<\/p>\n<p><strong>Wo befindet sich der Sitz des Ordens?<\/strong><\/p>\n<p>Der Malteserorden lie\u00df sich im Jahre 1834 dauerhaft in Rom, Italien, nieder. Seine beiden institutionellen Vertretungen, denen Exterritorialit\u00e4t garantiert ist, sind der Magistralpalast in der Via dei Condotti \u2013 wo der Gro\u00dfmeister residiert und die Ordensregierung tagt \u2013 und die Magistralvilla auf dem Aventin. Hier befindet sich das Gro\u00dfpriorat von Rom, die altehrw\u00fcrdige Einrichtung f\u00fcr die Ordensmitglieder in Mittelitalien, sowie die Botschaft des Ordens beim italienischen Staat.<\/p>\n","protected":false},"excerpt":{"rendered":"<p>Was ist der Souver\u00e4ne Malteserorden? Der Souver\u00e4ne Ritter- und Hospitalorden vom Hl. Johannes zu Jerusalem von Rhodos und von Malta wurde im 11.Jh. in Jerusalem gegr\u00fcndet und ist einer der \u00e4ltesten religi\u00f6sen Orden der Katholischen Kirche und ein souver\u00e4nes V\u00f6lkerrechtssubjekt. Getreu seiner jahrhundertealten Tradition, den Hilfsbed\u00fcrftigen und Kranken zu dienen, betreibt der Orden medizinische, soziale [&hellip;]<\/p>\n","protected":false},"author":1,"featured_media":0,"parent":0,"menu_order":0,"comment_status":"closed","ping_status":"closed","template":"template-rsidebar.php","meta":{"inline_featured_image":false,"footnotes":"","_links_to":"","_links_to_target":""},"class_list":["post-1101","page","type-page","status-publish","hentry"],"_links":{"self":[{"href":"https:\/\/ordredemaltesuisse.org\/de\/wp-json\/wp\/v2\/pages\/1101","targetHints":{"allow":["GET"]}}],"collection":[{"href":"https:\/\/ordredemaltesuisse.org\/de\/wp-json\/wp\/v2\/pages"}],"about":[{"href":"https:\/\/ordredemaltesuisse.org\/de\/wp-json\/wp\/v2\/types\/page"}],"author":[{"embeddable":true,"href":"https:\/\/ordredemaltesuisse.org\/de\/wp-json\/wp\/v2\/users\/1"}],"replies":[{"embeddable":true,"href":"https:\/\/ordredemaltesuisse.org\/de\/wp-json\/wp\/v2\/comments?post=1101"}],"version-history":[{"count":0,"href":"https:\/\/ordredemaltesuisse.org\/de\/wp-json\/wp\/v2\/pages\/1101\/revisions"}],"wp:attachment":[{"href":"https:\/\/ordredemaltesuisse.org\/de\/wp-json\/wp\/v2\/media?parent=1101"}],"curies":[{"name":"wp","href":"https:\/\/api.w.org\/{rel}","templated":true}]}}