{"id":1117,"date":"2017-02-09T10:21:12","date_gmt":"2017-02-09T09:21:12","guid":{"rendered":"https:\/\/ordredemaltesuisse.org\/\/donations\/"},"modified":"2026-02-19T09:19:50","modified_gmt":"2026-02-19T08:19:50","slug":"spenden","status":"publish","type":"page","link":"https:\/\/ordredemaltesuisse.org\/de\/spenden\/","title":{"rendered":"Spenden"},"content":{"rendered":"<h2>Spenden<\/h2>\n<p>Die Mitglieder des Malteser Ordens und des Malteser Hospitaldienstes arbeiten ehrenamtlich. Wir danken Ihnen herzlich f\u00fcr jede Spende. Jede Spende wird verdankt. Ferner erhalten Sie f\u00fcr Steuerzwecke eine Spendenbescheinigung per Post.<\/p>\n<p>Sie k\u00f6nnen Ihre Spende direkt einem Werk des Malteserordens Schweiz oder der Stiftung FONDAHOM zukommen lassen. Wir danken Ihnen f\u00fcr Ihren Vermerk, welches Projekt sie mit ihrer Spende unterst\u00fctzen m\u00f6chten.<\/p>\n<h4><strong>Zugunsten der Stiftung der Helvetischen Assoziation:<\/strong><\/h4>\n<table style=\"border-collapse: collapse;width: 100%;height: 714px\">\n<tbody>\n<tr style=\"height: 24px\">\n<td style=\"width: 50%;height: 24px\"><strong>Fondation de l\u2019Association Helv\u00e9tique de l\u2019Ordre de Malte<\/strong> \u2028(FONDAHOM) &#8211; 1700 Fribourg<\/td>\n<td style=\"width: 50%;height: 24px\">IBAN f\u00fcr CHF:\u00a0CH26 0026 0260 3830 4040 R<\/td>\n<\/tr>\n<tr style=\"height: 24px\">\n<td style=\"width: 50%;height: 24px\"><\/td>\n<td style=\"width: 50%;height: 24px\">IBAN f\u00fcr EUR:\u00a0CH21 0026 0260 3830 4041 H<\/td>\n<\/tr>\n<tr style=\"height: 24px\">\n<td style=\"width: 50%;height: 24px\"><\/td>\n<td style=\"width: 50%;height: 24px\">BIC:\u00a0UBSWCHZH80A<\/td>\n<\/tr>\n<tr style=\"height: 24px\">\n<td style=\"width: 50%;height: 24px\"><\/td>\n<td style=\"width: 50%;height: 24px\">Zweck : Zum Beispiel \u00a0Malteser International, Todesfall &#8230;<\/td>\n<\/tr>\n<tr style=\"height: 24px\">\n<td style=\"width: 50%;height: 24px\"><\/td>\n<td style=\"width: 50%;height: 24px\"><\/td>\n<\/tr>\n<tr style=\"height: 71px\">\n<td style=\"width: 50%;height: 71px\" colspan=\"2\">\n<h4><strong>Zugunsten eines Werkes des Malteserordens Schweiz:<\/strong><\/h4>\n<\/td>\n<\/tr>\n<tr style=\"height: 24px\">\n<td style=\"width: 50%;height: 24px\"><strong>Malteser Hospitaldienst Schweiz, Bern <\/strong>(Hospitaller Service)<\/td>\n<td style=\"width: 50%;height: 24px\">IBAN:\u00a0CH77 0900 0000 3003 6100 6<\/td>\n<\/tr>\n<tr style=\"height: 24px\">\n<td style=\"width: 50%;height: 24px\"><\/td>\n<td style=\"width: 50%;height: 24px\">BIC: POFICHBEXXX<\/td>\n<\/tr>\n<tr style=\"height: 24px\">\n<td style=\"width: 50%;height: 24px\"><\/td>\n<td style=\"width: 50%;height: 24px\">PC :\u00a030-36100-6<\/td>\n<\/tr>\n<tr style=\"height: 24px\">\n<td style=\"width: 50%;height: 24px\"><\/td>\n<td style=\"width: 50%;height: 24px\"><\/td>\n<\/tr>\n<tr style=\"height: 29px\">\n<td style=\"width: 50%;height: 29px\"><strong>\u00a0<\/strong><\/td>\n<td style=\"width: 50%;height: 29px\"><em>\u00a0<\/em><\/td>\n<\/tr>\n<tr style=\"height: 24px\">\n<td style=\"width: 50%;height: 24px\"><strong>Johanniter-Malteser Stiftung Aide &amp; Assistance<\/strong><\/td>\n<td style=\"width: 50%;height: 24px\">IBAN:\u00a0CH23 8080 8002 1342 9990 5<\/td>\n<\/tr>\n<tr style=\"height: 24px\">\n<td style=\"width: 50%;height: 24px\"><\/td>\n<td style=\"width: 50%;height: 24px\">BIC:\u00a0RAIFCH22905<\/td>\n<\/tr>\n<tr style=\"height: 24px\">\n<td style=\"width: 50%;height: 24px\"><\/td>\n<td style=\"width: 50%;height: 24px\">PC:\u00a017-692-8<\/td>\n<\/tr>\n<tr style=\"height: 24px\">\n<td style=\"width: 50%;height: 24px\"><\/td>\n<td style=\"width: 50%;height: 24px\"><\/td>\n<\/tr>\n<tr style=\"height: 24px\">\n<td style=\"width: 50%;height: 24px\"><\/td>\n<td style=\"width: 50%;height: 24px\"><\/td>\n<\/tr>\n<tr style=\"height: 24px\">\n<td style=\"width: 50%;height: 24px\"><strong>Fondation CIOMAL de l\u2019Ordre de Malte<\/strong><\/td>\n<td style=\"width: 50%;height: 24px\">IBAN: CH 16 0900 0000 1201 3717 1<\/td>\n<\/tr>\n<tr style=\"height: 24px\">\n<td style=\"width: 50%;height: 24px\"><\/td>\n<td style=\"width: 50%;height: 24px\">BIC: POFICHBE<\/td>\n<\/tr>\n<tr style=\"height: 24px\">\n<td style=\"width: 50%;height: 24px\"><\/td>\n<td style=\"width: 50%;height: 24px\">PC: 12-13717-1<\/td>\n<\/tr>\n<\/tbody>\n<\/table>\n<dl>\n<dt><\/dt>\n<dd><\/dd>\n<\/dl>\n<dl>\n<dd><\/dd>\n<\/dl>\n","protected":false},"excerpt":{"rendered":"<p>Spenden Die Mitglieder des Malteser Ordens und des Malteser Hospitaldienstes arbeiten ehrenamtlich. Wir danken Ihnen herzlich f\u00fcr jede Spende. Jede Spende wird verdankt. Ferner erhalten Sie f\u00fcr Steuerzwecke eine Spendenbescheinigung per Post. Sie k\u00f6nnen Ihre Spende direkt einem Werk des Malteserordens Schweiz oder der Stiftung FONDAHOM zukommen lassen. Wir danken Ihnen f\u00fcr Ihren Vermerk, welches [&hellip;]<\/p>\n","protected":false},"author":1,"featured_media":0,"parent":0,"menu_order":0,"comment_status":"closed","ping_status":"closed","template":"template-rsidebar.php","meta":{"inline_featured_image":false,"footnotes":"","_links_to":"","_links_to_target":""},"class_list":["post-1117","page","type-page","status-publish","hentry"],"_links":{"self":[{"href":"https:\/\/ordredemaltesuisse.org\/de\/wp-json\/wp\/v2\/pages\/1117","targetHints":{"allow":["GET"]}}],"collection":[{"href":"https:\/\/ordredemaltesuisse.org\/de\/wp-json\/wp\/v2\/pages"}],"about":[{"href":"https:\/\/ordredemaltesuisse.org\/de\/wp-json\/wp\/v2\/types\/page"}],"author":[{"embeddable":true,"href":"https:\/\/ordredemaltesuisse.org\/de\/wp-json\/wp\/v2\/users\/1"}],"replies":[{"embeddable":true,"href":"https:\/\/ordredemaltesuisse.org\/de\/wp-json\/wp\/v2\/comments?post=1117"}],"version-history":[{"count":27,"href":"https:\/\/ordredemaltesuisse.org\/de\/wp-json\/wp\/v2\/pages\/1117\/revisions"}],"predecessor-version":[{"id":7773,"href":"https:\/\/ordredemaltesuisse.org\/de\/wp-json\/wp\/v2\/pages\/1117\/revisions\/7773"}],"wp:attachment":[{"href":"https:\/\/ordredemaltesuisse.org\/de\/wp-json\/wp\/v2\/media?parent=1117"}],"curies":[{"name":"wp","href":"https:\/\/api.w.org\/{rel}","templated":true}]}}