{"id":1148,"date":"2017-03-09T15:05:54","date_gmt":"2017-03-09T14:05:54","guid":{"rendered":"https:\/\/ordredemaltesuisse.org\/\/humanitaere-medizinische-hilfe\/hospitaller-service-switzerland\/"},"modified":"2017-05-20T06:32:37","modified_gmt":"2017-05-20T04:32:37","slug":"hospitaldienst-schweiz","status":"publish","type":"page","link":"https:\/\/ordredemaltesuisse.org\/de\/humanitaere-medizinische-hilfe\/hospitaldienst-schweiz\/","title":{"rendered":"Hospitaldienst Schweiz"},"content":{"rendered":"<h2>Malteser Hospitaldienst Schweiz<\/h2>\n<p><img loading=\"lazy\" decoding=\"async\" class=\"alignnone wp-image-1293 size-large\" src=\"https:\/\/ordredemaltesuisse.org\/wp-content\/uploads\/sites\/3\/2017\/05\/hospitaller-schweiz-627x470.jpeg\" alt=\"\" width=\"627\" height=\"470\" srcset=\"https:\/\/ordredemaltesuisse.org\/wp-content\/uploads\/sites\/3\/2017\/05\/hospitaller-schweiz-627x470.jpeg 627w, https:\/\/ordredemaltesuisse.org\/wp-content\/uploads\/sites\/3\/2017\/05\/hospitaller-schweiz-269x202.jpeg 269w, https:\/\/ordredemaltesuisse.org\/wp-content\/uploads\/sites\/3\/2017\/05\/hospitaller-schweiz-768x576.jpeg 768w, https:\/\/ordredemaltesuisse.org\/wp-content\/uploads\/sites\/3\/2017\/05\/hospitaller-schweiz.jpeg 940w\" sizes=\"auto, (max-width: 627px) 100vw, 627px\" \/><\/p>\n<p><strong>Ihr Glaube in Bewegung<\/strong><\/p>\n<p>Der Malteser Hospitaldienst Schweiz ist ein karitatives Hilfswerk der Helvetischen Assoziation des Malteser Ordens.<\/p>\n<p>Er wurde 1974 gegr\u00fcndet und vereint \u00fcber 900 Mitglieder als Freiwillige und Sympathisanten. Sie stehen alle im Dienste der Kranken und \u00c4rmsten. Im Sinn und Geist des Ordens erf\u00fcllen die Mitglieder die Mission des &#8220;Obsequium pauperum&#8221;, d.h. sie begleiten und unterst\u00fctzen in ihrem Umfeld ehrenamtlich als Christen Benachteiligte, Kranke und Behinderte, unabh\u00e4ngig von deren Herkunft und Glauben.<\/p>\n<p>Aufgeteilt in 14 Sektionen organisieren die Mitglieder den lokalen Bed\u00fcrfnissen entsprechende Aktivit\u00e4ten.<\/p>\n<p><a href=\"http:\/\/www.shoms.ch\/\" target=\"_blank\" rel=\"noopener noreferrer\">www.shoms.ch<\/a><\/p>\n","protected":false},"excerpt":{"rendered":"<p>Malteser Hospitaldienst Schweiz Ihr Glaube in Bewegung Der Malteser Hospitaldienst Schweiz ist ein karitatives Hilfswerk der Helvetischen Assoziation des Malteser Ordens. Er wurde 1974 gegr\u00fcndet und vereint \u00fcber 900 Mitglieder als Freiwillige und Sympathisanten. Sie stehen alle im Dienste der Kranken und \u00c4rmsten. Im Sinn und Geist des Ordens erf\u00fcllen die Mitglieder die Mission des [&hellip;]<\/p>\n","protected":false},"author":1,"featured_media":0,"parent":1057,"menu_order":0,"comment_status":"closed","ping_status":"closed","template":"template-rsidebar.php","meta":{"inline_featured_image":false,"footnotes":"","_links_to":"","_links_to_target":""},"class_list":["post-1148","page","type-page","status-publish","hentry"],"_links":{"self":[{"href":"https:\/\/ordredemaltesuisse.org\/de\/wp-json\/wp\/v2\/pages\/1148","targetHints":{"allow":["GET"]}}],"collection":[{"href":"https:\/\/ordredemaltesuisse.org\/de\/wp-json\/wp\/v2\/pages"}],"about":[{"href":"https:\/\/ordredemaltesuisse.org\/de\/wp-json\/wp\/v2\/types\/page"}],"author":[{"embeddable":true,"href":"https:\/\/ordredemaltesuisse.org\/de\/wp-json\/wp\/v2\/users\/1"}],"replies":[{"embeddable":true,"href":"https:\/\/ordredemaltesuisse.org\/de\/wp-json\/wp\/v2\/comments?post=1148"}],"version-history":[{"count":0,"href":"https:\/\/ordredemaltesuisse.org\/de\/wp-json\/wp\/v2\/pages\/1148\/revisions"}],"up":[{"embeddable":true,"href":"https:\/\/ordredemaltesuisse.org\/de\/wp-json\/wp\/v2\/pages\/1057"}],"wp:attachment":[{"href":"https:\/\/ordredemaltesuisse.org\/de\/wp-json\/wp\/v2\/media?parent=1148"}],"curies":[{"name":"wp","href":"https:\/\/api.w.org\/{rel}","templated":true}]}}