{"id":1166,"date":"2017-01-30T15:56:20","date_gmt":"2017-01-30T14:56:20","guid":{"rendered":"https:\/\/ordredemaltesuisse.org\/\/humanitaere-medizinische-hilfe\/foundation-help-and-assistance\/"},"modified":"2025-03-21T11:10:05","modified_gmt":"2025-03-21T10:10:05","slug":"stiftung-hilfe-und-beistand","status":"publish","type":"page","link":"https:\/\/ordredemaltesuisse.org\/de\/humanitaere-medizinische-hilfe\/stiftung-hilfe-und-beistand\/","title":{"rendered":"Die Johanniter-Malteser Stiftung Aide &#038; Assistance"},"content":{"rendered":"<h2>Die Johanniter-Malteser Stiftung Aide &#038; Assistance<\/h2>\n<p><img loading=\"lazy\" decoding=\"async\" class=\"alignnone wp-image-1281 size-full\" src=\"https:\/\/ordredemaltesuisse.org\/wp-content\/uploads\/sites\/3\/2025\/03\/027b7e_4d11182d9dc5412799a98716d50dcd90mv2.jpg\" alt=\"\" width=\"680\" height=\"400\" style=\"width: 100%; height: auto\"\/><\/p>\n<p>Die Johanniter-Malteser Stiftung Aide &#038; Assistance sammelt, konfektioniert und verschickt gebrauchst\u00fcchtiges Spitalmobiliar und andere Hilfsg\u00fcter an bed\u00fcrftige Institutionen in der ganzen Welt. Vor Ort wird die Auslieferung von ihren internationalen Partnern \u00fcberwacht, welche auch sicherstellen, dass die Hilfsg\u00fcter dort Verwendung finden, wo sie am drin- gendsten ben\u00f6tigt werden. Von dieser Nothilfe profitieren j\u00e4hrlich tausende Kinder und Erwachsene.<br \/>\n<a href=\"https:\/\/aide-assistance.ch\" target=\"_blank\" rel=\"noopener noreferrer\">https:\/\/aide-assistance.ch<\/a><\/p>\n","protected":false},"excerpt":{"rendered":"<p>Die Johanniter-Malteser Stiftung Aide &#038; Assistance Die Johanniter-Malteser Stiftung Aide &#038; Assistance sammelt, konfektioniert und verschickt gebrauchst\u00fcchtiges Spitalmobiliar und andere Hilfsg\u00fcter an bed\u00fcrftige Institutionen in der ganzen Welt. Vor Ort wird die Auslieferung von ihren internationalen Partnern \u00fcberwacht, welche auch sicherstellen, dass die Hilfsg\u00fcter dort Verwendung finden, wo sie am drin- gendsten ben\u00f6tigt werden. Von [&hellip;]<\/p>\n","protected":false},"author":1,"featured_media":0,"parent":1057,"menu_order":0,"comment_status":"closed","ping_status":"closed","template":"template-rsidebar.php","meta":{"inline_featured_image":false,"footnotes":"","_links_to":"","_links_to_target":""},"class_list":["post-1166","page","type-page","status-publish","hentry"],"_links":{"self":[{"href":"https:\/\/ordredemaltesuisse.org\/de\/wp-json\/wp\/v2\/pages\/1166","targetHints":{"allow":["GET"]}}],"collection":[{"href":"https:\/\/ordredemaltesuisse.org\/de\/wp-json\/wp\/v2\/pages"}],"about":[{"href":"https:\/\/ordredemaltesuisse.org\/de\/wp-json\/wp\/v2\/types\/page"}],"author":[{"embeddable":true,"href":"https:\/\/ordredemaltesuisse.org\/de\/wp-json\/wp\/v2\/users\/1"}],"replies":[{"embeddable":true,"href":"https:\/\/ordredemaltesuisse.org\/de\/wp-json\/wp\/v2\/comments?post=1166"}],"version-history":[{"count":5,"href":"https:\/\/ordredemaltesuisse.org\/de\/wp-json\/wp\/v2\/pages\/1166\/revisions"}],"predecessor-version":[{"id":6947,"href":"https:\/\/ordredemaltesuisse.org\/de\/wp-json\/wp\/v2\/pages\/1166\/revisions\/6947"}],"up":[{"embeddable":true,"href":"https:\/\/ordredemaltesuisse.org\/de\/wp-json\/wp\/v2\/pages\/1057"}],"wp:attachment":[{"href":"https:\/\/ordredemaltesuisse.org\/de\/wp-json\/wp\/v2\/media?parent=1166"}],"curies":[{"name":"wp","href":"https:\/\/api.w.org\/{rel}","templated":true}]}}