{"id":1177,"date":"2017-02-10T13:25:51","date_gmt":"2017-02-10T12:25:51","guid":{"rendered":"https:\/\/ordredemaltesuisse.org\/\/foundation-of-ciomal-2\/"},"modified":"2017-05-20T06:36:24","modified_gmt":"2017-05-20T04:36:24","slug":"stiftung-ciomal","status":"publish","type":"page","link":"https:\/\/ordredemaltesuisse.org\/de\/humanitaere-medizinische-hilfe\/stiftung-ciomal\/","title":{"rendered":"Stiftung CIOMAL"},"content":{"rendered":"<h2>Compagne international de l\u2019Ordre de Malte contre la l\u00e8pre (CIOMAL)<\/h2>\n<p><img loading=\"lazy\" decoding=\"async\" class=\"alignnone wp-image-401 size-full\" src=\"https:\/\/ordredemaltesuisse.org\/wp-content\/uploads\/sites\/3\/2017\/02\/phpThumb_generated_thumbnail-e1495254922588.jpg\" alt=\"\" width=\"680\" height=\"400\" \/><\/p>\n<p>Lepra ist eine \u201eKrankheit der Armut\u201c, welche geheilt werden kann. Bis in unsere Zeit stigmatisiert, tritt Lepra in Verh\u00e4ltnissen extremer Armut \u2013 infolge Unterern\u00e4hrung, \u00dcberbev\u00f6lkerung oder fehlender Hygiene &#8211; auf. W\u00e4hrend der letzten 50 Jahre k\u00e4mpfte der Malteserorden gegen diese Krankheit mittels Pflege der Betroffenen wie auch gezielter Massnahmen zur Ausrottung der Lepra.<\/p>\n<p>CIOMAL (Campagne Internationale de l\u2019Ordre de Malte contre la l\u00e8pre) ist eine 1999 gegr\u00fcndete Stiftung, Nachfolgerin des 1958 gegr\u00fcndeten Comit\u00e9 International de l\u2019Ordre de Malte contre la l\u00e8pre. Sie bezweckt den Kampf gegen die Lepra und dem mit dieser Krankheit oder deren Folgen verbundenen Ausschluss der Betroffenen aus der Gesellschaft.<\/p>\n<p>CIOMAL finanziert und leitet in Absprache mit den betroffenen Regierungen zahlreiche Zentren f\u00fcr Pr\u00e4vention, medizinische Versorgung, soziale Rehabilitation sowie Ausbildung des Pflegepersonals. Der Malteserorden ist im Bereich Lepra weltweit in 48 L\u00e4ndern t\u00e4tig, vorzugsweise in Kambodscha, in Afrika, S\u00fcd-Amerika und S\u00fcd-Ost Asien.<\/p>\n<p><a href=\"http:\/\/www.ciomal.ch\/\" target=\"_blank\" rel=\"noopener noreferrer\">www.ciomal.ch<\/a><\/p>\n","protected":false},"excerpt":{"rendered":"<p>Compagne international de l\u2019Ordre de Malte contre la l\u00e8pre (CIOMAL) Lepra ist eine \u201eKrankheit der Armut\u201c, welche geheilt werden kann. Bis in unsere Zeit stigmatisiert, tritt Lepra in Verh\u00e4ltnissen extremer Armut \u2013 infolge Unterern\u00e4hrung, \u00dcberbev\u00f6lkerung oder fehlender Hygiene &#8211; auf. W\u00e4hrend der letzten 50 Jahre k\u00e4mpfte der Malteserorden gegen diese Krankheit mittels Pflege der Betroffenen [&hellip;]<\/p>\n","protected":false},"author":1,"featured_media":0,"parent":1057,"menu_order":0,"comment_status":"closed","ping_status":"closed","template":"template-rsidebar.php","meta":{"inline_featured_image":false,"footnotes":"","_links_to":"","_links_to_target":""},"class_list":["post-1177","page","type-page","status-publish","hentry"],"_links":{"self":[{"href":"https:\/\/ordredemaltesuisse.org\/de\/wp-json\/wp\/v2\/pages\/1177","targetHints":{"allow":["GET"]}}],"collection":[{"href":"https:\/\/ordredemaltesuisse.org\/de\/wp-json\/wp\/v2\/pages"}],"about":[{"href":"https:\/\/ordredemaltesuisse.org\/de\/wp-json\/wp\/v2\/types\/page"}],"author":[{"embeddable":true,"href":"https:\/\/ordredemaltesuisse.org\/de\/wp-json\/wp\/v2\/users\/1"}],"replies":[{"embeddable":true,"href":"https:\/\/ordredemaltesuisse.org\/de\/wp-json\/wp\/v2\/comments?post=1177"}],"version-history":[{"count":0,"href":"https:\/\/ordredemaltesuisse.org\/de\/wp-json\/wp\/v2\/pages\/1177\/revisions"}],"up":[{"embeddable":true,"href":"https:\/\/ordredemaltesuisse.org\/de\/wp-json\/wp\/v2\/pages\/1057"}],"wp:attachment":[{"href":"https:\/\/ordredemaltesuisse.org\/de\/wp-json\/wp\/v2\/media?parent=1177"}],"curies":[{"name":"wp","href":"https:\/\/api.w.org\/{rel}","templated":true}]}}