{"id":1235,"date":"2017-02-10T13:39:32","date_gmt":"2017-02-10T12:39:32","guid":{"rendered":"https:\/\/ordredemaltesuisse.org\/\/holy-family-hospital\/"},"modified":"2026-03-16T11:56:46","modified_gmt":"2026-03-16T10:56:46","slug":"holy-family-hospital","status":"publish","type":"page","link":"https:\/\/ordredemaltesuisse.org\/de\/humanitaere-medizinische-hilfe\/holy-family-hospital\/","title":{"rendered":"Holy Family Hospital Bethlehem"},"content":{"rendered":"<h2>Holy Family Hospital<br \/>Bethlehem<\/h2>\n<p><img loading=\"lazy\" decoding=\"async\" class=\"alignnone wp-image-1289 size-full\" src=\"https:\/\/ordredemaltesuisse.org\/wp-content\/uploads\/sites\/3\/2017\/05\/Holy-Family-Hospital-e1495255116645.jpg\" alt=\"\" width=\"680\" height=\"400\" \/><\/p>\n<p>Das <strong>Holy Family Hospital Bethlehem<\/strong> ist eine grosse und moderne Geburtsklinik, die die Familien der ganzen Region Bethlehem versorgt, mit \u00fcber 3\u2019500 Geburten im Jahr. Die einzige Neugeborenen-Intensivstation der Gegend hat sicher schon unz\u00e4hligen viel zu fr\u00fch geborenen Babys das Leben gerettet.<\/p>\n<p>Das HFH braucht unser aller Unterst\u00fctzung dieses Jahr besonders dringend, da durch den Krieg in Gaza auch im Westjordanland grosse Not herrscht. Der \u201ePoor Case Fund\u201c muss f\u00fcr immer mehr Familien die kompletten Behandlungskosten \u00fcbernehmen, damit weiterhin wirklich jede bed\u00fcrftige Mutter sicher aufgenommen werden kann, unabh\u00e4ngig von Herkunft, Religion oder Verm\u00f6gen.<\/p>\n<dl>\n<dd><\/dd>\n<\/dl>\n<p><a href=\"http:\/\/www.holyfamilyhospital-bethlehem.org\/\" target=\"_blank\" rel=\"noopener noreferrer\">www.holyfamilyhospital-bethlehem.org<\/a><\/p>\n<p><strong>SPENDEN<\/strong><\/p>\n<p>Mit Ihrer Spende erm\u00f6glichen Sie:<\/p>\n<p>CHF 100.- f\u00fcr medizinische Konsultationen bei einer problemfreien Schwangerschaft<br \/>CHF 400.- f\u00fcr eine komplikationsfreie Geburt<br \/>CHF 450.- f\u00fcr einen Tag in der Notaufnahme eines Neugeborenen<br \/>CHF 1&#8217;000.- f\u00fcr das monatliche Gehalt einer Krankenschwester\/Geburtshelferin<br \/>CHF 1&#8217;500.- f\u00fcr den Einsatz der mobilen Klinik f\u00fcr eine Woche<\/p>\n<dl>\n<dt>Bankverbindung<\/dt>\n<dd>FONDAHOM, 1700 Fribourg<\/dd>\n<dt>Vermerk<\/dt>\n<dd>&#8220;Holy Family Hospital Bethlehem&#8221;<\/dd>\n<dt>IBAN<\/dt>\n<dd>CH85 0026 0260 3830 4044 K<\/dd>\n<dt>BIC<\/dt>\n<dd>UBSWCHZH80A<\/dd>\n<\/dl>\n\n\n<\/p>\n<p><a href=\"https:\/\/ordredemaltesuisse.org\/wp-content\/uploads\/sites\/3\/2025\/09\/HFH2025_Flyer_I.pdf\" target=\"_blank\" rel=\"noreferrer noopener\">Flyer Italiano<\/a><\/p>\n<p>\n\n\n\n<\/p>\n<p><a href=\"https:\/\/ordredemaltesuisse.org\/wp-content\/uploads\/sites\/3\/2025\/09\/HFH2025_Flyer_F.pdf\" target=\"_blank\" rel=\"noreferrer noopener\">Flyer Francais<\/a><\/p>\n<p>\n\n\n<p><a href=\"https:\/\/ordredemaltesuisse.org\/wp-content\/uploads\/sites\/3\/2025\/09\/HFH2025_Flyer_D.pdf\" target=\"_blank\" rel=\"noreferrer noopener\">Flyer Deutsch<\/a><\/p>\n<dl>\n<dd><\/dd>\n<\/dl>\n<div>\u00a0<\/div>\n<div class=\"\"><b class=\"\"><span class=\"\">WOHLT\u00c4TIGKEITSABEND IN Z\u00dcRICH<\/span><\/b><\/div>\n<div class=\"\">\u00a0<\/div>\n<div class=\"\">\n<div class=\"\">Schon seit 1989 wird das\u00a0HFH Bethlehem\u00a0durch den Malteserorden geleitet und vor allem durch Spenden aus aller Welt finanziert. Die Schweiz organisiert jedes Jahr einen grossen Wohlt\u00e4tigkeitsabend und spendet den ganzen Erl\u00f6s direkt nach Bethlehem.\u00a0<\/div>\n<\/div>\n<div class=\"\">\u00a0<\/div>\n<div class=\"\">Der n\u00e4chste Wohlt\u00e4tigkeitsabend in Z\u00fcrich findet statt am Mittwoch, dem 28. Oktober 2026.<\/div>\n<div>\u00a0<\/div>\n<p>F\u00fcr alle Fragen zur Teilnahme und Sponsoring wenden Sie sich bitte an <a href=\"m&#97;&#105;&#108;&#x74;&#x6f;&#x3a;ch&#97;&#114;&#x69;&#x74;&#x79;&#x40;or&#100;&#114;&#x65;&#x64;&#x65;&#x6d;a&#108;&#116;&#101;&#x73;&#x75;&#x69;ss&#101;&#46;&#111;&#x72;&#x67;\">c&#104;&#97;&#x72;&#x69;&#x74;y&#64;&#111;&#x72;&#x64;&#x72;ed&#101;&#x6d;&#x61;&#x6c;te&#115;&#117;&#x69;&#x73;&#x73;e&#46;&#111;&#x72;&#x67;<\/a>.<\/p>\n\n\n<p><\/p>\n","protected":false},"excerpt":{"rendered":"<p>Holy Family HospitalBethlehem Das Holy Family Hospital Bethlehem ist eine grosse und moderne Geburtsklinik, die die Familien der ganzen Region Bethlehem versorgt, mit \u00fcber 3\u2019500 Geburten im Jahr. Die einzige Neugeborenen-Intensivstation der Gegend hat sicher schon unz\u00e4hligen viel zu fr\u00fch geborenen Babys das Leben gerettet. Das HFH braucht unser aller Unterst\u00fctzung dieses Jahr besonders dringend, [&hellip;]<\/p>\n","protected":false},"author":1,"featured_media":0,"parent":1057,"menu_order":0,"comment_status":"closed","ping_status":"closed","template":"template-rsidebar.php","meta":{"inline_featured_image":false,"footnotes":"","_links_to":"","_links_to_target":""},"class_list":["post-1235","page","type-page","status-publish","hentry"],"_links":{"self":[{"href":"https:\/\/ordredemaltesuisse.org\/de\/wp-json\/wp\/v2\/pages\/1235","targetHints":{"allow":["GET"]}}],"collection":[{"href":"https:\/\/ordredemaltesuisse.org\/de\/wp-json\/wp\/v2\/pages"}],"about":[{"href":"https:\/\/ordredemaltesuisse.org\/de\/wp-json\/wp\/v2\/types\/page"}],"author":[{"embeddable":true,"href":"https:\/\/ordredemaltesuisse.org\/de\/wp-json\/wp\/v2\/users\/1"}],"replies":[{"embeddable":true,"href":"https:\/\/ordredemaltesuisse.org\/de\/wp-json\/wp\/v2\/comments?post=1235"}],"version-history":[{"count":50,"href":"https:\/\/ordredemaltesuisse.org\/de\/wp-json\/wp\/v2\/pages\/1235\/revisions"}],"predecessor-version":[{"id":7802,"href":"https:\/\/ordredemaltesuisse.org\/de\/wp-json\/wp\/v2\/pages\/1235\/revisions\/7802"}],"up":[{"embeddable":true,"href":"https:\/\/ordredemaltesuisse.org\/de\/wp-json\/wp\/v2\/pages\/1057"}],"wp:attachment":[{"href":"https:\/\/ordredemaltesuisse.org\/de\/wp-json\/wp\/v2\/media?parent=1235"}],"curies":[{"name":"wp","href":"https:\/\/api.w.org\/{rel}","templated":true}]}}