{"id":1246,"date":"2017-02-10T13:48:27","date_gmt":"2017-02-10T12:48:27","guid":{"rendered":"https:\/\/ordredemaltesuisse.org\/\/malteser-international\/"},"modified":"2017-05-13T11:32:11","modified_gmt":"2017-05-13T09:32:11","slug":"malteser-international","status":"publish","type":"page","link":"https:\/\/ordredemaltesuisse.org\/de\/humanitaere-medizinische-hilfe\/malteser-international\/","title":{"rendered":"Malteser International"},"content":{"rendered":"<h1 class=\"csc-firstHeader\">Malteser International \u2013 60 Jahre humanit\u00e4re Hilfe<\/h1>\n<div class=\"csc-textpic-text\">\n<h3>UNSERE VISION: EIN LEBEN IN GESUNDHEIT UND W\u00dcRDE F\u00dcR ALLE MENSCHEN<\/h3>\n<p>Wir sind das <b>internationale Hilfswerk des <a href=\"https:\/\/www.orderofmalta.int\/de\/\" target=\"_blank\" rel=\"noopener noreferrer\">Souver\u00e4nen Malteserordens<\/a><\/b>. Seit 60 Jahren\u00a0stehen wir weltweit Menschen bei, die von Armut, Krankheit, Konflikten und Katastrophen betroffen sind. Die christlichen Werte und humanit\u00e4ren Prinzipien bilden die Grundlage unserer Arbeit. In j\u00e4hrlich \u00fcber 100 Projekten in\u00a0mehr als 20\u00a0L\u00e4ndern Afrikas, Amerikas, Asiens und Europas helfen wir Menschen in Not \u2013 unabh\u00e4ngig von ihrer Religion, Herkunft oder politischen \u00dcberzeugung.<\/p>\n<p><iframe loading=\"lazy\" src=\"https:\/\/www.youtube.com\/embed\/25cyRHdykmY?showinfo=0\" width=\"699\" height=\"466\" frameborder=\"0\" allowfullscreen=\"allowfullscreen\"><\/iframe><\/p>\n<p>Wir leisten <a href=\"https:\/\/www.malteser-international.org\/de\/ueber-uns\/was-wir-tun\/nothilfe-im-krisenfall.html?L=0A%3D0\">Nothilfe<\/a> in Krisen, Konflikten und Naturkatastrophen. Wo immer m\u00f6glich engagieren wir uns zudem in der \u00dcbergangshilfe und bleiben in l\u00e4nger andauernden Krisen vor Ort pr\u00e4sent. Die <a href=\"https:\/\/www.malteser-international.org\/de\/ueber-uns\/was-wir-tun\/gesundheit.html?L=0A%3D0\">Gesundheit<\/a> des Menschen steht im Mittelpunkt unserer Arbeit.\u00a0Diese f\u00f6rdern wir ganzheitlich, indem wir nicht nur f\u00fcr funktionierende Gesundheitsstrukturen sorgen, sondern uns auch in den f\u00fcr die Gesundheitsvorsorge zentralen Bereichen <a href=\"https:\/\/www.malteser-international.org\/de\/ueber-uns\/was-wir-tun\/ernaehrung.html?L=0A%3D0\">Ern\u00e4hrung<\/a> sowie <a href=\"https:\/\/www.malteser-international.org\/de\/ueber-uns\/was-wir-tun\/wasser-und-hygiene.html?L=0A%3D0\">Wasser, Sanit\u00e4rversorgung und Hygiene (WASH)<\/a> f\u00fcr Verbesserungen einsetzen. Zur Vorbereitung auf zuk\u00fcnftige Krisen spielt die <a href=\"https:\/\/www.malteser-international.org\/de\/ueber-uns\/was-wir-tun\/katastrophenvorsorge.html?L=0A%3D0\">Katastrophenvorsorge<\/a> eine zunehmend wichtige Rolle in unseren Programmen.<\/p>\n<p>Bei unserer Hilfe dreht sich alles um den Menschen und seine Bed\u00fcrfnisse. Transparentes und verantwortungsvolles Handeln geh\u00f6rt zu den obersten Priorit\u00e4ten unserer Arbeit. Wir arbeiten nach anerkannten <a href=\"https:\/\/www.malteser-international.org\/de\/ueber-uns\/wie-wir-arbeiten\/qualitaet.html?L=0A%3D0\">Qualit\u00e4tsstandards<\/a> der humanit\u00e4ren Hilfe und den humanit\u00e4ren Prinzipien der Unparteilichkeit, Unabh\u00e4ngigkeit und Neutralit\u00e4t. Die einzelnen Projekte setzen wir immer orientiert am jeweiligen \u00f6rtlichen Bedarf um.<\/p>\n<p><a href=\"https:\/\/www.malteser-international.org\" target=\"_blank\" rel=\"noopener noreferrer\">www.malteser-international.org<\/a><\/p>\n<\/div>\n","protected":false},"excerpt":{"rendered":"<p>Malteser International \u2013 60 Jahre humanit\u00e4re Hilfe UNSERE VISION: EIN LEBEN IN GESUNDHEIT UND W\u00dcRDE F\u00dcR ALLE MENSCHEN Wir sind das internationale Hilfswerk des Souver\u00e4nen Malteserordens. Seit 60 Jahren\u00a0stehen wir weltweit Menschen bei, die von Armut, Krankheit, Konflikten und Katastrophen betroffen sind. Die christlichen Werte und humanit\u00e4ren Prinzipien bilden die Grundlage unserer Arbeit. In j\u00e4hrlich [&hellip;]<\/p>\n","protected":false},"author":1,"featured_media":0,"parent":1057,"menu_order":0,"comment_status":"closed","ping_status":"closed","template":"template-rsidebar.php","meta":{"inline_featured_image":false,"footnotes":"","_links_to":"","_links_to_target":""},"class_list":["post-1246","page","type-page","status-publish","hentry"],"_links":{"self":[{"href":"https:\/\/ordredemaltesuisse.org\/de\/wp-json\/wp\/v2\/pages\/1246","targetHints":{"allow":["GET"]}}],"collection":[{"href":"https:\/\/ordredemaltesuisse.org\/de\/wp-json\/wp\/v2\/pages"}],"about":[{"href":"https:\/\/ordredemaltesuisse.org\/de\/wp-json\/wp\/v2\/types\/page"}],"author":[{"embeddable":true,"href":"https:\/\/ordredemaltesuisse.org\/de\/wp-json\/wp\/v2\/users\/1"}],"replies":[{"embeddable":true,"href":"https:\/\/ordredemaltesuisse.org\/de\/wp-json\/wp\/v2\/comments?post=1246"}],"version-history":[{"count":0,"href":"https:\/\/ordredemaltesuisse.org\/de\/wp-json\/wp\/v2\/pages\/1246\/revisions"}],"up":[{"embeddable":true,"href":"https:\/\/ordredemaltesuisse.org\/de\/wp-json\/wp\/v2\/pages\/1057"}],"wp:attachment":[{"href":"https:\/\/ordredemaltesuisse.org\/de\/wp-json\/wp\/v2\/media?parent=1246"}],"curies":[{"name":"wp","href":"https:\/\/api.w.org\/{rel}","templated":true}]}}