{"id":1413,"date":"2017-05-18T16:37:26","date_gmt":"2017-05-18T14:37:26","guid":{"rendered":"https:\/\/ordredemaltesuisse.org\/?page_id=1413\/"},"modified":"2026-02-19T09:30:47","modified_gmt":"2026-02-19T08:30:47","slug":"statthalter-des-grossmeisters","status":"publish","type":"page","link":"https:\/\/ordredemaltesuisse.org\/de\/der-malteserorden\/statthalter-des-grossmeisters\/","title":{"rendered":"Statthalter des Grossmeisters"},"content":{"rendered":"<h2>Religi\u00f6ses Oberhaupt und F\u00fcrst des Malteserordens<\/h2>\n<p>Der Statthalter des Gro\u00dfmeisters wird aus den Reihen der Professritter vom Gro\u00dfen Staatsrat f\u00fcr die Dauer eines Jahres gew\u00e4hlt. Nach der Verfassung hat sich der Statthalter des Gro\u00dfmeisters als Ordensoberhaupt und Souver\u00e4n g\u00e4nzlich dem Gedeihen der Ordenswerke zu widmen und muss allen Ordensmitgliedern ein Vorbild religi\u00f6ser Pflichterf\u00fcllung sein. Der Statthalter des Gro\u00dfmeisters \u00fcbt die h\u00f6chste Amtsgewalt aus.<\/p>\n<p>Im Zusammenwirken mit dem Souver\u00e4nen Rat obliegt es dem Statthalter des Gro\u00dfmeisters, gesetzliche Regelungen zu erlassen, die nicht von der Verfassung vorgesehen sind, Regierungsakte zu verk\u00fcnden, das Schatzamt zu verwalten, internationale Vereinbarungen zu ratifizieren und das Generalkapitel einzuberufen.Die Staaten, zu denen der Orden diplomatische Beziehungen unterh\u00e4lt, r\u00e4umen dem Statthalter des Gro\u00dfmeisters die Vorrechte, die Immunit\u00e4t und Ehrenbezeugungen ein, die Staatsoberh\u00e4uptern zustehen.Der Statthalter des Gro\u00dfmeisters residiert am Sitz des Ordens, im Magistral Palast in Rom.<\/p>\n\n\n<p><\/p>\n","protected":false},"excerpt":{"rendered":"<p>Religi\u00f6ses Oberhaupt und F\u00fcrst des Malteserordens Der Statthalter des Gro\u00dfmeisters wird aus den Reihen der Professritter vom Gro\u00dfen Staatsrat f\u00fcr die Dauer eines Jahres gew\u00e4hlt. Nach der Verfassung hat sich der Statthalter des Gro\u00dfmeisters als Ordensoberhaupt und Souver\u00e4n g\u00e4nzlich dem Gedeihen der Ordenswerke zu widmen und muss allen Ordensmitgliedern ein Vorbild religi\u00f6ser Pflichterf\u00fcllung sein. Der [&hellip;]<\/p>\n","protected":false},"author":1,"featured_media":0,"parent":811,"menu_order":0,"comment_status":"closed","ping_status":"closed","template":"template-rsidebar.php","meta":{"inline_featured_image":false,"footnotes":"","_links_to":"","_links_to_target":""},"class_list":["post-1413","page","type-page","status-publish","hentry"],"_links":{"self":[{"href":"https:\/\/ordredemaltesuisse.org\/de\/wp-json\/wp\/v2\/pages\/1413","targetHints":{"allow":["GET"]}}],"collection":[{"href":"https:\/\/ordredemaltesuisse.org\/de\/wp-json\/wp\/v2\/pages"}],"about":[{"href":"https:\/\/ordredemaltesuisse.org\/de\/wp-json\/wp\/v2\/types\/page"}],"author":[{"embeddable":true,"href":"https:\/\/ordredemaltesuisse.org\/de\/wp-json\/wp\/v2\/users\/1"}],"replies":[{"embeddable":true,"href":"https:\/\/ordredemaltesuisse.org\/de\/wp-json\/wp\/v2\/comments?post=1413"}],"version-history":[{"count":4,"href":"https:\/\/ordredemaltesuisse.org\/de\/wp-json\/wp\/v2\/pages\/1413\/revisions"}],"predecessor-version":[{"id":7778,"href":"https:\/\/ordredemaltesuisse.org\/de\/wp-json\/wp\/v2\/pages\/1413\/revisions\/7778"}],"up":[{"embeddable":true,"href":"https:\/\/ordredemaltesuisse.org\/de\/wp-json\/wp\/v2\/pages\/811"}],"wp:attachment":[{"href":"https:\/\/ordredemaltesuisse.org\/de\/wp-json\/wp\/v2\/media?parent=1413"}],"curies":[{"name":"wp","href":"https:\/\/api.w.org\/{rel}","templated":true}]}}