{"id":1509,"date":"2017-06-02T16:05:08","date_gmt":"2017-06-02T14:05:08","guid":{"rendered":"https:\/\/ordredemaltesuisse.org\/\/geschichte\/les-grands-maitres\/"},"modified":"2020-12-02T12:26:36","modified_gmt":"2020-12-02T11:26:36","slug":"die-grossmeister","status":"publish","type":"page","link":"https:\/\/ordredemaltesuisse.org\/de\/geschichte\/die-grossmeister\/","title":{"rendered":"Die Gro\u00dfmeister"},"content":{"rendered":"<div class=\"gm-block\">\n<div class=\"century-bubble\">\n<h2>1100<\/h2>\n<\/div>\n<div class=\"gm-row full-w-thumb\">\n<div class=\"gm-col\">\n<h4>Erster Gro\u00dfmeister<\/h4>\n<h2>Der Selige Gerhard<\/h2>\n<p class=\"birth\">* 1040 &#8211; 1120<\/p>\n<p>Der Gr\u00fcnder und erste Gro\u00dfmeister des Ordens wurde vermutlich um 1040 in Scala, einem nahe Amalfi in S\u00fcditalien gelegenen Dorf, geboren. In der zweiten H\u00e4lfte des 11. Jahrhunderts reiste er nach Jerusalem und begann in dem Hospital in der N\u00e4he der Marienkirche zu arbeiten, das Kaufleute aus Amalfi zur Aufnahme von Pilgern und zur Behandlung von Kranken eingerichtet hatten.<\/p>\n<p>Nach einer Legende soll er im Jahr 1099 w\u00e4hrend der Belagerung von Jerusalem durch die Kreuzritter f\u00fcr diese Brot \u00fcber die Stadtmauer geworfen haben. Als er von den Muslimen deswegen eingekerkert wurde, hatte sich das Brot durch ein Wunder in Stein verwandelt.<\/p>\n<p>Zum Aufbau der von ihm gef\u00fchrten Institution wandelte der Selige Gerhard diese in einen religi\u00f6sen Orden um, der dem Heiligen Johannes dem T\u00e4ufer gewidmet ist. Am 15. Februar 1113 erkannte Papst Paschalis II. offiziell die M\u00f6nchsgemeinde der Hospitalritter des Heiligen Johannes von Jerusalem an. Die p\u00e4pstliche Bulle zeigt, welche Rolle und Bedeutung der Ordensgr\u00fcnder hatte, und unterstreicht, wie wichtig der f\u00fcr die Pilger und die Armen im Hospital in Jerusalem angebotene Dienst war. In der p\u00e4pstlichen Bulle findet sich eine Liste der Hospit\u00e4ler und Hospize in Frankreich und Italien. Der vom Seligen Gerhard gegr\u00fcndete Orden beschr\u00e4nkte sich also schon wenige Jahrzehnte nach der Gr\u00fcndung nicht auf das Lateinische K\u00f6nigreich von Jerusalem, sondern hatte sich bereits nach Europa ausgedehnt.<\/p>\n<p>Der Selige Gerhard starb am 3. September 1120 in Jerusalem. Seine Weisungen und sein Beispiel bildeten die Grundlage f\u00fcr die erste schriftliche Regel des Ordens, die Fra\u2019 Raymond de Puy \u2013 der zweite Gro\u00dfmeister \u2013 zwischen 1145 und 1153 verfasste.<br \/>\n<em>Durch die Katholische Kirche wurde er seliggesprochen, an ihn wird am 13. Oktober des Jahres gedacht.<\/em><\/p>\n<\/div>\n<div class=\"gm-col\"><img decoding=\"async\" class=\"gm-thumb-big\" src=\"https:\/\/www.orderofmalta.int\/wp-content\/uploads\/2017\/04\/blessed-gerard.jpg\" alt=\"\" \/><\/div>\n<\/div>\n<div class=\"gm-row table-txt\">\n<div class=\"gm-col\">\n<table>\n<tbody>\n<tr>\n<td>2<\/td>\n<td>Fra\u2019 Raymond du Puy<\/td>\n<td>1120 \u2013 * 1158\/60<\/td>\n<\/tr>\n<tr>\n<td>3<\/td>\n<td>Fra\u2019 Auger de Balben<\/td>\n<td>* 1158\/60 \u2013 1162\/3<\/td>\n<\/tr>\n<tr>\n<td>4<\/td>\n<td>Fra\u2019 Arnaud de Comps<\/td>\n<td>1162 \u2013 1163<\/td>\n<\/tr>\n<tr>\n<td>5<\/td>\n<td>Fra\u2019 Gilbert de Aissailly<\/td>\n<td>1163 \u2013 * 1169\/70<\/td>\n<\/tr>\n<tr>\n<td>6<\/td>\n<td>Fra\u2019 Gastone de Murols<\/td>\n<td>* 1170 \u2013 * 1172<\/td>\n<\/tr>\n<tr>\n<td>7<\/td>\n<td>Fra\u2019 Joubert de Syrie<\/td>\n<td>* 1172 \u2013 1177<\/td>\n<\/tr>\n<tr>\n<td>8<\/td>\n<td>Fra\u2019 Roger de Moulins<\/td>\n<td>1177 \u2013 * 1187<\/td>\n<\/tr>\n<tr>\n<td>9<\/td>\n<td>Fra\u2019 Ermengard d\u2019Aps<\/td>\n<td>1188 \u2013 * 1190<\/td>\n<\/tr>\n<tr>\n<td>10<\/td>\n<td>Fra\u2019 Garnier de Naplous<\/td>\n<td>1189\/90 \u2013 1192<\/td>\n<\/tr>\n<tr>\n<td>11<\/td>\n<td>Fra\u2019 Godefroy de Donion<\/td>\n<td>1193 \u2013 1202<\/td>\n<\/tr>\n<\/tbody>\n<\/table>\n<\/div>\n<div class=\"gm-col\">\n<h2>1048 Jerusalem<\/h2>\n<p>Die Gr\u00fcndung des Ordens geht auf das Jahr 1048 zur\u00fcck. Kaufleute aus der alten Seerepublik Amalfi erhielten damals vom Kalifen von \u00c4gypten die Genehmigung, in Jerusalem eine Kirche, ein Konvent und ein Hospital zu errichten, um Pilgern, ohne Unterschied des Glaubens und der Rasse, Schutz und Obdach gew\u00e4hren zu k\u00f6nnen. Der Orden vom Hl.<br \/>\nJohannes zu Jerusalem \u2013 die Klostergemeinschaft, die mit der Leitung des Hospitals betraut wurde \u2013 erlangt unter der Leitung des Seligen Bruder Gerhard die Unabh\u00e4ngigkeit. Mit der Bulle vom 15. Februar 1113 stellt Papst Paschalis II.<\/p>\n<p><a href=\"http:\/\/www.orderofmalta.int\/de\/geschichte\/seit-1048\/\">Mehr<\/a><\/p>\n<\/div>\n<\/div>\n<\/div>\n<div class=\"gm-block\">\n<div class=\"century-bubble\">\n<h2>1200<\/h2>\n<\/div>\n<div class=\"gm-row table-table\">\n<div class=\"gm-col\">\n<table>\n<tbody>\n<tr>\n<td>12<\/td>\n<td>Fra\u2019 Alfonso of Portugal<\/td>\n<td>1203 \u2013 1206<\/td>\n<\/tr>\n<tr>\n<td>13<\/td>\n<td>Fra\u2019 Geoffrey Le Rat<\/td>\n<td>1206 \u2013 1207<\/td>\n<\/tr>\n<tr>\n<td>14<\/td>\n<td>Fra\u2019 Gu\u00e9rin de Montaigu<\/td>\n<td>1207 \u2013 * 1227\/8<\/td>\n<\/tr>\n<tr>\n<td>15<\/td>\n<td>Fra\u2019 Bertrand de Thexis<\/td>\n<td>* 1228 \u2013 1231<\/td>\n<\/tr>\n<tr>\n<td>16<\/td>\n<td>Fra\u2018 Guerin<\/td>\n<td>1236 \u2013 * 1239\/40<\/td>\n<\/tr>\n<tr>\n<td>17<\/td>\n<td>Fra\u2019 Bertrand de Comps<\/td>\n<td>1239\/40 \u2013 1242<\/td>\n<\/tr>\n<tr>\n<td>18<\/td>\n<td>Fra\u2019 Pierre de Viellebride<\/td>\n<td>1239\/40 \u2013 1242<\/td>\n<\/tr>\n<\/tbody>\n<\/table>\n<\/div>\n<div class=\"gm-col\">\n<table>\n<tbody>\n<tr>\n<td>19<\/td>\n<td>Fra\u2019 Guillaume de Chateauneuf<\/td>\n<td>1242 \u2013 1258<\/td>\n<\/tr>\n<tr>\n<td>20<\/td>\n<td>Fra\u2019 Hugues de Revel<\/td>\n<td>1258 \u2013 1277<\/td>\n<\/tr>\n<tr>\n<td>21<\/td>\n<td>Fra\u2019 Nicolas de Lorgue<\/td>\n<td>1277 \u2013 1284<\/td>\n<\/tr>\n<tr>\n<td>22<\/td>\n<td>Fra\u2019 Jean de Villiers<\/td>\n<td>1284\/5 \u2013 * 1293\/4<\/td>\n<\/tr>\n<tr>\n<td>23<\/td>\n<td>Fra\u2019 Odon de Pins<\/td>\n<td>1294 \u2013 1296<\/td>\n<\/tr>\n<tr>\n<td>24<\/td>\n<td>Fra\u2019 Guillaume de Villaret<\/td>\n<td>1296 \u2013 1305<\/td>\n<\/tr>\n<\/tbody>\n<\/table>\n<\/div>\n<\/div>\n<\/div>\n<div class=\"gm-block\">\n<div class=\"century-bubble\">\n<h2>1300<\/h2>\n<\/div>\n<div class=\"gm-row table-table\">\n<div class=\"gm-col\">\n<table>\n<tbody>\n<tr>\n<td>25<\/td>\n<td>Fra\u2019 Foulques de Villaret<\/td>\n<td>1305 \u2013 1319<\/td>\n<\/tr>\n<tr>\n<td>26<\/td>\n<td>Fra\u2019 Helion de Villeneuve<\/td>\n<td>1319 \u2013 1346<\/td>\n<\/tr>\n<tr>\n<td>27<\/td>\n<td>Fra\u2019 Dieudonn\u00e9 de Gozon<\/td>\n<td>1346 \u2013 1353<\/td>\n<\/tr>\n<tr>\n<td>28<\/td>\n<td>Fra\u2019 Pierre de Corneillan<\/td>\n<td>1353 \u2013 1355<\/td>\n<\/tr>\n<tr>\n<td>29<\/td>\n<td>Fra\u2019 Roger de Pins<\/td>\n<td>1355 \u2013 1365<\/td>\n<\/tr>\n<\/tbody>\n<\/table>\n<\/div>\n<div class=\"gm-col\">\n<table>\n<tbody>\n<tr>\n<td>30<\/td>\n<td>Fra\u2019 Raymond Berenger<\/td>\n<td>1365 \u2013 1374<\/td>\n<\/tr>\n<tr>\n<td>31<\/td>\n<td>Fra\u2019 Robert de Juliac<\/td>\n<td>1374 \u2013 1376<\/td>\n<\/tr>\n<tr>\n<td>32<\/td>\n<td>Fra\u2019 Jean Fernandez de Heredia<\/td>\n<td>1376 \u2013 1396<\/td>\n<\/tr>\n<tr>\n<td>33<\/td>\n<td>Fra\u2019 Riccardo Caracciolo<\/td>\n<td>1383 \u2013 1395<\/td>\n<\/tr>\n<tr>\n<td>34<\/td>\n<td>Fra\u2019 Philibert de Naillac<\/td>\n<td>1396 \u2013 1421<\/td>\n<\/tr>\n<\/tbody>\n<\/table>\n<\/div>\n<\/div>\n<\/div>\n<div class=\"gm-block\">\n<div class=\"century-bubble\">\n<h2>1400<\/h2>\n<\/div>\n<div class=\"gm-row table-table\">\n<div class=\"gm-col\">\n<table>\n<tbody>\n<tr>\n<td>35<\/td>\n<td>Fra\u2019 Antonio Fluvian de Riviere<\/td>\n<td>1421 \u2013 1437<\/td>\n<\/tr>\n<tr>\n<td>36<\/td>\n<td>Fra\u2018 Jean de Lastin<\/td>\n<td>1437-1454<\/td>\n<\/tr>\n<tr>\n<td>37<\/td>\n<td>Fra\u2019 Jacques de Milly<\/td>\n<td>1454 \u2013 1461<\/td>\n<\/tr>\n<\/tbody>\n<\/table>\n<\/div>\n<div class=\"gm-col\">\n<table>\n<tbody>\n<tr>\n<td>38<\/td>\n<td>Fra\u2019 Piero Raimondo Zacosta<\/td>\n<td>1461 \u2013 1467<\/td>\n<\/tr>\n<tr>\n<td>39<\/td>\n<td>Fra\u2019 Giovanni Battista Orsini<\/td>\n<td>1467 \u2013 1476<\/td>\n<\/tr>\n<tr>\n<td>40<\/td>\n<td>Fra\u2019 Pierre d\u2019Aubusson<\/td>\n<td>1476 \u2013 1503<\/td>\n<\/tr>\n<\/tbody>\n<\/table>\n<\/div>\n<\/div>\n<\/div>\n<div class=\"gm-block\">\n<div class=\"century-bubble\">\n<h2>1500<\/h2>\n<\/div>\n<div class=\"gm-row table-table\">\n<div class=\"gm-col\">\n<table>\n<tbody>\n<tr>\n<td>41<\/td>\n<td>Fra\u2019 Emery d\u2019Amboise<\/td>\n<td>1503 \u2013 1512<\/td>\n<\/tr>\n<tr>\n<td>42<\/td>\n<td>Fra\u2019 Guy de Blanchefort<\/td>\n<td>1512 \u2013 1513<\/td>\n<\/tr>\n<tr>\n<td>43<\/td>\n<td>Fra\u2019 Fabrizio del Carretto<\/td>\n<td>1513 \u2013 1521<\/td>\n<\/tr>\n<tr>\n<td>44<\/td>\n<td>Fra\u2019 Philippe de Villiers de l\u2019Isle-Adam<\/td>\n<td>1521 \u2013 1534<\/td>\n<\/tr>\n<tr>\n<td>45<\/td>\n<td>Fra\u2019 Pierino del Ponte<\/td>\n<td>1534 \u2013 1535<\/td>\n<\/tr>\n<tr>\n<td>46<\/td>\n<td>Fra\u2019 Didier de Saint-Jaille<\/td>\n<td>1535 \u2013 1536<\/td>\n<\/tr>\n<tr>\n<td>47<\/td>\n<td>Fra\u2019 Jean de Homedes<\/td>\n<td>1536 \u2013 1553<\/td>\n<\/tr>\n<\/tbody>\n<\/table>\n<\/div>\n<div class=\"gm-col\">\n<table>\n<tbody>\n<tr>\n<td>48<\/td>\n<td>Fra\u2019 Claude de la Sengle<\/td>\n<td>1553 \u2013 1557<\/td>\n<\/tr>\n<tr>\n<td>49<\/td>\n<td>Fra\u2019 Jean de La Vallette-Parisot<\/td>\n<td>1557 \u2013 1568<\/td>\n<\/tr>\n<tr>\n<td>50<\/td>\n<td>Fra\u2019 Pierre de Monte<\/td>\n<td>1568 \u2013 1572<\/td>\n<\/tr>\n<tr>\n<td>51<\/td>\n<td>Fra\u2019 Jean l\u2019Evesque de La Cassi\u00e8re<\/td>\n<td>1572 \u2013 1581<\/td>\n<\/tr>\n<tr>\n<td>52<\/td>\n<td>Fra\u2019 Hugues Loubenx de Verdala<\/td>\n<td>1581 \u2013 1595<\/td>\n<\/tr>\n<tr>\n<td>53<\/td>\n<td>Fra\u2019 Martin Garzez<\/td>\n<td>1595 \u2013 1601<\/td>\n<\/tr>\n<\/tbody>\n<\/table>\n<\/div>\n<\/div>\n<\/div>\n<div class=\"gm-block\">\n<div class=\"century-bubble\">\n<h2>1600<\/h2>\n<\/div>\n<div class=\"gm-row table-table\">\n<div class=\"gm-col\">\n<table>\n<tbody>\n<tr>\n<td>54<\/td>\n<td>Fra\u2019 Alof de Wignacourt<\/td>\n<td>1601 \u2013 1622<\/td>\n<\/tr>\n<tr>\n<td>55<\/td>\n<td>Fra\u2019 Luis Mendez de Vasconcellos<\/td>\n<td>1622 \u2013 1623<\/td>\n<\/tr>\n<tr>\n<td>56<\/td>\n<td>Fra\u2019 Antoine de Paule<\/td>\n<td>1623 \u2013 1636<\/td>\n<\/tr>\n<tr>\n<td>57<\/td>\n<td>Fra\u2019 Jean-Paul de Lascaris-Castellar<\/td>\n<td>1636 \u2013 1657<\/td>\n<\/tr>\n<tr>\n<td>58<\/td>\n<td>Fra\u2019 Mart\u00edn de Red\u00edn<\/td>\n<td>1657 \u2013 1660<\/td>\n<\/tr>\n<\/tbody>\n<\/table>\n<\/div>\n<div class=\"gm-col\">\n<table>\n<tbody>\n<tr>\n<td>59<\/td>\n<td>Fra\u2019 Annet de Clermont-Gessant<\/td>\n<td>1660<\/td>\n<\/tr>\n<tr>\n<td>60<\/td>\n<td>Fra\u2019 Raphael Cotoner<\/td>\n<td>1660 \u2013 1663<\/td>\n<\/tr>\n<tr>\n<td>61<\/td>\n<td>Fra\u2019 Nicolas Cotoner<\/td>\n<td>1663 \u2013 1680<\/td>\n<\/tr>\n<tr>\n<td>62<\/td>\n<td>Fra\u2019 Gregorio Carafa<\/td>\n<td>1680 \u2013 1690<\/td>\n<\/tr>\n<tr>\n<td>63<\/td>\n<td>Fra\u2019 Adrien de Wignacourt<\/td>\n<td>1690 \u2013 1697<\/td>\n<\/tr>\n<tr>\n<td>64<\/td>\n<td>Fra\u2019 Ramon Perellos y Roccaful<\/td>\n<td>1697 \u2013 1720<\/td>\n<\/tr>\n<\/tbody>\n<\/table>\n<\/div>\n<\/div>\n<\/div>\n<div class=\"gm-block\">\n<div class=\"century-bubble\">\n<h2>1700<\/h2>\n<\/div>\n<div class=\"gm-row table-table\">\n<div class=\"gm-col\">\n<table>\n<tbody>\n<tr>\n<td>65<\/td>\n<td>Fra\u2019 Marc\u2019Antonio Zondadari<\/td>\n<td>1720 \u2013 1722<\/td>\n<\/tr>\n<tr>\n<td>66<\/td>\n<td>Fra\u2019 Antonio Manoel de Vilhena<\/td>\n<td>1722 \u2013 1736<\/td>\n<\/tr>\n<tr>\n<td>67<\/td>\n<td>Fra\u2019 Raymond Despuig<\/td>\n<td>1736 \u2013 1741<\/td>\n<\/tr>\n<tr>\n<td>68<\/td>\n<td>Fra\u2019 Manuel Pinto de Fonseca<\/td>\n<td>1741 \u2013 1773<\/td>\n<\/tr>\n<\/tbody>\n<\/table>\n<\/div>\n<div class=\"gm-col\">\n<table>\n<tbody>\n<tr>\n<td>69<\/td>\n<td>Fra\u2019 Francisco Ximenes de Texada<\/td>\n<td>1773 \u2013 1775<\/td>\n<\/tr>\n<tr>\n<td>70<\/td>\n<td>Fra\u2019 Emmanuel de Rohan-Polduc<\/td>\n<td>1775 \u2013 1797<\/td>\n<\/tr>\n<tr>\n<td>71<\/td>\n<td>Fra\u2019 Ferdinand von Hompesch zu Bolheim<\/td>\n<td>1797 \u2013 1802<\/td>\n<\/tr>\n<\/tbody>\n<\/table>\n<\/div>\n<\/div>\n<\/div>\n<div class=\"gm-block\">\n<div class=\"century-bubble\">\n<h2>1800<\/h2>\n<\/div>\n<div class=\"gm-row table-table\">\n<div class=\"gm-col\">\n<table>\n<tbody>\n<tr>\n<td>72<\/td>\n<td>Emperor Paul I of Russia<\/td>\n<td>1799 \u2013 1801 (de facto)<\/td>\n<\/tr>\n<tr>\n<td>73<\/td>\n<td>Fra\u2019 Giovanni Battista Tommasi<\/td>\n<td>1803 \u2013 1805<\/td>\n<\/tr>\n<\/tbody>\n<\/table>\n<\/div>\n<div class=\"gm-col\">\n<table>\n<tbody>\n<tr valign=\"top\">\n<td>74<\/td>\n<td>Fra\u2019 Giovanni Battista Ceschi a Santa Croce<\/td>\n<td>1879 \u2013 1905<\/td>\n<\/tr>\n<\/tbody>\n<\/table>\n<\/div>\n<\/div>\n<\/div>\n<div class=\"gm-block\">\n<div class=\"century-bubble\">\n<h2>1900<\/h2>\n<\/div>\n<div class=\"gm-row table-table\">\n<div class=\"gm-col\">\n<table>\n<tbody>\n<tr>\n<td>75<\/td>\n<td>Fra\u2019 Galeazzo von Thun und Hohenstein<\/td>\n<td>1905 \u2013 1931<\/td>\n<\/tr>\n<tr>\n<td>76<\/td>\n<td>Fra\u2019 Ludovico Chigi Albani della Rovere<\/td>\n<td>1931 \u2013 1951<\/td>\n<\/tr>\n<\/tbody>\n<\/table>\n<\/div>\n<div class=\"gm-col\">\n<table>\n<tbody>\n<tr>\n<td>77<\/td>\n<td>Fra\u2019 Angelo de Mojana di Cologna<\/td>\n<td>1962 \u2013 1988<\/td>\n<\/tr>\n<tr>\n<td>78<\/td>\n<td>Fra\u2019 Andrew Willoughby Ninian Bertie<\/td>\n<td>1988 \u2013 2008<\/td>\n<\/tr>\n<\/tbody>\n<\/table>\n<\/div>\n<\/div>\n<\/div>\n<div class=\"gm-block\">\n<div class=\"century-bubble\">\n<h2>2000<\/h2>\n<\/div>\n<div class=\"gm-row table-table\">\n<div class=\"gm-col\">\n<table>\n<tbody>\n<tr>\n<td>79<\/td>\n<td>Fra\u2019 Matthew Festing<\/td>\n<td>2008 \u2013 2017<\/td>\n<\/tr>\n<tr valign=\"top\">\n<td>80<\/td>\n<td>Fra\u2019 Giacomo Dalla Torre del Tempio di Sanguinetto<\/td>\n<td>2018 \u2013 2020<\/td>\n<\/tr>\n<\/tbody>\n<\/table>\n<\/div>\n<div class=\"gm-col\"><\/div>\n<\/div>\n<\/div>\n<p>*Um das Jahr<\/p>\n<div class=\"lt-block\">\n<div class=\"gm-row single-table\">\n<div class=\"gm-col\">\n<h2>Statthalter des Gro\u00dfmagisteriums<\/h2>\n<table>\n<tbody>\n<tr>\n<td>1<\/td>\n<td>Fra\u2019 Innico Maria Guevara-Suardo<\/td>\n<td>1805-1814<\/td>\n<\/tr>\n<tr>\n<td>2<\/td>\n<td>Fra\u2019 Andr\u00e9 Di Giovanni<\/td>\n<td>1814-1821<\/td>\n<\/tr>\n<tr>\n<td>3<\/td>\n<td>Fra\u2019 Antoine Busca<\/td>\n<td>1821-1834<\/td>\n<\/tr>\n<tr>\n<td>4<\/td>\n<td>Fra\u2019 Carlo Candida<\/td>\n<td>1834-1845<\/td>\n<\/tr>\n<tr>\n<td>5<\/td>\n<td>Fra\u2019 Philippe di Colloredo-Mels<\/td>\n<td>1845-1864<\/td>\n<\/tr>\n<tr>\n<td>6<\/td>\n<td>Fra\u2019 Alessandro Borgia<\/td>\n<td>1865-1872<\/td>\n<\/tr>\n<tr>\n<td>7<\/td>\n<td>Fra\u2019 Giovanni Battista Ceschi a Santa Croce<\/td>\n<td>1872-1879<\/td>\n<\/tr>\n<tr>\n<td>8<\/td>\n<td>Fra\u2019 Antoine Hercolani Fava Simonetti<\/td>\n<td>1951-1955<\/td>\n<\/tr>\n<\/tbody>\n<\/table>\n<\/div>\n<div class=\"gm-col\">\n<h2><\/h2>\n<h2>Statthalter des Gro\u00dfmeisters<\/h2>\n<table>\n<tbody>\n<tr>\n<td>1<\/td>\n<td>Fra\u2019 Pio Franchi de\u2019 Cavalieri (w\u00e4hrend der Krankheit des 75. Gro\u00dfmeisters)<\/td>\n<td>1929-1931<\/td>\n<\/tr>\n<tr>\n<td>2<\/td>\n<td>Fra\u2019 Ernesto Patern\u00f2 Castello di Carcaci<\/td>\n<td>1955-1962<\/td>\n<\/tr>\n<tr>\n<td>3<\/td>\n<td>Fra\u2019 Giacomo Dalla Torre del Tempio di Sanguinetto<\/td>\n<td>2017-2018<\/td>\n<\/tr>\n<\/tbody>\n<\/table>\n<\/div>\n<div class=\"gm-col\">\n<p><strong><span style=\"color: #800000\">4<\/span>\u00a0 \u00a0 <\/strong>Fra&#8217; Marco Luzzago\u00a0 \u00a0 \u00a0 \u00a0 \u00a0 \u00a0 \u00a0 \u00a0 \u00a0 \u00a0 \u00a0 \u00a0 \u00a0 \u00a0 \u00a0 \u00a0 \u00a0 \u00a0 \u00a0 \u00a0 \u00a0 \u00a0 \u00a0 \u00a0 \u00a0 \u00a0 \u00a0 \u00a0 \u00a0 \u00a0 \u00a0 \u00a0 \u00a0 \u00a0 \u00a0 \u00a0 \u00a0 \u00a0 \u00a0 \u00a0 \u00a0 \u00a0 \u00a0 \u00a0 \u00a0 \u00a0 \u00a0 \u00a0 \u00a0 \u00a0 \u00a0 \u00a0 \u00a02020<\/p>\n<h2>Interimistischer Statthalter<\/h2>\n<table style=\"height: 149px\" width=\"599\">\n<tbody>\n<tr>\n<td>1<\/td>\n<td>Fra\u2019 Jean Charles Pallavicini<\/td>\n<td>1988 (Januar-April)<\/td>\n<\/tr>\n<tr>\n<td>2<\/td>\n<td>Fra\u2019 Giacomo Dalla Torre del Tempio di Sanguinetto<\/td>\n<td>2008 (Feb-M\u00e4rz)<\/td>\n<\/tr>\n<tr>\n<td>3<\/td>\n<td>Fra\u2019 Ludwig Hoffmann von Rumerstein<\/td>\n<td>2017 (Januar-April)<\/td>\n<\/tr>\n<\/tbody>\n<\/table>\n<p><strong><span style=\"color: #ff0000\"><span style=\"color: #800000\">4<\/span>\u00a0<\/span><\/strong>\u00a0 Fra\u2019 Ruy Gon\u00e7alo do Valle Peixoto de Villas Boas\u00a0 \u00a0 \u00a0 \u00a0 \u00a0 \u00a0 \u00a0 \u00a0 \u00a0 \u00a0 \u00a0 \u00a0 \u00a0 \u00a0 \u00a0 \u00a0 \u00a0 \u00a0 \u00a0 \u00a0 \u00a0 \u00a0 \u00a0 \u00a0 \u00a0 \u00a0 \u00a0 \u00a0 \u00a0 2020 (April &#8211; November)<\/p>\n<\/div>\n<\/div>\n<\/div>\n","protected":false},"excerpt":{"rendered":"<p>1100 Erster Gro\u00dfmeister Der Selige Gerhard * 1040 &#8211; 1120 Der Gr\u00fcnder und erste Gro\u00dfmeister des Ordens wurde vermutlich um 1040 in Scala, einem nahe Amalfi in S\u00fcditalien gelegenen Dorf, geboren. In der zweiten H\u00e4lfte des 11. Jahrhunderts reiste er nach Jerusalem und begann in dem Hospital in der N\u00e4he der Marienkirche zu arbeiten, das [&hellip;]<\/p>\n","protected":false},"author":1,"featured_media":0,"parent":612,"menu_order":0,"comment_status":"closed","ping_status":"closed","template":"","meta":{"inline_featured_image":false,"footnotes":"","_links_to":"","_links_to_target":""},"class_list":["post-1509","page","type-page","status-publish","hentry"],"_links":{"self":[{"href":"https:\/\/ordredemaltesuisse.org\/de\/wp-json\/wp\/v2\/pages\/1509","targetHints":{"allow":["GET"]}}],"collection":[{"href":"https:\/\/ordredemaltesuisse.org\/de\/wp-json\/wp\/v2\/pages"}],"about":[{"href":"https:\/\/ordredemaltesuisse.org\/de\/wp-json\/wp\/v2\/types\/page"}],"author":[{"embeddable":true,"href":"https:\/\/ordredemaltesuisse.org\/de\/wp-json\/wp\/v2\/users\/1"}],"replies":[{"embeddable":true,"href":"https:\/\/ordredemaltesuisse.org\/de\/wp-json\/wp\/v2\/comments?post=1509"}],"version-history":[{"count":15,"href":"https:\/\/ordredemaltesuisse.org\/de\/wp-json\/wp\/v2\/pages\/1509\/revisions"}],"predecessor-version":[{"id":5705,"href":"https:\/\/ordredemaltesuisse.org\/de\/wp-json\/wp\/v2\/pages\/1509\/revisions\/5705"}],"up":[{"embeddable":true,"href":"https:\/\/ordredemaltesuisse.org\/de\/wp-json\/wp\/v2\/pages\/612"}],"wp:attachment":[{"href":"https:\/\/ordredemaltesuisse.org\/de\/wp-json\/wp\/v2\/media?parent=1509"}],"curies":[{"name":"wp","href":"https:\/\/api.w.org\/{rel}","templated":true}]}}