{"id":1527,"date":"2017-06-02T16:20:47","date_gmt":"2017-06-02T14:20:47","guid":{"rendered":"https:\/\/ordredemaltesuisse.org\/\/schweizer-organisation\/geschichte\/les-anciennes-langues-des-chevaliers\/"},"modified":"2025-03-06T11:52:35","modified_gmt":"2025-03-06T10:52:35","slug":"die-alten-zungen-der-ritter","status":"publish","type":"page","link":"https:\/\/ordredemaltesuisse.org\/de\/geschichte\/die-alten-zungen-der-ritter\/","title":{"rendered":"Die alten Zungen der Ritter"},"content":{"rendered":"<div class=\"main-block-wrapper clearfix\">\n<p><a class=\"img-link-wrapper full\"><img decoding=\"async\" src=\"https:\/\/ordredemaltesuisse.org\/wp-content\/uploads\/sites\/3\/2025\/03\/smom-history-ancient.jpg\" \/><\/a><\/p>\n<h5><a>Hospitaliers wurden anhand ihrer Sprachen gruppiert <\/a><\/h5>\n<div>\n<p>In den Jahren nach 1300, mit der endg\u00fcltigen Eroberung der Insel Rhodos und einiger weiterer Inseln des Archipels, nimmt der Orden des Hl. Johannes Staatsgestalt an Vom Gro\u00dfmeister und dem Rat regiert, pr\u00e4gt der Orden eigene M\u00fcnzen und nimmt diplomatische Beziehungen zu anderen Staaten auf.<\/p>\n<p>In diesem System gab es einige Ausnahmen. So waren die Polen und Slawen der deutschen Zunge zugeordnet, obwohl sie nicht Deutsch sprechen.<\/p>\n<p>Urspr\u00fcnglich gab es sieben Zungen: Provence, Auvergne, Frankreich, Italien, Aragon (Navarra), England (mit Schottland und Irland) und Deutschland. 1462 kommt eine achte Zunge hinzu, die von Kastilien, die sich mit Portugal von der Zunge von Aragon getrennt hatte. Jede Zunge hatte ein eigenes Haupt, das in der Folge ein hohes Amt im Orden bekleidete. In Rhodos und sp\u00e4ter auch in Malta hatte jede Zunge eine eigene Herberge, ein Gemeinschaftshaus, das als Residenz f\u00fcr Versammlungen und Mahlzeiten diente, die urspr\u00fcnglich gemeinsam einzunehmen waren.<\/p>\n<p>Dieser Erneuerungsprozess der Ritter des Ordens vom Hl. Johannes kann Mitte des XV. Jhdt. als abgeschlossen gelten und wird im Ergebnis bis Ende des XVIII. Jhdt. unver\u00e4ndert fortbestehen.<\/p>\n<p>Der Verlust der Insel Malta (1798) f\u00fchrt auch zur Aufl\u00f6sung der alten Gliederung nach Zungen. Die Neuorganisation, die sich der Orden nach der Gr\u00fcndung des Gro\u00dfmagisteriums in Rom 1834 gab, f\u00e4llt mit der Errichtung von nationalen Assoziationen zusammen. Die erste, die 1859 gegr\u00fcndet wurde, war die deutsche Assoziation. Es folgten 1875 die britische und 1877 die italienische Assoziationen. Die derzeit 6 Gro\u00dfpriorate und 48 nationalen Assoziationen der Ordensmitglieder auf allen f\u00fcnf Kontinenten, sind Erben der Tradition der alten Zungen.<\/p>\n<\/div>\n<\/div>\n","protected":false},"excerpt":{"rendered":"<p>Hospitaliers wurden anhand ihrer Sprachen gruppiert In den Jahren nach 1300, mit der endg\u00fcltigen Eroberung der Insel Rhodos und einiger weiterer Inseln des Archipels, nimmt der Orden des Hl. Johannes Staatsgestalt an Vom Gro\u00dfmeister und dem Rat regiert, pr\u00e4gt der Orden eigene M\u00fcnzen und nimmt diplomatische Beziehungen zu anderen Staaten auf. In diesem System gab [&hellip;]<\/p>\n","protected":false},"author":1,"featured_media":0,"parent":612,"menu_order":0,"comment_status":"closed","ping_status":"closed","template":"template-rsidebar.php","meta":{"inline_featured_image":false,"footnotes":"","_links_to":"","_links_to_target":""},"class_list":["post-1527","page","type-page","status-publish","hentry"],"_links":{"self":[{"href":"https:\/\/ordredemaltesuisse.org\/de\/wp-json\/wp\/v2\/pages\/1527","targetHints":{"allow":["GET"]}}],"collection":[{"href":"https:\/\/ordredemaltesuisse.org\/de\/wp-json\/wp\/v2\/pages"}],"about":[{"href":"https:\/\/ordredemaltesuisse.org\/de\/wp-json\/wp\/v2\/types\/page"}],"author":[{"embeddable":true,"href":"https:\/\/ordredemaltesuisse.org\/de\/wp-json\/wp\/v2\/users\/1"}],"replies":[{"embeddable":true,"href":"https:\/\/ordredemaltesuisse.org\/de\/wp-json\/wp\/v2\/comments?post=1527"}],"version-history":[{"count":1,"href":"https:\/\/ordredemaltesuisse.org\/de\/wp-json\/wp\/v2\/pages\/1527\/revisions"}],"predecessor-version":[{"id":6897,"href":"https:\/\/ordredemaltesuisse.org\/de\/wp-json\/wp\/v2\/pages\/1527\/revisions\/6897"}],"up":[{"embeddable":true,"href":"https:\/\/ordredemaltesuisse.org\/de\/wp-json\/wp\/v2\/pages\/612"}],"wp:attachment":[{"href":"https:\/\/ordredemaltesuisse.org\/de\/wp-json\/wp\/v2\/media?parent=1527"}],"curies":[{"name":"wp","href":"https:\/\/api.w.org\/{rel}","templated":true}]}}