{"id":1542,"date":"2017-06-02T16:29:20","date_gmt":"2017-06-02T14:29:20","guid":{"rendered":"https:\/\/ordredemaltesuisse.org\/\/geschichte\/les-noms-de-lordre\/"},"modified":"2025-03-06T11:53:57","modified_gmt":"2025-03-06T10:53:57","slug":"die-namen-des-ordens","status":"publish","type":"page","link":"https:\/\/ordredemaltesuisse.org\/de\/geschichte\/die-namen-des-ordens\/","title":{"rendered":"Die Namen des Ordens"},"content":{"rendered":"<div class=\"main-block-wrapper clearfix\"><a class=\"img-link-wrapper full\"><img decoding=\"async\" src=\"https:\/\/ordredemaltesuisse.org\/wp-content\/uploads\/sites\/3\/2025\/03\/history_name.jpg\" \/><\/a><\/p>\n<h5><a>Der Name des Orden zeugt von 900 Jahren Geschichte<\/a><\/h5>\n<div>\n<p>Vielf\u00e4ltig sind die Namen, unter denen der Orden und seine Mitglieder im Verlaufe ihrer 900-j\u00e4hrigen Geschichte aufgetreten sind. Das erkl\u00e4rt sich aus neun Jahrhunderten bewegter Geschichte und vor allem aus dem Umstand, dass die Ritter mehrfach die St\u00e4tten ihres Wirkens aufgeben mussten.<\/p>\n<p>Heute lautet der offizielle und rechtlich korrekte Name des Malteserordens: Souver\u00e4ner Ritter- und Hospitalorden vom Hl. Johannes zu Jerusalem von Rhodos und von Malta. Die Kurzformen, Souver\u00e4ner Ritterorden von Malta, Souver\u00e4ner Malteserorden oder Malteserorden, sind in Rechtsakten und diplomatischen Akten gebr\u00e4uchlich sowie bei Verlautbarungen.<\/p>\n<p>Die urspr\u00fcngliche  Benennung ist Hospitalritter (oder Hospitaliers), nach dem eigentlichen Ordensauftrag. Zugleich werden sie aber auch als Ritter des Hl. Johannes nach ihrem Schutzpatron, dem Hl. Johann Baptist, benannt, bzw. als Johanniter oder Jerusalemiter nach Jerusalem, dem Gr\u00fcndungsort des Ordens. In der Vergangenheit war auch die Benennung \u201cDie Religion\u201d gebr\u00e4uclich, um den Charakter des Ordens als einer religi\u00f6se Bruderschaft zu betonen.<\/p>\n<p>Nach dem R\u00fcckzug aus dem Heiligen Land und der Eroberung der Insel Rhodos im Jahr 1310 nennen sie sich Ritter von Rhodos. Im Jahr 1530 \u00fcberl\u00e4sst Kaiser Karl V. die Insel Malta dem Orden. Von da ab nennen sich die Ordensmitglieder: Malteserritter, bis heute die \u00fcbliche Benennung.<\/p>\n<p>Zur rechtlichen Absicherung dieser Tradition hat der Malteserorden 16 verschiedene Varianten seines Namens und seiner Embleme in \u00fcber 100 L\u00e4ndern gesetzlich sch\u00fctzen lassen.<\/p><\/div>\n<\/div>\n","protected":false},"excerpt":{"rendered":"<p>Der Name des Orden zeugt von 900 Jahren Geschichte Vielf\u00e4ltig sind die Namen, unter denen der Orden und seine Mitglieder im Verlaufe ihrer 900-j\u00e4hrigen Geschichte aufgetreten sind. Das erkl\u00e4rt sich aus neun Jahrhunderten bewegter Geschichte und vor allem aus dem Umstand, dass die Ritter mehrfach die St\u00e4tten ihres Wirkens aufgeben mussten. Heute lautet der offizielle [&hellip;]<\/p>\n","protected":false},"author":1,"featured_media":0,"parent":612,"menu_order":0,"comment_status":"closed","ping_status":"closed","template":"template-rsidebar.php","meta":{"inline_featured_image":false,"footnotes":"","_links_to":"","_links_to_target":""},"class_list":["post-1542","page","type-page","status-publish","hentry"],"_links":{"self":[{"href":"https:\/\/ordredemaltesuisse.org\/de\/wp-json\/wp\/v2\/pages\/1542","targetHints":{"allow":["GET"]}}],"collection":[{"href":"https:\/\/ordredemaltesuisse.org\/de\/wp-json\/wp\/v2\/pages"}],"about":[{"href":"https:\/\/ordredemaltesuisse.org\/de\/wp-json\/wp\/v2\/types\/page"}],"author":[{"embeddable":true,"href":"https:\/\/ordredemaltesuisse.org\/de\/wp-json\/wp\/v2\/users\/1"}],"replies":[{"embeddable":true,"href":"https:\/\/ordredemaltesuisse.org\/de\/wp-json\/wp\/v2\/comments?post=1542"}],"version-history":[{"count":1,"href":"https:\/\/ordredemaltesuisse.org\/de\/wp-json\/wp\/v2\/pages\/1542\/revisions"}],"predecessor-version":[{"id":6901,"href":"https:\/\/ordredemaltesuisse.org\/de\/wp-json\/wp\/v2\/pages\/1542\/revisions\/6901"}],"up":[{"embeddable":true,"href":"https:\/\/ordredemaltesuisse.org\/de\/wp-json\/wp\/v2\/pages\/612"}],"wp:attachment":[{"href":"https:\/\/ordredemaltesuisse.org\/de\/wp-json\/wp\/v2\/media?parent=1542"}],"curies":[{"name":"wp","href":"https:\/\/api.w.org\/{rel}","templated":true}]}}