{"id":1561,"date":"2017-06-02T16:38:44","date_gmt":"2017-06-02T14:38:44","guid":{"rendered":"https:\/\/ordredemaltesuisse.org\/\/geschichte\/1113-reconnaissance-du-pape\/"},"modified":"2025-03-06T11:55:03","modified_gmt":"2025-03-06T10:55:03","slug":"im-jahr-1113-paepstliche-anerkennung","status":"publish","type":"page","link":"https:\/\/ordredemaltesuisse.org\/de\/geschichte\/im-jahr-1113-paepstliche-anerkennung\/","title":{"rendered":"Im Jahr 1113 p\u00e4pstliche Anerkennung"},"content":{"rendered":"<div class=\"main-block-wrapper clearfix\"><a class=\"img-link-wrapper full\"><img decoding=\"async\" src=\"https:\/\/ordredemaltesuisse.org\/wp-content\/uploads\/sites\/3\/2025\/03\/recognition-1113.jpg\" \/><\/a><\/p>\n<h5><a>900 Jahre seitdem Papst Paschalis II. den Orden anerkannte<\/a><\/h5>\n<div>\n<p>Im Februar 2013 beging der Souver\u00e4ne Malteserorden einen bedeutsamen Jahrestag, dem man das ganze Jahr \u00fcber gedachte. Zu diesem Zeitpunkt waren dann genau 900 Jahre seit der Verk\u00fcndung des Privilegs vergangen, mit dem Papst Paschalis II. im Jahr 1113 offiziell die monastische Gemeinschaft der Hospitaliers des Hl. Johannes zu Jerusalem anerkannt hat.<\/p>\n<p>Dieses Dokument \u2013 nach den Eingangsworten des Textes Pie Postulatio Voluntatis genannt \u2013 ist die Rechtsgrundlage der Souver\u00e4nit\u00e4t und Unabh\u00e4ngigkeit und ein fundamentales Element f\u00fcr die Entwicklung des Ordens des Hl. Johannes zu Jerusalem, den man heute als Souver\u00e4ner Malteserorden kennt. Als monastische Gemeinschaft zur Pflege armer Pilger ein halbes Jahrhundert zuvor in Jerusalem gegr\u00fcndet, werden die Hospitaliers des Hl. Johannes dank dieses feierlichen Privilegs zu einem religi\u00f6sen Laienorden. Zugleich kommt diesem Dokument auch eine entscheidende institutionelle Bedeutung zu. Mit der Bulle erkannte der Pontifex das absolute Recht des Ordens an, die Kontinuit\u00e4t des Werkes durch die Wahl eines Nachfolgers nach Bruder Gerhard zu sichern.<\/p>\n<p>Die historische Wertigkeit dieser Bulle \u2013 die heute in den nationalen Archiven der Republik Malta aufbewahrt wird \u2013 erschlie\u00dft den Nachfahren die Rolle und Bedeutung des Ordensgr\u00fcnders, des seligen Gerhard, seiner heiligm\u00e4\u00dfigen Pers\u00f6nlichkeit und der religi\u00f6sen Professen, die mit ihm arbeiteten. Sie macht \u00fcberdies offensichtlich, wie wichtig die Sorge um die Pilger und Armen in Jerusalem war. In der Auflistung von Hospit\u00e4lern und Hospizen in Frankreich und Italien wird auch deutlich, wie das von Bruder Gerhard gegr\u00fcndete Werk schon nach wenigen Jahrzehnten nicht nur auf das lateinische Reich von Jerusalem begrenzt bleibt, sondern sich bereits in Europa ausbreitet.<\/p>\n<p>Das ganze Jahr 2013 werden die Einrichtungen des Souver\u00e4nen Malteserordens auf allen f\u00fcnf Kontinenten diesen bedeutsamen Jahrestag mit zahlreichen Initiativen begehen. Feierlicher H\u00f6hepunkt war der 9. Februar 2013 in Rom, als Kardinal Staatssekret\u00e4r Tarcisio Bertone in der St. Petersbasilika eine feierliche Messe zelebrierteund Papst Benedikt XVI. sich anschlie\u00dfend an \u00fcber 5.000 Mitglieder und ehrenamtliche Helfer des Malteserordens wandte, die aus aller Welt zusammengekommen waren, um an diesem wichtigen Ereignis teilzunehmen.<\/p><\/div>\n<\/div>\n","protected":false},"excerpt":{"rendered":"<p>900 Jahre seitdem Papst Paschalis II. den Orden anerkannte Im Februar 2013 beging der Souver\u00e4ne Malteserorden einen bedeutsamen Jahrestag, dem man das ganze Jahr \u00fcber gedachte. Zu diesem Zeitpunkt waren dann genau 900 Jahre seit der Verk\u00fcndung des Privilegs vergangen, mit dem Papst Paschalis II. im Jahr 1113 offiziell die monastische Gemeinschaft der Hospitaliers des [&hellip;]<\/p>\n","protected":false},"author":1,"featured_media":0,"parent":612,"menu_order":0,"comment_status":"closed","ping_status":"closed","template":"template-rsidebar.php","meta":{"inline_featured_image":false,"footnotes":"","_links_to":"","_links_to_target":""},"class_list":["post-1561","page","type-page","status-publish","hentry"],"_links":{"self":[{"href":"https:\/\/ordredemaltesuisse.org\/de\/wp-json\/wp\/v2\/pages\/1561","targetHints":{"allow":["GET"]}}],"collection":[{"href":"https:\/\/ordredemaltesuisse.org\/de\/wp-json\/wp\/v2\/pages"}],"about":[{"href":"https:\/\/ordredemaltesuisse.org\/de\/wp-json\/wp\/v2\/types\/page"}],"author":[{"embeddable":true,"href":"https:\/\/ordredemaltesuisse.org\/de\/wp-json\/wp\/v2\/users\/1"}],"replies":[{"embeddable":true,"href":"https:\/\/ordredemaltesuisse.org\/de\/wp-json\/wp\/v2\/comments?post=1561"}],"version-history":[{"count":1,"href":"https:\/\/ordredemaltesuisse.org\/de\/wp-json\/wp\/v2\/pages\/1561\/revisions"}],"predecessor-version":[{"id":6905,"href":"https:\/\/ordredemaltesuisse.org\/de\/wp-json\/wp\/v2\/pages\/1561\/revisions\/6905"}],"up":[{"embeddable":true,"href":"https:\/\/ordredemaltesuisse.org\/de\/wp-json\/wp\/v2\/pages\/612"}],"wp:attachment":[{"href":"https:\/\/ordredemaltesuisse.org\/de\/wp-json\/wp\/v2\/media?parent=1561"}],"curies":[{"name":"wp","href":"https:\/\/api.w.org\/{rel}","templated":true}]}}