{"id":1584,"date":"2017-06-02T16:50:47","date_gmt":"2017-06-02T14:50:47","guid":{"rendered":"https:\/\/ordredemaltesuisse.org\/\/geschichte\/les-ordres-de-saint-jean\/"},"modified":"2025-03-06T15:32:34","modified_gmt":"2025-03-06T14:32:34","slug":"johanniterorden","status":"publish","type":"page","link":"https:\/\/ordredemaltesuisse.org\/de\/geschichte\/johanniterorden\/","title":{"rendered":"Johanniterorden"},"content":{"rendered":"<p><img decoding=\"async\" style=\"width: 100%;\" src=\"https:\/\/ordredemaltesuisse.org\/wp-content\/uploads\/sites\/3\/2025\/03\/history_orders.jpg\" \/><\/p>\n<h4><strong>Die Orden vom Hl. Johannes<\/strong><\/h4>\n<p>Neben dem Malteserorden werden nur noch 4 weitere nicht katholische Orden vom Hl. Johannes als Ritterorden anerkannt. Diese Orden unterscheiden sich von sonstigen nationalen Orden durch ihr christliches Glaubensbekenntnis und durch ihre Tradition als christliche Laienorden.<\/p>\n<p>Die 4 Orden vom Hl. Johannes zu Jerusalem haben sich in der \u201cAllianz\u201d der Johannesorden assoziiert und sind mit dem Malteserorden durch die gemeinsame Geschichte und den gemeinsamen Auftrag, der Sorge um die Kranken und Bed\u00fcrftigen verbunden. Sie werden von den staatlichen Autorit\u00e4ten derjenigen L\u00e4nder anerkannt, in denen sie ihren Sitz haben.<\/p>\n<p>Nachfolgend eine kurze Darstellung der vier Johannesorden, die vom Souver\u00e4nen Malteserorden anerkannt werden:<\/p>\n<p>&nbsp;<\/p>\n<div style=\"margin-bottom:50px;\">\n<div class=\"main-block-wrapper clearfix\">\n<h5><a>Ballei von Brandenburg des Hl. Johannes zu Jerusalem<\/a><\/h5>\n<div>Der Malteserorden hat sich im 12. und 13. Jahrhundert in Deutschland niedergelassen und hat dort ein Gro\u00dfpriorat gegr\u00fcndet. Im 16.<\/p>\n<p>Jahrhundert wurde ein Teil des deutschen Gro\u00dfpriorates, die Ballei Brandenburg, protestantisch und stellte sich unter den Schutz der Markgrafen von Brandenburg, der k\u00fcnftigen K\u00f6nige von Preu\u00dfen. Die Ballei unterhielt weiterhin freundschaftliche Beziehungen zum Souver\u00e4nen Malteser Orden. Im Jahr 1811 wurde sie vom K\u00f6nig von Preu\u00dfen aufgel\u00f6st, der wenig sp\u00e4ter den K\u00f6niglich- Preu\u00dfischen Johanniterorden als Verdienstorden gr\u00fcndete.<\/p>\n<p>Im Jahr 1852 lebte er als Ballei von Brandenburg wieder auf und wurde ein Orden des preu\u00dfischen Adels. Mit dem Untergang der Monarchie im Jahr 1918 l\u00f6ste sich der Orden vom Staat und wurde unabh\u00e4ngig. Er ist in weiteren L\u00e4ndern Europas, in Kanada und in den Vereinigten Staaten vertreten, unterh\u00e4lt in Deutschland Krankenh\u00e4user und Altenheime und f\u00fchrt die Johanniter-Unfallhilfe.<\/p>\n<p>Es gibt autonome Niederlassungen des Ordens in Finnland, Frankreich, Ungarn und in der Schweiz.<\/p>\n<p><strong><span style=\"color: #e31a18;\"><a style=\"color: #e31a18;\" href=\"http:\/\/www.johanniter.org\" target=\"_blank\">www.johanniter.org<\/a><\/span><\/strong><\/div>\n<\/div>\n<\/div>\n<div style=\"margin-bottom:50px;\">\n<div class=\"main-block-wrapper clearfix\">\n<h5><a>Der Orden vom Hl. Johannes in den Niederlanden<\/a><\/h5>\n<div>Mit Beginn des 12. Jahrhunderts tritt der Malteserorden in den Niederlanden in Erscheinung. Nach der Aufhebung der Ballei Brandenburg durch den K\u00f6nig von Preu\u00dfen im Jahr 1811 schlossen sich einige Holl\u00e4nder zusammen, um den Orden im Jahr 1852 neu zu gr\u00fcnden.<\/p>\n<p>Dies f\u00fchrte im Jahr 1909 zu einer eigenen Niederlassung im K\u00f6nigreich der Niederlande.<\/p>\n<p>Im Jahr 1946 trennte man sich vom deutschen Johanniterorden und stellte sich unter den Schutz der niederl\u00e4ndischen Krone, ohne jedoch ein niederl\u00e4ndischer Staatsorden zu werden.<\/p>\n<p>Der Orden betreibt Krankenh\u00e4user und Hospize und arbeitet bei verschiedenen karitativen Projekten mit dem Souver\u00e4nen Malteserorden zusammen.<\/p>\n<p><strong><span style=\"color: #e31a18;\"><a style=\"color: #e31a18;\" href=\"http:\/\/www.johanniter.nl\" target=\"_blank\">www.johanniter.nl<\/a><\/span><\/strong><\/div>\n<\/div>\n<\/div>\n<div style=\"margin-bottom:50px;\">\n<div class=\"main-block-wrapper clearfix\">\n<h5><a>Der Orden vom Hl. Johannes in Schweden<\/a><\/h5>\n<div>Der Malteserorden lie\u00df sich im 12. Jahrhundert in Skandinavien nieder. Im Jahr 1530 wurde er protestantisch. Der neue Orden geh\u00f6rte zur Ballei von Brandenburg.<\/p>\n<p>Im Jahr 1920 wurde er neu organisiert und dem deutschen Johanniterorden unterstellt, verblieb aber unter dem Schutz der schwedischen Krone. Im Jahr 1946 l\u00f6ste er sich aus der Abh\u00e4ngigkeit des deutschen Johanniterordens. Heute ist er in der Betreuung von Senioren und Kranken aktiv und arbeitet mit schwedischen Krankenh\u00e4usern zusammen sowie mit karitativen und christlichen Einrichtungen.<\/p>\n<p>Er beteiligt sich an internationalen Programmen f\u00fcr Fl\u00fcchtlinge und f\u00fcr politische Gefangene.<\/p>\n<p><strong><span style=\"color: #e31a18;\"><a style=\"color: #e31a18;\" href=\"http:\/\/www.johanniterorden.se\/en\" target=\"_blank\">www.johanniterorden.se<\/a><\/span><\/strong><\/div>\n<\/div>\n<\/div>\n<div style=\"margin-bottom:50px;\">\n<div class=\"main-block-wrapper clearfix\">\n<h5><a>Der Ehrw\u00fcrdige Orden vom Hl. Johannes in Gro\u00dfbritannien<\/a><\/h5>\n<div>Der Maltesrorden lie\u00df sich im 12. Jahrhundert auf den britischen Inseln nieder. Nach einer kurzen Periode unter der Herrschaft der K\u00f6nigin Maria, h\u00f6rte er bereits unter der Herrschaft von Heinrich VIII. auf zu existieren.<\/p>\n<p>Im Jahr 1830 wurde der Versuch unternommen, den Orden im Vereinigten K\u00f6nigreich wieder zu beleben, allerdings mit wenig Erfolg. Erst im Jahr 1870 entwickelte er sich als humanit\u00e4re Einrichtung. Im Jahr 1888 wurde er von K\u00f6nigin Victoria als Orden anerkannt, aber nicht als staatlicher Orden, sondern als Orden der Krone. Heute ist er allgemein anerkannt f\u00fcr seine T\u00e4tigkeit im Ambulanz- und Erste Hilfe Dienst.<\/p>\n<p>Er ist in verschiedenen L\u00e4ndern pr\u00e4sent, so in Jerusalem, wo er ein weithin bekanntes Zentrum f\u00fcr Augenheilkunde unterh\u00e4lt. Der ehrw\u00fcrdige Orden hat Priorate und Assoziationen in rund 40 meist englischsprachigen L\u00e4ndern. Er ist der einzige Orden unter den Orden vom Hl. Johannes ohne restriktive Aufnahmebedingungen.<\/p>\n<p><strong><span style=\"color: #e31a18;\"><a style=\"color: #e31a18;\" href=\"http:\/\/www.orderofstjohn.org\" target=\"_blank\">www.orderofstjohn.org<\/a><\/span><\/strong><\/div>\n<\/div>\n<\/div>\n<p><iframe loading=\"lazy\" width=\"560\" height=\"315\" src=\"https:\/\/www.youtube.com\/embed\/ZEJl4AMdycY?si=1cHRfFXAY3tvUCRj\" title=\"YouTube video player\" frameborder=\"0\" allow=\"accelerometer; autoplay; clipboard-write; encrypted-media; gyroscope; picture-in-picture; web-share\" referrerpolicy=\"strict-origin-when-cross-origin\" allowfullscreen style=\"width: 100%; height: 414px; margin-bottom: 32px;\"><\/iframe><\/p>\n","protected":false},"excerpt":{"rendered":"<p>Die Orden vom Hl. Johannes Neben dem Malteserorden werden nur noch 4 weitere nicht katholische Orden vom Hl. Johannes als Ritterorden anerkannt. Diese Orden unterscheiden sich von sonstigen nationalen Orden durch ihr christliches Glaubensbekenntnis und durch ihre Tradition als christliche Laienorden. Die 4 Orden vom Hl. Johannes zu Jerusalem haben sich in der \u201cAllianz\u201d der [&hellip;]<\/p>\n","protected":false},"author":1,"featured_media":0,"parent":612,"menu_order":0,"comment_status":"closed","ping_status":"closed","template":"template-rsidebar.php","meta":{"inline_featured_image":false,"footnotes":"","_links_to":"","_links_to_target":""},"class_list":["post-1584","page","type-page","status-publish","hentry"],"_links":{"self":[{"href":"https:\/\/ordredemaltesuisse.org\/de\/wp-json\/wp\/v2\/pages\/1584","targetHints":{"allow":["GET"]}}],"collection":[{"href":"https:\/\/ordredemaltesuisse.org\/de\/wp-json\/wp\/v2\/pages"}],"about":[{"href":"https:\/\/ordredemaltesuisse.org\/de\/wp-json\/wp\/v2\/types\/page"}],"author":[{"embeddable":true,"href":"https:\/\/ordredemaltesuisse.org\/de\/wp-json\/wp\/v2\/users\/1"}],"replies":[{"embeddable":true,"href":"https:\/\/ordredemaltesuisse.org\/de\/wp-json\/wp\/v2\/comments?post=1584"}],"version-history":[{"count":2,"href":"https:\/\/ordredemaltesuisse.org\/de\/wp-json\/wp\/v2\/pages\/1584\/revisions"}],"predecessor-version":[{"id":6915,"href":"https:\/\/ordredemaltesuisse.org\/de\/wp-json\/wp\/v2\/pages\/1584\/revisions\/6915"}],"up":[{"embeddable":true,"href":"https:\/\/ordredemaltesuisse.org\/de\/wp-json\/wp\/v2\/pages\/612"}],"wp:attachment":[{"href":"https:\/\/ordredemaltesuisse.org\/de\/wp-json\/wp\/v2\/media?parent=1584"}],"curies":[{"name":"wp","href":"https:\/\/api.w.org\/{rel}","templated":true}]}}