{"id":624,"date":"2017-02-08T13:29:53","date_gmt":"2017-02-08T12:29:53","guid":{"rendered":"https:\/\/ordredemaltesuisse.org\/\/swiss-association\/history\/"},"modified":"2017-05-18T17:23:11","modified_gmt":"2017-05-18T15:23:11","slug":"geschichte","status":"publish","type":"page","link":"https:\/\/ordredemaltesuisse.org\/de\/schweizer-organisation\/geschichte\/","title":{"rendered":"Geschichte"},"content":{"rendered":"<div class=\"main-block-wrapper clearfix\">\n<h2>Helvetische Assoziation des Malteserordens<\/h2>\n<p><img loading=\"lazy\" decoding=\"async\" class=\"alignnone wp-image-1326 size-large\" src=\"https:\/\/ordredemaltesuisse.org\/wp-content\/uploads\/sites\/3\/2017\/05\/Komende_004-NB-004-705x470.jpg\" alt=\"\" width=\"705\" height=\"470\" srcset=\"https:\/\/ordredemaltesuisse.org\/wp-content\/uploads\/sites\/3\/2017\/05\/Komende_004-NB-004-705x470.jpg 705w, https:\/\/ordredemaltesuisse.org\/wp-content\/uploads\/sites\/3\/2017\/05\/Komende_004-NB-004-303x202.jpg 303w, https:\/\/ordredemaltesuisse.org\/wp-content\/uploads\/sites\/3\/2017\/05\/Komende_004-NB-004-768x512.jpg 768w, https:\/\/ordredemaltesuisse.org\/wp-content\/uploads\/sites\/3\/2017\/05\/Komende_004-NB-004-600x400.jpg 600w\" sizes=\"auto, (max-width: 705px) 100vw, 705px\" \/><\/p>\n<p>1961 wurde der Malteserorden in der Schweiz in der ehemaligen Kommende Reiden wiederbelebt. Unter dem Namen:<\/p>\n<p><strong>&#8220;ASSOCIATION HELVETIQUE DE L&#8217;ORDRE SOUVERAIN, MILITAIRE ET HOSPITALIER DE SAINT-JEAN DE JERUSALEM, DIT DE RHODES, DIT DE MALTE&#8221;.<\/strong><\/p>\n<p>Seither besteht die Schweizerische Assoziation des Souver\u00e4nen Malteser Ritterordens. Ihr Sitz ist Luzern.<\/p>\n<p>Die Assoziation bezweckt die Verwirklichung der in der Ordensverfassung niedergelegten Ideale des Ordens auf dem Gebiete der Schweizerischen Eidgenossenschaft. Sie unterst\u00fctzt insbesondere die Werke der Spitalpflege, caritative und humanit\u00e4re Werke. Zudem organisiert sie Gottesdienste, f\u00f6rdert die Geschichtsforschung \u00fcber den Orden und ver\u00f6ffentlicht Berichte \u00fcber ihre T\u00e4tigkeiten mit dem Ziel einer ausgedehnten \u00f6ffentlichen Verbreitung derselben.<\/p>\n<p>Mitglieder der Assoziation sind Schweizerb\u00fcrger oder in der Schweiz domizilierte Personen, welche dem Conseil vom betreffenden Delegationsvorstand vorgeschlagen und vom Grossmeister und vom Souver\u00e4nen Rat aufgenommen werden.<\/p>\n<p>Die Mitglieder der Helvetischen Assoziation sind in drei Delegationen eingeteilt:<\/p>\n<p>&nbsp;<\/p>\n<ul>\n<li>die Delegation der deutschen Schweiz<\/li>\n<li>die Delegation der italienischen Schweiz und<\/li>\n<li>die Delegation der franz\u00f6sischen Schweiz<\/li>\n<\/ul>\n<p><strong>Die urspr\u00fcnglichen Niederlassungen<\/strong><\/p>\n<p>Schon sehr fr\u00fch breiteten sich Niederlassungen des Ordens des Heiligen Johannes ausserhalb des heiligen Landes aus. Auf dem Gebiet der heutigen Schweiz entstanden zwischen 1180 und 1456 an die zwanzig Niederlassungen, Kommenden genannt.<\/p>\n<p>Die \u00e4ltesten Niederlassungen waren M\u00fcnchenbuchsee (1180), Hohenrain (1183) und Bubikon (1192). Es folgten weitere in Basel, Biberstein, Biel, La Chaux, Compesi\u00e8res, Contone, Fribourg, Klingnau, K\u00fcsnacht, Leuggern, Reiden, Rheinfelden, Salgesch-Simplon, Thunstetten, Tobel und W\u00e4denswil.<\/p>\n<p>Diesen Kommenden waren kleine Hospit\u00e4ler zur Aufnahme von Kranken und Pilgern angegliedert. Zahlreiche Niederlassungen fielen der Glaubensspaltung zum Opfer, die restlichen der S\u00e4kularisationen anfangs des 19. Jahrhundert. 1825 hat der Staat Fribourg die Priesterkommende als letzten Ordenssitz der Schweiz aufgehoben.<\/p>\n<\/div>\n","protected":false},"excerpt":{"rendered":"<p>Helvetische Assoziation des Malteserordens 1961 wurde der Malteserorden in der Schweiz in der ehemaligen Kommende Reiden wiederbelebt. Unter dem Namen: &#8220;ASSOCIATION HELVETIQUE DE L&#8217;ORDRE SOUVERAIN, MILITAIRE ET HOSPITALIER DE SAINT-JEAN DE JERUSALEM, DIT DE RHODES, DIT DE MALTE&#8221;. Seither besteht die Schweizerische Assoziation des Souver\u00e4nen Malteser Ritterordens. Ihr Sitz ist Luzern. Die Assoziation bezweckt die [&hellip;]<\/p>\n","protected":false},"author":1,"featured_media":0,"parent":618,"menu_order":0,"comment_status":"closed","ping_status":"closed","template":"template-rsidebar.php","meta":{"inline_featured_image":false,"footnotes":"","_links_to":"","_links_to_target":""},"class_list":["post-624","page","type-page","status-publish","hentry"],"_links":{"self":[{"href":"https:\/\/ordredemaltesuisse.org\/de\/wp-json\/wp\/v2\/pages\/624","targetHints":{"allow":["GET"]}}],"collection":[{"href":"https:\/\/ordredemaltesuisse.org\/de\/wp-json\/wp\/v2\/pages"}],"about":[{"href":"https:\/\/ordredemaltesuisse.org\/de\/wp-json\/wp\/v2\/types\/page"}],"author":[{"embeddable":true,"href":"https:\/\/ordredemaltesuisse.org\/de\/wp-json\/wp\/v2\/users\/1"}],"replies":[{"embeddable":true,"href":"https:\/\/ordredemaltesuisse.org\/de\/wp-json\/wp\/v2\/comments?post=624"}],"version-history":[{"count":0,"href":"https:\/\/ordredemaltesuisse.org\/de\/wp-json\/wp\/v2\/pages\/624\/revisions"}],"up":[{"embeddable":true,"href":"https:\/\/ordredemaltesuisse.org\/de\/wp-json\/wp\/v2\/pages\/618"}],"wp:attachment":[{"href":"https:\/\/ordredemaltesuisse.org\/de\/wp-json\/wp\/v2\/media?parent=624"}],"curies":[{"name":"wp","href":"https:\/\/api.w.org\/{rel}","templated":true}]}}