{"id":6579,"date":"2024-12-10T14:11:47","date_gmt":"2024-12-10T13:11:47","guid":{"rendered":"https:\/\/ordredemaltesuisse.org\/aide-humanitaire-gaza\/"},"modified":"2024-12-10T14:50:20","modified_gmt":"2024-12-10T13:50:20","slug":"humanitare-hilfe-gaza","status":"publish","type":"page","link":"https:\/\/ordredemaltesuisse.org\/de\/humanitare-hilfe-gaza\/","title":{"rendered":"Humanit\u00e4re Hilfe Gaza"},"content":{"rendered":"<style>\n    .banner {\n        position: relative;\n        margin: 3.75rem 0;\n    }\n    .banner img {\n        width: 100%;\n        height: auto;\n    }\n    .banner h1 {\n        background-color: #e31a18;\n        color: #fff;\n        padding: 1rem;\n        text-align: center;\n        font-weight: 700;\n    }\n    .end {\n        margin: 3.75rem 0;\n        padding: 5rem;\n        border: 1px solid #e31a18;\n    }\n    .end h2 {\n        color: #e31a18;\n        text-align: center;\n        font-weight: 700;\n    }\n    p {\n        font-size: 24px;\n        line-height: 32px;\n        text-align: center;\n    }\n    .red-banner {\n        background-color: #e31a18;\n        color: #fff;\n        padding: 5rem 5rem 7rem 5rem;\n        margin: 3.75rem 0 5rem 0;\n    }\n    .red-banner .icons {\n        display: flex;\n        justify-content: space-between;\n        margin-top: 3.75rem;\n    }\n    .red-banner .icons .icon-item {\n        display: flex;\n        flex-direction: column;\n        align-items: center;\n        justify-content: center;\n    }\n    .red-banner .icons .icon-item img {\n        height: 80px;\n        width: auto;\n    }\n    .red-banner .icons .icon-item span {\n        text-align: center;\n        margin-bottom: -10px;\n        font-size: 22px;\n        line-height: 26px;\n    }\n    .red-banner .icons .icon-item span:first-of-type {\n        font-weight: 700;\n    }\n    .red-banner h2 {\n        color: #fff;\n        text-align: center;\n        font-weight: 700;\n    }\n    .help {\n        display: flex;\n        margin: 2.5rem 0;\n    }\n    .help .col-left {\n        width: 45%;\n        display: flex;\n    }\n    .help .col-right {\n        width: 45%;\n        margin-left: auto;\n    }\n    .help p {\n        text-align: left;\n    }\n    img {\n        max-width: 100%;\n        height: auto;\n    }\n    .more {\n        padding: 5rem;\n        border: 1px solid #cdcecf;\n        margin-bottom: 60px;\n    }\n    .more h3 {\n        color: #e31a18;\n        font-weight: 700;\n    }\n    .more ul {\n        list-style: none;\n        padding-left: 0;\n        margin: 2.5rem 0;\n    }\n    .more ul li {\n        font-size: 24px;\n        line-height: 32px;\n    }\n    .more p {\n        text-align: left;\n    }\n    @media(max-width: 992px) {\n        .red-banner .icons {\n            flex-direction: column;\n        }\n        .red-banner .icons .icon-item {\n            margin-bottom: 10rem;\n        }\n        .red-banner .icons .icon-item:last-of-type {\n            margin-bottom: 0;\n        }\n        .help {\n            flex-direction: column;\n        }\n        .help .col-left,\n        .help .col-right {\n            width: 100%;\n        }\n        .help .col-right {\n            margin-top: 3.75rem;\n        }\n    }\n<\/style>\n<div class=\"banner\">\n    <img decoding=\"async\" src=\"https:\/\/ordredemaltesuisse.org\/wp-content\/uploads\/sites\/3\/2024\/12\/A4_Holy_Land_Emergency_FR-copie-1.jpg\"><\/p>\n<h1>HUMANIT\u00c4RE HILFE IN GAZA : DIE MENSCHEN BRAUCHEN IHRE HILFE !<\/h1>\n<\/div>\n<p>Hunger und die mangelhafte Versorgung mit lebenswichtigen G\u00fctern lassen<br \/>\ndie Menschen in Gaza verzweifeln.<br \/>\nF\u00fcr fast 2 Mio. Fl\u00fcchtlinge und \u00fcber 100.000 Verletzte, darunter viele Kinder,<br \/>\nsind die Lebensbedingungen katastrophal. Medizinische Hilfe und Nahrungs-<br \/>\nmittel werden dringend ben\u00f6tigt.<\/p>\n<p><strong>Bisher konnten wir 8.000 Familien, etwa 40.000 Menschen, erreichen.<\/strong><\/p>\n<p>Dank Ihrer Spende k\u00f6nnen wir unsere Hilfe fortsetzen.<\/p>\n<div class=\"red-banner\">\n<h2>Warum mit uns?<\/h2>\n<p>Weil wir Zugang nach Gaza haben und sicherstellen,<br \/>\ndass die Hilfe bei den Menschen ankommt.<\/p>\n<div class=\"icons\">\n<div class=\"icon-item\">\n            <img decoding=\"async\" src=\"https:\/\/ordredemaltesuisse.org\/wp-content\/uploads\/sites\/3\/2024\/12\/icn-food.png\"><br \/>\n            <span>50 CHF<\/span><br \/>\n            <span>=<\/span><br \/>\n            <span>Frische lebensmittel<br \/>1 monat f\u00fcr 1 familie<\/span>\n        <\/div>\n<div class=\"icon-item\">\n            <img decoding=\"async\" src=\"https:\/\/ordredemaltesuisse.org\/wp-content\/uploads\/sites\/3\/2024\/12\/icn-food-1.png\"><br \/>\n            <span>150 CHF<\/span><br \/>\n            <span>=<\/span><br \/>\n            <span>Haltbare lebensmittel<br \/>1 monat f\u00fcr 1 familie<\/span>\n        <\/div>\n<div class=\"icon-item\">\n            <img decoding=\"async\" src=\"https:\/\/ordredemaltesuisse.org\/wp-content\/uploads\/sites\/3\/2024\/12\/icn-food-2.png\"><br \/>\n            <span>250 CHF<\/span><br \/>\n            <span>=<\/span><br \/>\n            <span>Medikamente f\u00fcr<br \/>bed\u00fcrftige patienten<\/span>\n        <\/div>\n<div class=\"icon-item\">\n            <img decoding=\"async\" src=\"https:\/\/ordredemaltesuisse.org\/wp-content\/uploads\/sites\/3\/2024\/12\/icn-food-3.png\"><br \/>\n            <span>450 CHF<\/span><br \/>\n            <span>=<\/span><br \/>\n            <span>Medizinische notversorgung<br \/>f\u00fcr 2 kinder<\/span>\n        <\/div>\n<\/p><\/div>\n<\/div>\n<div class=\"help\">\n<div class=\"col-left\">\n        <img decoding=\"async\" src=\"https:\/\/ordredemaltesuisse.org\/wp-content\/uploads\/sites\/3\/2024\/12\/bank-transfer.jpg\"><\/p>\n<p>\n            Bank\u00fcberweisung:<br \/>\nCH640026026038304042G<br \/>\nFondation de l\u2018Ass. Helv\u00e9tique de l\u2018Ordre<br \/>\nS.M. de Malte (FONDAHOM)<br \/>\nReferenz: Holy Land Emergency\n        <\/p>\n<\/p><\/div>\n<div class=\"col-right\">\n        <img decoding=\"async\" src=\"https:\/\/ordredemaltesuisse.org\/wp-content\/uploads\/sites\/3\/2024\/12\/TWINT-DE.jpg\">\n    <\/div>\n<\/div>\n<div class=\"end\">\n<h2>UNSER VERSPRECHEN: SIE ERREICHEN MIT IHRER SPENDE DIE MENSCHEN IN GAZA!<\/h2>\n<p>\n        Wir sind die \u00e4lteste christliche Hilfsorganisation.<br \/>\nWir leisten Beistand unabh\u00e4ngig von Religion und Herkunft.<br \/>\nWir sind ein selbst\u00e4ndiges, politisch neutrales Subjekt des V\u00f6lkerrechts.<br \/>\nWir haben Beobachterstatus bei UNO und EU.<br \/>\nWir geniessen ein hohes Ansehen bei allen Beteiligten.<br \/>\nWir verf\u00fcgen \u00fcber ein Beziehungsnetz, das den Zugang zum Krisengebiet erm\u00f6glicht.\n    <\/p>\n<\/div>\n<div class=\"more\">\n<h3>Spenden Sie an den Malteserorden Schweiz<\/h3>\n<p>\n        Seit mehreren Monaten ist die Situation im Gazastreifen aufgrund des Krieges katastrophal.<br \/>\n        Die Zivilbev\u00f6lkerung ist schwer betroffen; sie lebt inmitten von Tr\u00fcmmern und hat keinen Zugang zu Trinkwasser, da die Brunnen zerst\u00f6rt sind.<br \/>\n        Die hygienischen Bedingungen sind miserabel, die Mehrheit der Menschen lebt zwischen M\u00fcll und in Schmutz.<br \/>\n        Die Bewohner von Gaza sind hungrig und leben in st\u00e4ndiger Angst vor Bomben. Trotz wiederholter Aufforderungen der Beh\u00f6rden<br \/>\n        weigert sich die Bev\u00f6lkerung, in sicherere Gebiete umzuziehen, die leider bereits \u00fcberf\u00fcllt sind.\n    <\/p>\n<h3>Wer sind wir?<\/h3>\n<p>\n        Der Malteserorden, die \u00e4lteste christliche Wohlt\u00e4tigkeitsorganisation, hat sich dem Prinzip verschrieben, Menschen in Not zu helfen,<br \/>\n        unabh\u00e4ngig von ihrer Herkunft oder Religion. Der neutrale Ansatz der humanit\u00e4ren Hilfe,<br \/>\n        gest\u00fctzt auf das weitreichende diplomatische Netzwerk des Ordens, erm\u00f6glicht es, eine der wenigen Organisationen zu sein,<br \/>\n        die effektiv Konsumg\u00fcter im Gazastreifen liefern und verteilen k\u00f6nnen.<br \/>\n        In den letzten Monaten konnten so fast 8.000 Familien in Gaza \u2013 etwa 40.000 Menschen \u2013<br \/>\n        mit lebensnotwendigen G\u00fctern versorgt werden.\n    <\/p>\n<h3>Warum Ihre Hilfe wichtig ist<\/h3>\n<p>\n        Humanit\u00e4re Hilfe in Gaza kann auf Dauer nur mit Unterst\u00fctzung der westlichen L\u00e4nder, einschlie\u00dflich der Schweiz, geleistet werden.<br \/>\n        Der Malteserorden braucht Ihre Zusammenarbeit und Solidarit\u00e4t!\n    <\/p>\n<h3>Die humanit\u00e4re Notlage in Gaza<\/h3>\n<p>Der Gazastreifen steht vor einer beispiellosen humanit\u00e4ren Krise, die durch folgende Faktoren gekennzeichnet ist:<\/p>\n<ul>\n<li>Eine lang anhaltende Blockade, die den Zugang zu lebenswichtigen G\u00fctern wie Nahrung, Medikamenten und Baumaterialien einschr\u00e4nkt.<\/li>\n<li>Wiederkehrende Konflikte, die zivile Infrastrukturen zerst\u00f6ren und die humanit\u00e4re Lage versch\u00e4rfen.<\/li>\n<li>Eine hohe Arbeitslosenquote, die Tausende Familien in die Armut st\u00fcrzt.<\/li>\n<li>Eine Gesundheitskrise, die durch Medikamentenmangel und fehlende medizinische Ausr\u00fcstung versch\u00e4rft wird.<\/li>\n<\/ul>\n<h3>Das Engagement des Malteserordens in Gaza<\/h3>\n<p>Angesichts dieser Notlage finanziert der Malteserorden Schweiz konkrete Ma\u00dfnahmen, um der Bev\u00f6lkerung in Gaza lebenswichtige humanit\u00e4re Hilfe zu leisten:<\/p>\n<ul>\n<li><strong>Lebensmittelverteilung:<\/strong> Wir liefern regelm\u00e4\u00dfig Lebensmittelpakete an Tausende von Familien, um ihre Grundbed\u00fcrfnisse zu decken.<\/li>\n<li><strong>Verteilung von medizinischem Material:<\/strong> Wir bringen dringend ben\u00f6tigte medizinische Ausr\u00fcstung, um die gesundheitlichen Notf\u00e4lle zu bew\u00e4ltigen.<\/li>\n<li><strong>Verteilung von \u00dcberlebensausr\u00fcstung:<\/strong> Essenzielle \u00dcberlebenspakete werden an die am st\u00e4rksten gef\u00e4hrdeten Bev\u00f6lkerungsgruppen verteilt.<\/li>\n<\/ul>\n<p>\n        Diese Mission wird von Malteser International, der auf Katastrophenhilfe spezialisierten Einheit des Ordens, koordiniert und durchgef\u00fchrt.\n    <\/p>\n<h3>Unser Engagement: Eine Mission ohne Grenzen<\/h3>\n<p>\n        Der Malteserorden Schweiz handelt ohne Unterscheidung von Herkunft, Religion oder Glauben.<br \/>\n        Unser Ziel ist es, allen Bed\u00fcrftigen bedingungslose Unterst\u00fctzung zu bieten und ihre W\u00fcrde zu respektieren.\n    <\/p>\n<h3>Warum sollten Sie unsere Arbeit unterst\u00fctzen?<\/h3>\n<p>\n        <strong>Ihre Spende z\u00e4hlt:<\/strong> Jede Spende, egal in welcher H\u00f6he, hilft, Leben zu retten und die Lebensbedingungen der Menschen in Gaza zu verbessern.\n    <\/p>\n<p>\n        Dank Ihrer Gro\u00dfz\u00fcgigkeit k\u00f6nnen wir weiterhin lebenswichtige Hilfe f\u00fcr die Menschen in Gaza leisten.<br \/>\n        Gemeinsam machen wir diese Welt menschlicher und solidarischer.\n    <\/p>\n<\/div>\n","protected":false},"excerpt":{"rendered":"<p>HUMANIT\u00c4RE HILFE IN GAZA : DIE MENSCHEN BRAUCHEN IHRE HILFE ! Hunger und die mangelhafte Versorgung mit lebenswichtigen G\u00fctern lassen die Menschen in Gaza verzweifeln. F\u00fcr fast 2 Mio. Fl\u00fcchtlinge und \u00fcber 100.000 Verletzte, darunter viele Kinder, sind die Lebensbedingungen katastrophal. Medizinische Hilfe und Nahrungs- mittel werden dringend ben\u00f6tigt. Bisher konnten wir 8.000 Familien, etwa [&hellip;]<\/p>\n","protected":false},"author":30,"featured_media":0,"parent":0,"menu_order":0,"comment_status":"closed","ping_status":"closed","template":"","meta":{"inline_featured_image":false,"footnotes":"","_links_to":"","_links_to_target":""},"class_list":["post-6579","page","type-page","status-publish","hentry"],"_links":{"self":[{"href":"https:\/\/ordredemaltesuisse.org\/de\/wp-json\/wp\/v2\/pages\/6579","targetHints":{"allow":["GET"]}}],"collection":[{"href":"https:\/\/ordredemaltesuisse.org\/de\/wp-json\/wp\/v2\/pages"}],"about":[{"href":"https:\/\/ordredemaltesuisse.org\/de\/wp-json\/wp\/v2\/types\/page"}],"author":[{"embeddable":true,"href":"https:\/\/ordredemaltesuisse.org\/de\/wp-json\/wp\/v2\/users\/30"}],"replies":[{"embeddable":true,"href":"https:\/\/ordredemaltesuisse.org\/de\/wp-json\/wp\/v2\/comments?post=6579"}],"version-history":[{"count":3,"href":"https:\/\/ordredemaltesuisse.org\/de\/wp-json\/wp\/v2\/pages\/6579\/revisions"}],"predecessor-version":[{"id":6598,"href":"https:\/\/ordredemaltesuisse.org\/de\/wp-json\/wp\/v2\/pages\/6579\/revisions\/6598"}],"wp:attachment":[{"href":"https:\/\/ordredemaltesuisse.org\/de\/wp-json\/wp\/v2\/media?parent=6579"}],"curies":[{"name":"wp","href":"https:\/\/api.w.org\/{rel}","templated":true}]}}