{"id":6706,"date":"2025-03-05T16:37:02","date_gmt":"2025-03-05T15:37:02","guid":{"rendered":"https:\/\/ordredemaltesuisse.org\/?page_id=6706"},"modified":"2025-03-05T16:37:03","modified_gmt":"2025-03-05T15:37:03","slug":"der-grossmeister","status":"publish","type":"page","link":"https:\/\/ordredemaltesuisse.org\/de\/der-grossmeister\/","title":{"rendered":"Der Grossmeister"},"content":{"rendered":"<div class=\"main-block-wrapper clearfix\">\n<h2>Souver\u00e4n und Religi\u00f6ser Oberer des Malteserordens<\/h2>\n<p>\n        Der Grossmeister wird vom Grossen Staatsrat f\u00fcr eine Amtszeit von zehn Jahren gew\u00e4hlt.<br \/>\n        In seiner Eigenschaft als Souver\u00e4n und Oberer des Ordens ist er laut Verfassung verpflichtet, sich mit ganzer Hingabe der Entwicklung der Werke des Ordens zu widmen und allen Mitgliedern ein Vorbild an religi\u00f6ser Rechtschaffenheit zu sein. Der Grossmeister \u00fcbt die h\u00f6chste Amtsgewalt aus.<br \/>\n        Gemeinsam mit dem Souver\u00e4nen Rat ist der Grossmeister daf\u00fcr zust\u00e4ndig, gesetzgeberische Ma\u00dfnahmen zu erlassen, die nicht in der Verfassungscharta vorgesehen sind, Regierungsakte zu verk\u00fcnden und internationale Abkommen zu ratifizieren. \u00dcber den Rezeptor des Gemeinsamen Schatzamtes verwaltet er die G\u00fcter des Ordens und beruft das Kapitel der Professen und das Generalkapitel ein.<br \/>\n        Die Staaten, mit denen der Orden diplomatische Beziehungen unterh\u00e4lt, erkennen dem Grossmeister die Vorrechte, Immunit\u00e4ten und Ehrenbezeugungen zu, die Staatsoberh\u00e4uptern zustehen.<br \/>\n        Der Grossmeister residiert am Sitz des Ordens, dem Magistralpalast in Rom.\n    <\/p>\n<h3>Grossmeister, Fra\u2019 John T. Dunlap<\/h3>\n<p>    <img decoding=\"async\" src=\"https:\/\/ordredemaltesuisse.org\/wp-content\/uploads\/sites\/3\/2025\/03\/NICU8996.jpg\" style=\"width: 100%; height: auto;\">\n<\/div>\n","protected":false},"excerpt":{"rendered":"<p>Souver\u00e4n und Religi\u00f6ser Oberer des Malteserordens Der Grossmeister wird vom Grossen Staatsrat f\u00fcr eine Amtszeit von zehn Jahren gew\u00e4hlt. In seiner Eigenschaft als Souver\u00e4n und Oberer des Ordens ist er laut Verfassung verpflichtet, sich mit ganzer Hingabe der Entwicklung der Werke des Ordens zu widmen und allen Mitgliedern ein Vorbild an religi\u00f6ser Rechtschaffenheit zu sein. [&hellip;]<\/p>\n","protected":false},"author":30,"featured_media":0,"parent":0,"menu_order":0,"comment_status":"closed","ping_status":"closed","template":"template-rsidebar.php","meta":{"inline_featured_image":false,"footnotes":"","_links_to":"","_links_to_target":""},"class_list":["post-6706","page","type-page","status-publish","hentry"],"_links":{"self":[{"href":"https:\/\/ordredemaltesuisse.org\/de\/wp-json\/wp\/v2\/pages\/6706","targetHints":{"allow":["GET"]}}],"collection":[{"href":"https:\/\/ordredemaltesuisse.org\/de\/wp-json\/wp\/v2\/pages"}],"about":[{"href":"https:\/\/ordredemaltesuisse.org\/de\/wp-json\/wp\/v2\/types\/page"}],"author":[{"embeddable":true,"href":"https:\/\/ordredemaltesuisse.org\/de\/wp-json\/wp\/v2\/users\/30"}],"replies":[{"embeddable":true,"href":"https:\/\/ordredemaltesuisse.org\/de\/wp-json\/wp\/v2\/comments?post=6706"}],"version-history":[{"count":1,"href":"https:\/\/ordredemaltesuisse.org\/de\/wp-json\/wp\/v2\/pages\/6706\/revisions"}],"predecessor-version":[{"id":6707,"href":"https:\/\/ordredemaltesuisse.org\/de\/wp-json\/wp\/v2\/pages\/6706\/revisions\/6707"}],"wp:attachment":[{"href":"https:\/\/ordredemaltesuisse.org\/de\/wp-json\/wp\/v2\/media?parent=6706"}],"curies":[{"name":"wp","href":"https:\/\/api.w.org\/{rel}","templated":true}]}}