{"id":677,"date":"2017-02-08T13:26:54","date_gmt":"2017-02-08T12:26:54","guid":{"rendered":"https:\/\/ordredemaltesuisse.org\/\/swiss-association\/mission\/"},"modified":"2019-01-05T13:21:31","modified_gmt":"2019-01-05T12:21:31","slug":"auftrag","status":"publish","type":"page","link":"https:\/\/ordredemaltesuisse.org\/de\/schweizer-organisation\/auftrag\/","title":{"rendered":"Auftrag"},"content":{"rendered":"<div class=\"main-block-wrapper clearfix\">\n<h2>Auftrag<\/h2>\n<p><img loading=\"lazy\" decoding=\"async\" class=\"alignnone wp-image-793 size-full\" src=\"https:\/\/ordredemaltesuisse.org\/wp-content\/uploads\/sites\/3\/2017\/02\/sovereign_mission-e1495121502938.jpeg\" alt=\"\" width=\"680\" height=\"400\" \/><\/p>\n<p><strong>Auftrag des Ordens<\/strong><\/p>\n<p>Der Orden vom Hl. Johannes zu Jerusalem ist eine der \u00e4ltesten Einrichtungen des christlichen Abendlandes. Etwa um das Jahr 1050 beginnt er in Pal\u00e4stina zu wirken. Er ist ein religi\u00f6ser Laienorden mit milit\u00e4risch-ritterlicher und adeliger Tradition. Unter seinen 13&#8217;500 Mitgliedern sind einige Professbr\u00fcder, andere haben Gehorsam gelobt. Ritter und Damen sind im \u00fcbrigen Laien, die sich zu den Werten des Christentums und der christlichen Caritas bekennen. Was die Ordensritter insbesondere auszeichnet ist ihr spirituelles Engagement im Rahmen der Kirche und die Bereitschaft, sich nach Kr\u00e4ften f\u00fcr die Armen und Notleidenden einzusetzen. Der Malteserorden handelt nach dem Prinzip, das in dem Leitwort &#8220;Tuitio Fidei et Obsequium Pauperum&#8221; manifest wird: Bezeugung des Glaubens und Dienst an den Armen und Kranken . Hiernach richten sich Damen und Ritter bei ihrem freiwilligen Einsatz in Hilfseinrichtungen, in medizinischen und sozialen Projekten. Heute ist der Orden in \u00fcber 120 L\u00e4ndern der Erde mit eigenen medizinischen, sozialen und sonstigen Hilfseinrichtungen vertreten.<\/p>\n<p><strong>Wesensmerkmale des Ordens<\/strong><\/p>\n<p>Der Orden ist eine unabh\u00e4ngige und souver\u00e4ne K\u00f6rperschaft. Er hat eine eigene Rechtsordnung, kann Reisedokumente ausstellen, Briefmarken herausgeben, besitzt M\u00fcnzrecht und kann \u00f6ffentlich-rechtliche Anstalten nach melitensischem Recht mit eigener Rechtspers\u00f6nlichkeit einrichten. An der Spitze des Ordens steht seit Mai 2018 der auf Lebenszeit gew\u00e4hlte 80. Gro\u00dfmeister, Fra` Giacomo Dalla Torre del Tempio di Sanguinetto.<br \/>\nDer Orden, der seinen Sitz in Rom hat, unterh\u00e4lt mit 108 Staaten der Erde &#8211; darunter viele nicht katholische Staaten &#8211; diplomatische Beziehungen. Dazu kommen Vertretungen bei einigen wichtigen europ\u00e4ischen L\u00e4ndern sowie st\u00e4ndige Missionen bei europ\u00e4ischen und internationalen Organisationen. Der Malteserorden ist neutral, unparteiisch und unpolitisch. Die bef\u00e4higt ihn, in besonderer Weise als Vermittler bei zwischenstaatlichen Konflikten zu intervenieren.<\/p>\n<p><strong>Der Orden und die Republik von Malta<\/strong><\/p>\n<p>Nach vertraglicher Regelung mit der Regierung von Malta ist der Orden vor einigen Jahren auch nach Malta zur\u00fcckgekehrt. F\u00fcr die Dauer von 99 Jahren hat ihm die Regierung die ungehinderte Nutzung des Forts Sant` Angelo einger\u00e4umt. Dieses Fort, das in der Stadt Birgu liegt, hat dem Orden von 1530 bis zur Besetzung der Insel durch Napoleon im Jahre 1798 geh\u00f6rt. Heute, nach umfangreichen Restaurierungsarbeiten, finden verschiedene historische und kulturelle Veranlassungen \u00fcber den Malteserorden im Fort statt.<\/p>\n<\/div>\n","protected":false},"excerpt":{"rendered":"<p>Auftrag Auftrag des Ordens Der Orden vom Hl. Johannes zu Jerusalem ist eine der \u00e4ltesten Einrichtungen des christlichen Abendlandes. Etwa um das Jahr 1050 beginnt er in Pal\u00e4stina zu wirken. Er ist ein religi\u00f6ser Laienorden mit milit\u00e4risch-ritterlicher und adeliger Tradition. Unter seinen 13&#8217;500 Mitgliedern sind einige Professbr\u00fcder, andere haben Gehorsam gelobt. Ritter und Damen sind [&hellip;]<\/p>\n","protected":false},"author":1,"featured_media":0,"parent":618,"menu_order":0,"comment_status":"closed","ping_status":"closed","template":"template-rsidebar.php","meta":{"inline_featured_image":false,"footnotes":"","_links_to":"","_links_to_target":""},"class_list":["post-677","page","type-page","status-publish","hentry"],"_links":{"self":[{"href":"https:\/\/ordredemaltesuisse.org\/de\/wp-json\/wp\/v2\/pages\/677","targetHints":{"allow":["GET"]}}],"collection":[{"href":"https:\/\/ordredemaltesuisse.org\/de\/wp-json\/wp\/v2\/pages"}],"about":[{"href":"https:\/\/ordredemaltesuisse.org\/de\/wp-json\/wp\/v2\/types\/page"}],"author":[{"embeddable":true,"href":"https:\/\/ordredemaltesuisse.org\/de\/wp-json\/wp\/v2\/users\/1"}],"replies":[{"embeddable":true,"href":"https:\/\/ordredemaltesuisse.org\/de\/wp-json\/wp\/v2\/comments?post=677"}],"version-history":[{"count":0,"href":"https:\/\/ordredemaltesuisse.org\/de\/wp-json\/wp\/v2\/pages\/677\/revisions"}],"up":[{"embeddable":true,"href":"https:\/\/ordredemaltesuisse.org\/de\/wp-json\/wp\/v2\/pages\/618"}],"wp:attachment":[{"href":"https:\/\/ordredemaltesuisse.org\/de\/wp-json\/wp\/v2\/media?parent=677"}],"curies":[{"name":"wp","href":"https:\/\/api.w.org\/{rel}","templated":true}]}}