{"id":7492,"date":"2025-09-15T10:26:44","date_gmt":"2025-09-15T08:26:44","guid":{"rendered":"https:\/\/ordredemaltesuisse.org\/?page_id=7492"},"modified":"2025-09-15T10:27:09","modified_gmt":"2025-09-15T08:27:09","slug":"internationale-wallfahrt-nach-lourdes","status":"publish","type":"page","link":"https:\/\/ordredemaltesuisse.org\/de\/internationale-wallfahrt-nach-lourdes\/","title":{"rendered":"Internationale Wallfahrt nach Lourdes"},"content":{"rendered":"\n<figure class=\"wp-block-video\"><video height=\"1080\" style=\"aspect-ratio: 1920 \/ 1080;\" width=\"1920\" controls src=\"https:\/\/ordredemaltesuisse.org\/wp-content\/uploads\/sites\/3\/2025\/08\/20250626_Lourdes_2025_Webseite_16x9_clean.mp4\"><\/video><figcaption class=\"wp-element-caption\">Wallfahrt 2025<\/figcaption><\/figure>\n\n\n\n<p>Im weltweit bekannten marianischen Wallfahrtsort Lourdes am Fusse der Pyren\u00e4en erschien die Gottesmutter einem 14-j\u00e4hrigen Bauernm\u00e4dchen \u2013 Bernadette Soubirous \u2013 in einer Grotte. Die erste Erscheinung erfolgte im Winter 1858. Insgesamt 18 Erscheinungen fanden zwischen dem 11. Februar und dem 16. Juli 1858 bei der Grotte von Massabielle in Lourdes statt. Sie sollten die Geschichte der Christenheit pr\u00e4gen. So weist die Gottesmutter Bernadette an, in dem felsigen Boden bei der Grotte zu graben. Bernadette st\u00f6sst auf eine Quelle, deren heilende Wirkung nachgewiesen ist. Seither sind in Lourdes zahlreiche Wunderheilungen geschehen. J\u00e4hrlich pilgern tausende Menschen dorthin, um an der Grotte zu beten.&nbsp;<\/p>\n\n\n\n<p>Einige der nationalen Assoziationen des Malteserordens hatten bereits vor 1958 Pilgerfahrten nach Lourdes organisiert. Anl\u00e4sslich des hundertsten Jahrestages der Erscheinungen 1958 veranstaltete der Malteserorden dann eine internationale Pilgerreise. Seither f\u00fchrt der Orden jedes Jahr Anfang Mai unter der Leitung des Grossmeisters eine internationale Pilgerreise nach Lourdes durch. Mitglieder und Freiwillige des Ordens aus 45 L\u00e4ndern aller sechs Kontinente nehmen daran teil und bringen Tausende Kranker und Rollstuhlpilger mit. Die Helvetische Assoziation nimmt seit 1981 an der internationalen Wallfahrt des Malteserordens nach Lourdes teil.&nbsp;<\/p>\n\n\n\n<p>Auch dieses Jahr&nbsp;fand vom 2. bis 6. Mai die 67. internationale Pilgerfahrt des Malteserordens in Lourdes statt. \u00dcber 7\u2019000 Teilnehmende, darunter 1\u2019200 Kranke und Menschen mit Behinderungen, reisten an. Aus der Schweiz waren wir mit 323 Teilnehmenden dabei, einschliesslich 53 Kranken und Menschen mit Behinderungen Da wir uns im Heiligen Jahr 2025 befinden, stand diese Pilgerreise unter dem Motto: \u201cPilger der Hoffnung\u201d. Wir durften wunderbare Momente von Spiritualit\u00e4t und Gemeinschaft erfahren, die es uns erm\u00f6glichten, die Barmherzigkeit und Liebe Gottes in einer Welt wiederzuentdecken, die so oft von Leid und Spaltungen gepr\u00e4gt ist.<\/p>\n","protected":false},"excerpt":{"rendered":"<p>Im weltweit bekannten marianischen Wallfahrtsort Lourdes am Fusse der Pyren\u00e4en erschien die Gottesmutter einem 14-j\u00e4hrigen Bauernm\u00e4dchen \u2013 Bernadette Soubirous \u2013 in einer Grotte. Die erste Erscheinung erfolgte im Winter 1858. Insgesamt 18 Erscheinungen fanden zwischen dem 11. Februar und dem 16. Juli 1858 bei der Grotte von Massabielle in Lourdes statt. Sie sollten die Geschichte [&hellip;]<\/p>\n","protected":false},"author":30,"featured_media":0,"parent":0,"menu_order":0,"comment_status":"closed","ping_status":"closed","template":"","meta":{"inline_featured_image":false,"footnotes":"","_links_to":"","_links_to_target":""},"class_list":["post-7492","page","type-page","status-publish","hentry"],"_links":{"self":[{"href":"https:\/\/ordredemaltesuisse.org\/de\/wp-json\/wp\/v2\/pages\/7492","targetHints":{"allow":["GET"]}}],"collection":[{"href":"https:\/\/ordredemaltesuisse.org\/de\/wp-json\/wp\/v2\/pages"}],"about":[{"href":"https:\/\/ordredemaltesuisse.org\/de\/wp-json\/wp\/v2\/types\/page"}],"author":[{"embeddable":true,"href":"https:\/\/ordredemaltesuisse.org\/de\/wp-json\/wp\/v2\/users\/30"}],"replies":[{"embeddable":true,"href":"https:\/\/ordredemaltesuisse.org\/de\/wp-json\/wp\/v2\/comments?post=7492"}],"version-history":[{"count":1,"href":"https:\/\/ordredemaltesuisse.org\/de\/wp-json\/wp\/v2\/pages\/7492\/revisions"}],"predecessor-version":[{"id":7493,"href":"https:\/\/ordredemaltesuisse.org\/de\/wp-json\/wp\/v2\/pages\/7492\/revisions\/7493"}],"wp:attachment":[{"href":"https:\/\/ordredemaltesuisse.org\/de\/wp-json\/wp\/v2\/media?parent=7492"}],"curies":[{"name":"wp","href":"https:\/\/api.w.org\/{rel}","templated":true}]}}