{"id":760,"date":"2017-02-08T14:29:00","date_gmt":"2017-02-08T13:29:00","guid":{"rendered":"https:\/\/ordredemaltesuisse.org\/\/schweizer-organisation\/structure\/"},"modified":"2017-06-07T18:11:46","modified_gmt":"2017-06-07T16:11:46","slug":"struktur","status":"publish","type":"page","link":"https:\/\/ordredemaltesuisse.org\/de\/schweizer-organisation\/struktur\/","title":{"rendered":"Struktur"},"content":{"rendered":"<div class=\"main-block-wrapper clearfix\">\n<h2>Ritter &amp; Damen mit Wohlfahrtsmission<\/h2>\n<p><img loading=\"lazy\" decoding=\"async\" class=\"alignnone wp-image-2009 size-full\" src=\"https:\/\/ordredemaltesuisse.org\/wp-content\/uploads\/sites\/3\/2017\/02\/image001.jpg\" alt=\"\" width=\"800\" height=\"470\" srcset=\"https:\/\/ordredemaltesuisse.org\/wp-content\/uploads\/sites\/3\/2017\/02\/image001.jpg 800w, https:\/\/ordredemaltesuisse.org\/wp-content\/uploads\/sites\/3\/2017\/02\/image001-343x202.jpg 343w, https:\/\/ordredemaltesuisse.org\/wp-content\/uploads\/sites\/3\/2017\/02\/image001-768x451.jpg 768w, https:\/\/ordredemaltesuisse.org\/wp-content\/uploads\/sites\/3\/2017\/02\/image001-198x116.jpg 198w, https:\/\/ordredemaltesuisse.org\/wp-content\/uploads\/sites\/3\/2017\/02\/image001-735x432.jpg 735w, https:\/\/ordredemaltesuisse.org\/wp-content\/uploads\/sites\/3\/2017\/02\/image001-620x364.jpg 620w, https:\/\/ordredemaltesuisse.org\/wp-content\/uploads\/sites\/3\/2017\/02\/image001-400x235.jpg 400w\" sizes=\"auto, (max-width: 800px) 100vw, 800px\" \/><\/p>\n<p>Im 11. Jahrhundert richteten die Ritter von Malta, die auch als \u201eMalteserritter\u201c bekannt sind, ein Hospital in Jerusalem ein, um Pilger unabh\u00e4ngig von ihrem Glauben oder ihrer Rasse zu pflegen. Die Arbeit der Malteser erlangte schnell einen Bekanntheitsgrad und so erkannte Papst Paschalis II. die monastische Gemeinschaft im Jahr 1113 als einen religil\u00f6sen Laienorden an. Der Papst bestimmte den Malteser G\u00e9rard zum Ordensgr\u00fcnder und \u201ebeurkundet\u201c mit seiner Bulle eine feste Gruppe von M\u00f6nchen, die noch heute das Herzst\u00fcck des Malteserordens sind.<\/p>\n<p>\u00dcber die Jahrhunderte nahm die Zahl der aus ganz Europa stammenden Mitglieder zu und trug w\u00e4hrend der Pr\u00e4senz des Ordens auf Rhodos (1310-1522) und Malta (1530-1798) zu seiner St\u00e4rkung bei.<\/p>\n<p>W\u00e4hrend die Mitglieder des Malteserordens fr\u00fcher traditionell dem Adel angeh\u00f6rten, liegt der Schwerpunkt heute auf ethischer Untadeligkeit und integerem Verhalten. Die 13.500 Ritter und Damen des Malteserordens bleiben den Prinzipien treu, die unter dem Motto \u201eTuitio Fidei et Obsequium Pauperum\u201d zusammengefasst werden k\u00f6nnen: Glauben leben, verk\u00fcnden und verteidigen und den Armen und Kranken dienen. Das alles wird durch die humanit\u00e4ren Projekte und die Soziale Nothilfe in 120 L\u00e4ndern zur Realit\u00e4t. Die Mitglieder sollen sich mit Engagement diesen Prinzipien widmen und werden durch die jeweiligen Priorate der L\u00e4nder und die nationalen Assoziationen in den Orden aufgenommen.<\/p>\n<p><strong>Die drei St\u00e4nde<\/strong><br \/>\nDer Verfassung zufolge werden Mitglieder des Malteserordens in drei St\u00e4nde unterteilt. Die Mitglieder sollen ihr Leben auf exemplarische Weise konform zu den Lehren und Geboten der katholischen Kirche leben und sich aktiv an den Hilfsprojekten des Ordens beteiligen.<\/p>\n<p>Den <strong>Ersten Stand<\/strong> bilden die Justizritter, auch Professe genannt, und die Profess-Konventualkapl\u00e4ne. Sie haben die Gel\u00fcbde der Armut, der Keuschheit und des Gehorsams abgelegt und streben so nach Vervollkommnung im Sinne des Evangeliums. Sie sind Religi\u00f6se nach Ma\u00dfgabe des Kirchenrechts, ohne jedoch zu einem Leben in kl\u00f6sterlicher Gemeinschaft verpflichtet zu sein.<\/p>\n<p>Die Mitglieder des <strong>Zweiten Standes<\/strong> verpflichten sich durch ihr Gel\u00fcbde zum Gehorsam und zu einer, den christlichen Grunds\u00e4tzen entsprechenden Lebensf\u00fchrung im Sinne der Ordensprinzipien. Sie sind in drei Kategorien gegliedert:<\/p>\n<p>\u2013 Ehren- und Devotions-Ritter und -Damen in Oboedienz<br \/>\n\u2013 Gratial- und Devotions-Ritter und -Damen in Oboedienz<br \/>\n\u2013 Magistral-Ritter und -Damen in Oboedienz<\/p>\n<p>Den <strong>Dritten Stand<\/strong> bilden jene Ordensmitglieder, die weder Ordensgel\u00fcbde noch Promesse abgelegt haben, aber nach den Geboten der Kirche und den Regeln des Ordens leben. Sie sind in sechs Kategorien gegliedert:<\/p>\n<p>\u2013 Ehren- und Devotions-Ritter und \u2013Damen<br \/>\n\u2013 Ehren-Konventualkapl\u00e4ne<br \/>\n\u2013 Gratial- und Devotions-Ritter und -Damen<br \/>\n\u2013 Magistralkapl\u00e4ne<br \/>\n\u2013 Magistral-Ritter und -Damen<br \/>\n\u2013 Devotions-Donaten und -Donatinnen<\/p>\n<\/div>\n","protected":false},"excerpt":{"rendered":"<p>Ritter &amp; Damen mit Wohlfahrtsmission Im 11. Jahrhundert richteten die Ritter von Malta, die auch als \u201eMalteserritter\u201c bekannt sind, ein Hospital in Jerusalem ein, um Pilger unabh\u00e4ngig von ihrem Glauben oder ihrer Rasse zu pflegen. Die Arbeit der Malteser erlangte schnell einen Bekanntheitsgrad und so erkannte Papst Paschalis II. die monastische Gemeinschaft im Jahr 1113 [&hellip;]<\/p>\n","protected":false},"author":1,"featured_media":0,"parent":618,"menu_order":0,"comment_status":"closed","ping_status":"closed","template":"template-rsidebar.php","meta":{"inline_featured_image":false,"footnotes":"","_links_to":"","_links_to_target":""},"class_list":["post-760","page","type-page","status-publish","hentry"],"_links":{"self":[{"href":"https:\/\/ordredemaltesuisse.org\/de\/wp-json\/wp\/v2\/pages\/760","targetHints":{"allow":["GET"]}}],"collection":[{"href":"https:\/\/ordredemaltesuisse.org\/de\/wp-json\/wp\/v2\/pages"}],"about":[{"href":"https:\/\/ordredemaltesuisse.org\/de\/wp-json\/wp\/v2\/types\/page"}],"author":[{"embeddable":true,"href":"https:\/\/ordredemaltesuisse.org\/de\/wp-json\/wp\/v2\/users\/1"}],"replies":[{"embeddable":true,"href":"https:\/\/ordredemaltesuisse.org\/de\/wp-json\/wp\/v2\/comments?post=760"}],"version-history":[{"count":0,"href":"https:\/\/ordredemaltesuisse.org\/de\/wp-json\/wp\/v2\/pages\/760\/revisions"}],"up":[{"embeddable":true,"href":"https:\/\/ordredemaltesuisse.org\/de\/wp-json\/wp\/v2\/pages\/618"}],"wp:attachment":[{"href":"https:\/\/ordredemaltesuisse.org\/de\/wp-json\/wp\/v2\/media?parent=760"}],"curies":[{"name":"wp","href":"https:\/\/api.w.org\/{rel}","templated":true}]}}