{"id":811,"date":"2017-02-09T09:40:37","date_gmt":"2017-02-09T08:40:37","guid":{"rendered":"https:\/\/ordredemaltesuisse.org\/\/the-order-of-malta\/"},"modified":"2019-01-17T17:10:45","modified_gmt":"2019-01-17T16:10:45","slug":"der-malteserorden","status":"publish","type":"page","link":"https:\/\/ordredemaltesuisse.org\/de\/der-malteserorden\/","title":{"rendered":"Der Malteserorden"},"content":{"rendered":"<blockquote><p><em>&#8220;Es stehen uns viele Aufgaben und Herausforderungen bevor. So viele Menschen ben\u00f6tigen weltweit Hilfe. Wir m\u00fcssen dankbar daf\u00fcr sein, dass die M\u00f6glichkeiten, Ihr Leid zu lindern, in den letzten Jahren zugenommen haben. In vielen Teilen der Erde ist unser achtz\u00fcngiges, wei\u00dfes Kreuz ein Symbol der Hoffnung geworden. Wir m\u00fcssen bestrebt sein, unsere Hilfe weiter auszuweiten. Ich bin allen Mitgliedern und Ehrenamtlichen zutiefst dankbar, dass Ihr Euch unter gro\u00dfer Hingabe f\u00fcr die Hilfe unserer \u201eHerren Kranken\u201c einsetzt.<\/em><\/p>\n<p><strong>Fra\u2019 Giacomo Dalla Torre del Tempio di Sanguinetto<\/strong><br \/>\n<strong>F\u00fcrst und 80. Gro\u00dfmeister<\/strong><\/p>\n<p>&nbsp;<\/p><\/blockquote>\n<h2>Die Wahrung der Menschenw\u00fcrde und F\u00fcrsorge f\u00fcr Menschen in Not<\/h2>\n<p>Der Souver\u00e4ne Malteserorden ist eine der \u00e4ltesten Institutionen der westlichen und christlichen Zivilisation. Als religi\u00f6ser Laienorden der Katholischen Kirche seit 1113 und V\u00f6lkerrechtssubjekt unterh\u00e4lt der Souver\u00e4ne Malteserorden diplomatische Beziehungen zu \u00fcber 100 Staaten und zur Europ\u00e4ischen Union und hat einen dauerhaften Beobachter-Status bei den Vereinten Nationen.<\/p>\n<p>Der Orden ist neutral, unparteiisch und apolitisch.<\/p>\n<p>Der Malteserorden ist heute in 120 L\u00e4ndern aktiv und hilft Menschen in Not durch seine medizinische, soziale und humanit\u00e4re Arbeit. Tag f\u00fcr Tag kann er den von der Gesellschaft ausgeschlossenen Menschen mit seinem breiten Spektrum an sozialen Projekten kontinuierliche Unterst\u00fctzung bieten. Der Orden ist besonders aktiv bei der Nothilfe f\u00fcr Menschen, die inmitten von bewaffneten Konflikten leben, und bei Naturkatastrophen. Hier stellt er die medizinische Versorgung, sorgt f\u00fcr Fl\u00fcchtlinge und verteilt Medikamente und \u00dcberlebenspakete. Der Malteserorden setzt sich weltweit f\u00fcr die Wahrung der Menschenw\u00fcrde und Unterst\u00fctzung von Hilfsbed\u00fcrftigen, ungeachtet ihrer Rasse und Religion, ein.<\/p>\n<p>Der Malteserorden, der im 11. Jh. in Jerusalem gegr\u00fcndet wurde, kann auf eine lange Tradition des Dienstes an Kranken und Verletzten zur\u00fcckblicken. Diese 900-j\u00e4hrige Tratition spiegelt sich im seinem vollen Namen wider: Souver\u00e4ner Ritter- und Hospitalorden vom Hl. Johannes zu Jerusalem von Rhodos und von Malta. Seit 1834 befindet sich der Regierungssitz des Malteserordens in Rom, wo ihm extraterritoriale Rechte gew\u00e4hrt werden.<\/p>\n<p>Der Malteserorden unterteilt sich in 12 Priorate, 48 nationale Assoziationen, 133 diplomatische Missionen, 1 weltweites Hilfswerk, 33 Freiwilligenkorps sowie medizinische Einrichtungen und Fachzentren. Der Orden verfolgt weder wirtschaftliche noch politische Interessen und h\u00e4ngt von keinem anderen Staat oder Regierung ab.<\/p>\n<p>&nbsp;<\/p>\n","protected":false},"excerpt":{"rendered":"<p>&#8220;Es stehen uns viele Aufgaben und Herausforderungen bevor. So viele Menschen ben\u00f6tigen weltweit Hilfe. Wir m\u00fcssen dankbar daf\u00fcr sein, dass die M\u00f6glichkeiten, Ihr Leid zu lindern, in den letzten Jahren zugenommen haben. In vielen Teilen der Erde ist unser achtz\u00fcngiges, wei\u00dfes Kreuz ein Symbol der Hoffnung geworden. Wir m\u00fcssen bestrebt sein, unsere Hilfe weiter auszuweiten. [&hellip;]<\/p>\n","protected":false},"author":1,"featured_media":0,"parent":0,"menu_order":0,"comment_status":"closed","ping_status":"closed","template":"template-rsidebar.php","meta":{"inline_featured_image":false,"footnotes":"","_links_to":"","_links_to_target":""},"class_list":["post-811","page","type-page","status-publish","hentry"],"_links":{"self":[{"href":"https:\/\/ordredemaltesuisse.org\/de\/wp-json\/wp\/v2\/pages\/811","targetHints":{"allow":["GET"]}}],"collection":[{"href":"https:\/\/ordredemaltesuisse.org\/de\/wp-json\/wp\/v2\/pages"}],"about":[{"href":"https:\/\/ordredemaltesuisse.org\/de\/wp-json\/wp\/v2\/types\/page"}],"author":[{"embeddable":true,"href":"https:\/\/ordredemaltesuisse.org\/de\/wp-json\/wp\/v2\/users\/1"}],"replies":[{"embeddable":true,"href":"https:\/\/ordredemaltesuisse.org\/de\/wp-json\/wp\/v2\/comments?post=811"}],"version-history":[{"count":0,"href":"https:\/\/ordredemaltesuisse.org\/de\/wp-json\/wp\/v2\/pages\/811\/revisions"}],"wp:attachment":[{"href":"https:\/\/ordredemaltesuisse.org\/de\/wp-json\/wp\/v2\/media?parent=811"}],"curies":[{"name":"wp","href":"https:\/\/api.w.org\/{rel}","templated":true}]}}