{"id":854,"date":"2017-03-09T11:52:58","date_gmt":"2017-03-09T10:52:58","guid":{"rendered":"https:\/\/ordredemaltesuisse.org\/\/governance\/"},"modified":"2017-05-10T17:23:17","modified_gmt":"2017-05-10T15:23:17","slug":"governance","status":"publish","type":"page","link":"https:\/\/ordredemaltesuisse.org\/de\/der-malteserorden\/governance\/","title":{"rendered":"Regierung"},"content":{"rendered":"<div class=\"main-block-wrapper clearfix\">\n<div class=\"main-block-wrapper clearfix\">\n<p><a class=\"img-link-wrapper full\"><img decoding=\"async\" src=\"https:\/\/ordredemaltesuisse.org\/wp-content\/uploads\/sites\/3\/2017\/03\/government_governance.jpeg\" \/><\/a><\/p>\n<h5><a>Das Regierungssystem des Malteserordens<\/a><\/h5>\n<div>\n<p>Die Regierung des Souver\u00e4nen Malteserordens ist mit dem Aufbau von Staatsregierungen vergleichbar. Es gibt allerdings einige besondere Merkmale, die der Natur des Ordens als Laienorden der katholischen Kirche Rechnung tragen. Das findet seinen Ausdruck auch in einer spezifischen Terminologie, die im Verlauf von neun Jahrhunderten Geschichte entstanden ist.<\/p>\n<p>Der Gro\u00dfmeister ist die oberste Ordensautorit\u00e4t, der sowohl als F\u00fcrst wie auch als religi\u00f6ses Oberhaupt regiert und vom Souver\u00e4nen Rat unterst\u00fctzt wird, dem er vorsitzt.<\/p>\n<p>Der Souver\u00e4ne Rat wurde f\u00fcr eine Periode von 5 Jahren gew\u00e4hlt und besteht aus dem Gro\u00dfkommandeur (geistliches Oberhaupt der religi\u00f6sen Ordensmitglieder); dem Gro\u00dfkanzler (Au\u00dfen- und Innenminister), dem Gro\u00dfhospitalier (Ministeriums f\u00fcr Gesundheit und Soziales &amp; Internationale Zusammenarbeit) und dem Rezeptor des Gemeinsamen Schatzes (Finanzminister), zusammen mit sechs weiteren Mitgliedern, die vom Generalkapitel gew\u00e4hlt werden.<\/p>\n<p>Obwohl diese Titel f\u00fcr eine jahrhundertealte Tradition stehen, sind sie dennoch vereinbar mit den Anforderungen des 21. Jahrhunderts. In seiner einzigartigen Rolle als souver\u00e4ne, humanit\u00e4re Institution, die von ihrer Regierung gef\u00fchrt wird, interveniert der Malteserorden st\u00e4ndig in neuen Gebieten, die humanit\u00e4rer Nothilfe bed\u00fcrfen.<\/p>\n<p>\u00dcber seine diplomatischen Missionen bem\u00fcht sich der Souver\u00e4ne Malteserorden um die Etablierung von Kooperationsabkommen mit anderen Staaten im Bereich des Gesundheitswesens und auf humanit\u00e4ren Gebiet.<\/p>\n<p>Das Regierungssystem des Malteserordens ruht auf drei S\u00e4ulen: Die Gesetzgebende Gewalt liegt beim Gro\u00dfmeister und dem Souver\u00e4nen Rat f\u00fcr Angelegenheiten, die nicht die Verfassung betreffen, und beim Generalkapitel \u2013 der K\u00f6rperschaft der Mitglieder \u2013 f\u00fcr Fragen, die verfassungsrechtlichen Regeln betreffen. Die Exekutive ist in den H\u00e4nden des Souver\u00e4nen Rates und die Judikative liegt bei den Ordensgerichten.<\/p>\n<\/div>\n<\/div>\n<\/div>\n","protected":false},"excerpt":{"rendered":"<p>Das Regierungssystem des Malteserordens Die Regierung des Souver\u00e4nen Malteserordens ist mit dem Aufbau von Staatsregierungen vergleichbar. Es gibt allerdings einige besondere Merkmale, die der Natur des Ordens als Laienorden der katholischen Kirche Rechnung tragen. Das findet seinen Ausdruck auch in einer spezifischen Terminologie, die im Verlauf von neun Jahrhunderten Geschichte entstanden ist. Der Gro\u00dfmeister ist [&hellip;]<\/p>\n","protected":false},"author":1,"featured_media":0,"parent":811,"menu_order":0,"comment_status":"closed","ping_status":"closed","template":"template-rsidebar.php","meta":{"inline_featured_image":false,"footnotes":"","_links_to":"","_links_to_target":""},"class_list":["post-854","page","type-page","status-publish","hentry"],"_links":{"self":[{"href":"https:\/\/ordredemaltesuisse.org\/de\/wp-json\/wp\/v2\/pages\/854","targetHints":{"allow":["GET"]}}],"collection":[{"href":"https:\/\/ordredemaltesuisse.org\/de\/wp-json\/wp\/v2\/pages"}],"about":[{"href":"https:\/\/ordredemaltesuisse.org\/de\/wp-json\/wp\/v2\/types\/page"}],"author":[{"embeddable":true,"href":"https:\/\/ordredemaltesuisse.org\/de\/wp-json\/wp\/v2\/users\/1"}],"replies":[{"embeddable":true,"href":"https:\/\/ordredemaltesuisse.org\/de\/wp-json\/wp\/v2\/comments?post=854"}],"version-history":[{"count":0,"href":"https:\/\/ordredemaltesuisse.org\/de\/wp-json\/wp\/v2\/pages\/854\/revisions"}],"up":[{"embeddable":true,"href":"https:\/\/ordredemaltesuisse.org\/de\/wp-json\/wp\/v2\/pages\/811"}],"wp:attachment":[{"href":"https:\/\/ordredemaltesuisse.org\/de\/wp-json\/wp\/v2\/media?parent=854"}],"curies":[{"name":"wp","href":"https:\/\/api.w.org\/{rel}","templated":true}]}}