{"id":876,"date":"2017-03-09T11:56:56","date_gmt":"2017-03-09T10:56:56","guid":{"rendered":"https:\/\/ordredemaltesuisse.org\/\/sovereign-council\/"},"modified":"2025-03-21T15:48:58","modified_gmt":"2025-03-21T14:48:58","slug":"der-souveraene-rat","status":"publish","type":"page","link":"https:\/\/ordredemaltesuisse.org\/de\/der-malteserorden\/governance\/der-souveraene-rat\/","title":{"rendered":"Souver\u00e4ne Rat"},"content":{"rendered":"\n<figure class=\"wp-block-image size-large is-resized\"><img loading=\"lazy\" decoding=\"async\" src=\"https:\/\/ordredemaltesuisse.org\/wp-content\/uploads\/sites\/3\/2023\/04\/NICU0433_2-705x470.jpeg\" alt=\"\" class=\"wp-image-6304\" width=\"815\" height=\"543\" srcset=\"https:\/\/ordredemaltesuisse.org\/wp-content\/uploads\/sites\/3\/2023\/04\/NICU0433_2-705x470.jpeg 705w, https:\/\/ordredemaltesuisse.org\/wp-content\/uploads\/sites\/3\/2023\/04\/NICU0433_2-303x202.jpeg 303w, https:\/\/ordredemaltesuisse.org\/wp-content\/uploads\/sites\/3\/2023\/04\/NICU0433_2-768x512.jpeg 768w, https:\/\/ordredemaltesuisse.org\/wp-content\/uploads\/sites\/3\/2023\/04\/NICU0433_2-1536x1024.jpeg 1536w, https:\/\/ordredemaltesuisse.org\/wp-content\/uploads\/sites\/3\/2023\/04\/NICU0433_2-600x400.jpeg 600w, https:\/\/ordredemaltesuisse.org\/wp-content\/uploads\/sites\/3\/2023\/04\/NICU0433_2.jpeg 1800w\" sizes=\"auto, (max-width: 815px) 100vw, 815px\" \/><\/figure>\n\n\n\n<p><\/p>\n\n\n<h4><strong><a>Gew\u00e4hlte Regierung des Malteserordens<\/a><\/strong><\/h4>\n<p>Der Souver\u00e4ne Rat unterst\u00fctzt den Statthalter des Gro\u00dfmeisters bei der Regierung des Ordens. Ihm geh\u00f6ren an: der Statthalter des Gro\u00dfmeisters, der den Vorsitz innehat, die Inhaber der vier Hohen \u00c4mter (Gro\u00dfkomtur, Gro\u00dfkanzler, Gro\u00dfhospitalier, Rezeptor des Gemeinsamen Schatzamtes) sowie weitere neun Mitglieder.<\/p>\n<p>Die Hohen \u00c4mter und vier Mitglieder werden f\u00fcr die Dauer von sechs Jahren vom Generalkapitel gew\u00e4hlt. F\u00fcnf weitere Mitglieder werden vom Kapitel der Professen gew\u00e4hlt.<\/p>\n<div class=\"main-block-wrapper clearfix\">\n    <div class=\"main-block-wrapper clearfix\">\n        <p>Der Souver\u00e4ne Rat wird vom Gro\u00dfmeister einberufen und tritt mindesten sechsmal im Jahr am Sitz des Ordens zusammen sowie dann, wenn besondere Umst\u00e4nde dies erfordern.<\/p>\n        <p><strong>Grossmeister<\/strong><br \/>S.A.E. Fra\u2019 John T. Dunlap<\/p>\n        <p><strong>SOUVER\u00c4NER RAT (2023-2029)\u00a0<\/strong><\/p>\n        <p><strong>Gro\u00dfkomtur<\/strong><br \/>S.E. Fra\u2018 Emmanuel Rousseau<\/p>\n        <p><strong>Gro\u00dfkanzler<\/strong><br \/>S.E. Riccardo Patern\u00f2 di Montecupo<\/p>\n        <p><strong>Gro\u00dfhospitalier<br \/><\/strong>S.E. Josef D. Blotz<\/p>\n        <p><strong>Rezeptor des Gemeinsamen Schatzamtes<\/strong><br \/>S.E. Fabrizio Colonna<\/p>\n        <p><strong>MITGLIEDER<\/strong><br \/>S.E. Fra&#8217; Richard J. Wolff<br \/>S.E. Fra&#8217; John Eidinow<br \/>S.E. Fra&#8217; Jo\u00e3o Augusto Esquivel Freire de Andrade<br \/>S.E. Fra\u2019 Thomas N. Mulligan<br \/>S.E. Fra\u2019 Nicola Tegoni<br \/>S.E. Francis Joseph McCarthy<br \/>S.E. Michael Kirk Grace<br \/>S.E. Clemente Riva di Sanseverino<\/p>\n    <\/div>\n<\/div>\n","protected":false},"excerpt":{"rendered":"<p>Gew\u00e4hlte Regierung des Malteserordens Der Souver\u00e4ne Rat unterst\u00fctzt den Statthalter des Gro\u00dfmeisters bei der Regierung des Ordens. Ihm geh\u00f6ren an: der Statthalter des Gro\u00dfmeisters, der den Vorsitz innehat, die Inhaber der vier Hohen \u00c4mter (Gro\u00dfkomtur, Gro\u00dfkanzler, Gro\u00dfhospitalier, Rezeptor des Gemeinsamen Schatzamtes) sowie weitere neun Mitglieder. Die Hohen \u00c4mter und vier Mitglieder werden f\u00fcr die Dauer [&hellip;]<\/p>\n","protected":false},"author":1,"featured_media":0,"parent":854,"menu_order":0,"comment_status":"closed","ping_status":"closed","template":"template-rsidebar.php","meta":{"inline_featured_image":false,"footnotes":"","_links_to":"","_links_to_target":""},"class_list":["post-876","page","type-page","status-publish","hentry"],"_links":{"self":[{"href":"https:\/\/ordredemaltesuisse.org\/de\/wp-json\/wp\/v2\/pages\/876","targetHints":{"allow":["GET"]}}],"collection":[{"href":"https:\/\/ordredemaltesuisse.org\/de\/wp-json\/wp\/v2\/pages"}],"about":[{"href":"https:\/\/ordredemaltesuisse.org\/de\/wp-json\/wp\/v2\/types\/page"}],"author":[{"embeddable":true,"href":"https:\/\/ordredemaltesuisse.org\/de\/wp-json\/wp\/v2\/users\/1"}],"replies":[{"embeddable":true,"href":"https:\/\/ordredemaltesuisse.org\/de\/wp-json\/wp\/v2\/comments?post=876"}],"version-history":[{"count":8,"href":"https:\/\/ordredemaltesuisse.org\/de\/wp-json\/wp\/v2\/pages\/876\/revisions"}],"predecessor-version":[{"id":6961,"href":"https:\/\/ordredemaltesuisse.org\/de\/wp-json\/wp\/v2\/pages\/876\/revisions\/6961"}],"up":[{"embeddable":true,"href":"https:\/\/ordredemaltesuisse.org\/de\/wp-json\/wp\/v2\/pages\/854"}],"wp:attachment":[{"href":"https:\/\/ordredemaltesuisse.org\/de\/wp-json\/wp\/v2\/media?parent=876"}],"curies":[{"name":"wp","href":"https:\/\/api.w.org\/{rel}","templated":true}]}}