{"id":888,"date":"2017-03-09T14:12:59","date_gmt":"2017-03-09T13:12:59","guid":{"rendered":"https:\/\/ordredemaltesuisse.org\/\/government-bodies\/"},"modified":"2017-05-11T15:24:14","modified_gmt":"2017-05-11T13:24:14","slug":"regierungsorgane","status":"publish","type":"page","link":"https:\/\/ordredemaltesuisse.org\/de\/der-malteserorden\/governance\/regierungsorgane\/","title":{"rendered":"Regierungsorgane"},"content":{"rendered":"<ul   class=\"row clearfix\">\n<div id=\"80900\" class=\"panel \">\n<div class=\"panel-head\">\n                <a onClick=\"open_accordion(80900);\"><br \/>\n                  <b>Der Gro\u00dfe Staatsrat<\/b><br \/>\n                <\/a>\n              <\/div>\n<div class=\"panel-body\">\n<p><p>Der Gro\u00dfe Staatsrat w\u00e4hlt den Gro\u00dfmeister oder seinen Statthalter. Nach Art. 23 der Verfassung ist zur Wahl des Gro\u00dfmeisters die Mehrheit der anwesenden Stimmberechtigten plus eine Stimme erforderlich. Wahlberechtigt sind u.a. der Statthalter des Gro\u00dfmeisters oder der interimistische Statthalter, die Mitglieder des Souver\u00e4nen Rates, der Ordenspr\u00e4lat, die Prioren, die Professbaillis, zwei von jedem Priorat delegierte Professritter und f\u00fcnfzehn Vertreter der nationalen Assoziationen.<\/p>\n<\/p><\/div>\n<\/p><\/div>\n<div id=\"81202\" class=\"panel \">\n<div class=\"panel-head\">\n                <a onClick=\"open_accordion(81202);\"><br \/>\n                  <b>Das Generalkapitel<\/b><br \/>\n                <\/a>\n              <\/div>\n<div class=\"panel-body\">\n<p><p>Das Generalkapitel ist die oberste Ordensversammlung und wird alle f\u00fcnf Jahre einberufen, um die Mitglieder des Souver\u00e4nen Rates, des Regierungsbeirates und der Rechnungskammer zu w\u00e4hlen, sowie um eventuelle \u00c4nderungen von Verfassung und Codex zu beraten und um wichtige Probleme zu behandeln, wie etwa die geistliche Lage des Ordens, den Stand seiner Werke und seiner internationalen Beziehungen. Es besteht aus Vertretern der Ordensst\u00e4nde aus aller Welt: den Gro\u00dfprioraten, Subprioraten und den nationalen Assoziationen.<\/p>\n<\/p><\/div>\n<\/p><\/div>\n<div id=\"81211\" class=\"panel \">\n<div class=\"panel-head\">\n                <a onClick=\"open_accordion(81211);\"><br \/>\n                  <b>Der Souver\u00e4ne Rat<\/b><br \/>\n                <\/a>\n              <\/div>\n<div class=\"panel-body\">\n<p><p>Der Souver\u00e4ne Rat unterst\u00fctzt den Gro\u00dfmeister bei der Regierung des Ordens.<br \/>\nDem Souver\u00e4nen Rat geh\u00f6ren an: der Gro\u00dfmeister, die Inhaber der vier Hohen \u00c4mter (Gro\u00dfkomtur, Gro\u00dfkanzler, Gro\u00dfhospitalier, Rezeptor des Gemeinsamen Schatzamtes) sowie weitere sechs Mitglieder. Die Mitglieder des Souver\u00e4nen Rates werden, mit Ausnahme des Gro\u00dfmeisters, vom Generalkapitel mit der Mehrheit der Anwesenden gew\u00e4hlt. Der Souver\u00e4ne Rat wird vom Gro\u00dfmeister einberufen und tritt mindesten sechs mal im Jahr am Sitz des Ordens zusammen sowie jedes mal, wenn besondere Umst\u00e4nde dies erforderlich erscheinen lassen.<\/p>\n<\/p><\/div>\n<\/p><\/div>\n<div id=\"81219\" class=\"panel \">\n<div class=\"panel-head\">\n                <a onClick=\"open_accordion(81219);\"><br \/>\n                  <b>Der Regierungsbeirat<\/b><br \/>\n                <\/a>\n              <\/div>\n<div class=\"panel-body\">\n<p><p>Der Regierungsbeirat ist ein beratendes Organ in allen Fragen von politischer, religi\u00f6ser, karitativer und internationaler Bedeutung. Er tagt unter dem Vorsitz des Gro\u00dfmeisters. Den Regierungsbeirat bilden sechs vom Generalkapitel aus den drei weltweiten Ordensst\u00e4nden gew\u00e4hlte Mitglieder.<br \/>\nEr tritt mindestens zwei mal j\u00e4hrlich zusammen.<\/p>\n<\/p><\/div>\n<\/p><\/div>\n<div id=\"80888\" class=\"panel \">\n<div class=\"panel-head\">\n                <a onClick=\"open_accordion(80888);\"><br \/>\n                  <b>Die Rechnungskammer<\/b><br \/>\n                <\/a>\n              <\/div>\n<div class=\"panel-body\">\n<p><p>Die Rechnungskammer \u00fcberwacht und kontrolliert die Eink\u00fcnfte, die Ausgaben und das gesamte Verm\u00f6gen des Ordens. Sie besteht aus einem Pr\u00e4sidenten, vier ordentlichen und zwei stellvertretenden R\u00e4ten, die vom Generalkapitel gew\u00e4hlt werden. Es handelt sich dabei um Pers\u00f6nlichkeiten aus der Ritterschaft, die in der Rechtswissenschaft, im Wirtschafts- und Finanzwesen kundig sind. Die Rechnungskammer ist Beratungsorgan des Rezeptors des Gemeinsamen Schatzamtes.<\/p>\n<\/p><\/div>\n<\/p><\/div>\n<div id=\"81227\" class=\"panel \">\n<div class=\"panel-head\">\n                <a onClick=\"open_accordion(81227);\"><br \/>\n                  <b>Der Kommunikationsbeirat<\/b><br \/>\n                <\/a>\n              <\/div>\n<div class=\"panel-body\">\n<p><p>Der Kommunikationsbeirat ist f\u00fcr die innere und \u00e4u\u00dfere Kommunikation des Ordens zust\u00e4ndig. Er unterst\u00fctzt den Gro\u00dfkanzler bei der Entwicklung und Umsetzung von Kommunikationsprogrammen. Er besteht aus einem Pr\u00e4sidenten und sechs R\u00e4ten, alles Ordensmitglieder, die \u00fcber Sachkunde im Kommunikationswesen, in der Verwaltung, in der \u00d6ffentlichkeitsarbeit und im Umgang mit den Massenmedien verf\u00fcgen.<\/p>\n<\/p><\/div>\n<\/p><\/div>\n<div id=\"81237\" class=\"panel \">\n<div class=\"panel-head\">\n                <a onClick=\"open_accordion(81237);\"><br \/>\n                  <b>Der Juristische Beirat<\/b><br \/>\n                <\/a>\n              <\/div>\n<div class=\"panel-body\">\n<p><p>Der Juristische Beirat ist ein beratendes Kollegialorgan. Es kann, nach Anh\u00f6rung des Souver\u00e4nen Rates, auf Antrag des Gro\u00dfmeisters zu Rechtsfragen und Fragen von besonderer Bedeutung befragt werden.<br \/>\nDer Juristische Beirat tritt am Sitz des Ordens zusammen. Er besteht aus einem Pr\u00e4sidenten, einem Vizepr\u00e4sidenten, einem Generalsekret\u00e4r und vier weiteren Mitgliedern.<br \/>\nDie Mitglieder werden vom Gro\u00dfmeister nach Anh\u00f6rung des Souver\u00e4nen Rates ernannt. Sie werden aus m\u00f6glichst dem Orden angeh\u00f6renden, im Ordensrecht, \u00f6ffentlichen Recht, V\u00f6lkerrecht und Kirchenrecht bewanderten Juristen ausgew\u00e4hlt.<\/p>\n<\/p><\/div>\n<\/p><\/div>\n<div id=\"81247\" class=\"panel \">\n<div class=\"panel-head\">\n                <a onClick=\"open_accordion(81247);\"><br \/>\n                  <b>Die Magistralgerichte<\/b><br \/>\n                <\/a>\n              <\/div>\n<div class=\"panel-body\">\n<p><p>Die Magistralgerichte \u00fcben nach den Vorschriften des Codex die Rechtsprechung in erster und zweiter Instanz aus. Der Gro\u00dfmeister ernennt mit Zustimmung des Souver\u00e4nen Rates die Pr\u00e4sidenten, die Richter und Kanzler der Magistralgerichte. Sie werden unter den besonders qualifizierten rechtskundigen Ordensmitgliedern ausgew\u00e4hlt. Soweit nichts anderes durch den Codex bestimmt ist, gilt das zivile Verfahrensrecht des Vatikanstaates. Auf schriftliches Ersuchen von Staaten oder sonstigen V\u00f6lkerrechtssubjekten k\u00f6nnen die Gerichte u.a. auch Schiedsfunktionen in internationalen Streitf\u00e4llen \u00fcbernehmen.<\/p>\n<\/p><\/div>\n<\/p><\/div>\n<div id=\"81257\" class=\"panel \">\n<div class=\"panel-head\">\n                <a onClick=\"open_accordion(81257);\"><br \/>\n                  <b>Die Staatsanwaltschaft<\/b><br \/>\n                <\/a>\n              <\/div>\n<div class=\"panel-body\">\n<p><p>Die Staatsanwaltschaft ist, nach den Regeln des Codex, Rechtsschutzorgan des Ordens. Sie besteht aus unabh\u00e4ngigen Juristen von hohem Ruf, die mit den Ordensregeln vertraut sind. Die Staatsanwaltschaft besteht aus dem Staatsanwalt und zwei Vertretern, die vom Gro\u00dfmeister, nach Anh\u00f6rung des Souver\u00e4nen Rates, f\u00fcr die Dauer von drei Jahren ernannt werden.<\/p>\n<\/p><\/div>\n<\/p><\/div>\n<\/ul>\n","protected":false},"excerpt":{"rendered":"<p>Der Gro\u00dfe Staatsrat Der Gro\u00dfe Staatsrat w\u00e4hlt den Gro\u00dfmeister oder seinen Statthalter. Nach Art. 23 der Verfassung ist zur Wahl des Gro\u00dfmeisters die Mehrheit der anwesenden Stimmberechtigten plus eine Stimme erforderlich. Wahlberechtigt sind u.a. der Statthalter des Gro\u00dfmeisters oder der interimistische Statthalter, die Mitglieder des Souver\u00e4nen Rates, der Ordenspr\u00e4lat, die Prioren, die Professbaillis, zwei von [&hellip;]<\/p>\n","protected":false},"author":1,"featured_media":0,"parent":854,"menu_order":0,"comment_status":"closed","ping_status":"closed","template":"","meta":{"inline_featured_image":false,"footnotes":"","_links_to":"","_links_to_target":""},"class_list":["post-888","page","type-page","status-publish","hentry"],"_links":{"self":[{"href":"https:\/\/ordredemaltesuisse.org\/de\/wp-json\/wp\/v2\/pages\/888","targetHints":{"allow":["GET"]}}],"collection":[{"href":"https:\/\/ordredemaltesuisse.org\/de\/wp-json\/wp\/v2\/pages"}],"about":[{"href":"https:\/\/ordredemaltesuisse.org\/de\/wp-json\/wp\/v2\/types\/page"}],"author":[{"embeddable":true,"href":"https:\/\/ordredemaltesuisse.org\/de\/wp-json\/wp\/v2\/users\/1"}],"replies":[{"embeddable":true,"href":"https:\/\/ordredemaltesuisse.org\/de\/wp-json\/wp\/v2\/comments?post=888"}],"version-history":[{"count":0,"href":"https:\/\/ordredemaltesuisse.org\/de\/wp-json\/wp\/v2\/pages\/888\/revisions"}],"up":[{"embeddable":true,"href":"https:\/\/ordredemaltesuisse.org\/de\/wp-json\/wp\/v2\/pages\/854"}],"wp:attachment":[{"href":"https:\/\/ordredemaltesuisse.org\/de\/wp-json\/wp\/v2\/media?parent=888"}],"curies":[{"name":"wp","href":"https:\/\/api.w.org\/{rel}","templated":true}]}}