{"id":899,"date":"2017-02-09T14:06:54","date_gmt":"2017-02-09T13:06:54","guid":{"rendered":"https:\/\/ordredemaltesuisse.org\/\/der-malteserorden\/national-institutions\/"},"modified":"2017-05-18T15:58:13","modified_gmt":"2017-05-18T13:58:13","slug":"nationale-institutionen","status":"publish","type":"page","link":"https:\/\/ordredemaltesuisse.org\/de\/der-malteserorden\/nationale-institutionen\/","title":{"rendered":"Nationale Institutionen"},"content":{"rendered":"<h2>Nationale Institutionen<\/h2>\n<div class=\"row\">\n<div class=\"kopa-main-col col-md-6 col-sm-12 col-xs-12\">\n<div style=\"margin-bottom: 50px;\">\n<div class=\"main-block-wrapper clearfix\">\n<h5><a>Grand Priories<\/a><\/h5>\n<div>\n<p>Gro\u00dfpriorat Rom<br \/>\n<strong><span style=\"color: #e31a18;\"> <a style=\"color: #e31a18;\" href=\"http:\/\/www.ordinedimaltaitalia.org\" target=\"_blank\" rel=\"noopener noreferrer\">www.ordinedimaltaitalia.org<\/a><\/span><\/strong><\/p>\n<p>Gro\u00dfpriorat Lombardei und Venedig (Venedig)<br \/>\n<strong><span style=\"color: #e31a18;\"> <a style=\"color: #e31a18;\" href=\"http:\/\/www.ordinedimaltaitalia.org\" target=\"_blank\" rel=\"noopener noreferrer\">www.ordinedimaltaitalia.org<\/a><\/span><\/strong><\/p>\n<p>Gro\u00dfpriorat Neapel und Sizilien (Neapel)<br \/>\n<strong><span style=\"color: #e31a18;\"> <a style=\"color: #e31a18;\" href=\"http:\/\/www.ordinedimaltaitalia.org\" target=\"_blank\" rel=\"noopener noreferrer\">www.ordinedimaltaitalia.org<\/a><\/span><\/strong><\/p>\n<p>Gro\u00dfpriorat B\u00f6hmen (Prag)<br \/>\n<strong><span style=\"color: #e31a18;\"> <a style=\"color: #e31a18;\" href=\"http:\/\/www.maltezskyrad.cz\" target=\"_blank\" rel=\"noopener noreferrer\">www.maltezskyrad.cz<\/a><\/span><\/strong><\/p>\n<p>Gro\u00dfpriorat \u00d6sterreich<br \/>\n<strong><span style=\"color: #e31a18;\"> <a style=\"color: #e31a18;\" href=\"http:\/\/www.malteser.or.at\" target=\"_blank\" rel=\"noopener noreferrer\">www.malteser.or.at<\/a><\/span><\/strong><\/p>\n<p>Gro\u00dfpriorat England<br \/>\n<strong><span style=\"color: #e31a18;\"> <a style=\"color: #e31a18;\" href=\"http:\/\/www.orderofmalta.org.ukt\" target=\"_blank\" rel=\"noopener noreferrer\">www.orderofmalta.org.uk<\/a><\/span><\/strong><\/p>\n<\/div>\n<\/div>\n<\/div>\n<\/div>\n<div class=\"kopa-main-col col-md-6 col-sm-12 col-xs-12\">\n<div style=\"margin-bottom: 50px;\">\n<div class=\"main-block-wrapper clearfix\">\n<h5><a>Subpriorate<\/a><\/h5>\n<div>\n<p>Deutsches Subpriorat des Hl. Michael (K\u00f6ln)<\/p>\n<p>Irisches Subpriorat Saint Oliver Plunkett<br \/>\n(Dublin)<\/p>\n<p>Subpriorat des Hl. Georg und des Hl. Jakobus<br \/>\n(Madrid)<\/p>\n<p>Subpriorat Notre Dame von Philermos (San Francisco)<\/p>\n<p>Subpriorat Notre Dame von Lourdes<br \/>\n(New York)<\/p>\n<p>Subpriorat der Unbefleckten Empf\u00e4ngnis<br \/>\n(Melbourne)<\/p>\n<\/div>\n<\/div>\n<\/div>\n<\/div>\n<\/div>\n<div class=\"row\">\n<div class=\"kopa-main-col col-md-12 col-sm-12 col-xs-12\">\n<div style=\"margin-bottom: 50px;\">\n<div class=\"main-block-wrapper clearfix\">\n<h5><a>Nationale Assoziationen<\/a><\/h5>\n<div>\n<div class=\"kopa-main-col col-md-6 col-sm-12 col-xs-12\">\n<p>Argentinische Assoziation<br \/>\n<strong><span style=\"color: #e31a18;\"> <a style=\"color: #e31a18;\" href=\"http:\/\/www.ordendemaltaargentina.org\" target=\"_blank\" rel=\"noopener noreferrer\">www.ordendemaltaargentina.org<\/a><\/span><\/strong><\/p>\n<p>Australische Assoziation<br \/>\n<strong><span style=\"color: #e31a18;\"> <a style=\"color: #e31a18;\" href=\"http:\/\/www.orderofmalta.org.au\" target=\"_blank\" rel=\"noopener noreferrer\">www.orderofmalta.org.au<\/a><\/span><\/strong><\/p>\n<p>Belgische Assoziation<br \/>\n<strong><span style=\"color: #e31a18;\"> <a style=\"color: #e31a18;\" href=\"http:\/\/www.ordredemaltebelgique.org\" target=\"_blank\" rel=\"noopener noreferrer\">www.ordredemaltebelgique.org<\/a><\/span><\/strong><\/p>\n<p>Bolivianische Assoziation<\/p>\n<p>Brasilianische Assoziation von Rio de Janeiro (Rio de Janeiro)<br \/>\n<strong><span style=\"color: #e31a18;\"> <a style=\"color: #e31a18;\" href=\"http:\/\/www.ordemdemalta.com\" target=\"_blank\" rel=\"noopener noreferrer\">www.ordemdemalta.com<\/a><\/span><\/strong><\/p>\n<p>Assoziation von Sao Paulo und dem s\u00fcdlichen Brasilien (Sao Paulo)<\/p>\n<p>Assoziation von Brasilia und dem n\u00f6rdlichen Brasilien (Brasilia)<\/p>\n<p>Britische Assoziation<br \/>\n<strong><span style=\"color: #e31a18;\"> <a style=\"color: #e31a18;\" href=\"http:\/\/www.orderofmalta.org.uk\" target=\"_blank\" rel=\"noopener noreferrer\">www.orderofmalta.org.uk<\/a><\/span><\/strong><\/p>\n<p>Chilenische Assoziation<br \/>\n<strong><span style=\"color: #e31a18;\"> <a style=\"color: #e31a18;\" href=\"http:\/\/www.ordendemalta.cl\" target=\"_blank\" rel=\"noopener noreferrer\">www.ordendemalta.cl<\/a><\/span><\/strong><\/p>\n<p>Assoziation von Costa Rica<\/p>\n<p>Dominikanische Assoziation<br \/>\n<strong><span style=\"color: #e31a18;\"> <a style=\"color: #e31a18;\" href=\"http:\/\/www.ordendemaltadominicana.org\" target=\"_blank\" rel=\"noopener noreferrer\">www.ordendemaltadominicana.org<\/a><\/span><\/strong><\/p>\n<p>Deutsche Assoziation<br \/>\n<span style=\"line-height: 1.5;\"><strong><span style=\"color: #e31a18;\"><a style=\"color: #e31a18;\" href=\"http:\/\/www.malteser.de\" target=\"_blank\" rel=\"noopener noreferrer\">www.malteser.de<\/a><\/span><\/strong><\/span><\/p>\n<p>Ecuadorianische Assoziation<\/p>\n<p>Assoziation von El Salvador<br \/>\n<strong><span style=\"color: #e31a18;\"> <a style=\"color: #e31a18;\" href=\"http:\/\/www.ordendemalta.org.sv\" target=\"_blank\" rel=\"noopener noreferrer\">www.ordendemalta.org.sv<\/a><\/span><\/strong><\/p>\n<p>Franz\u00f6sische Assoziation<br \/>\n<strong><span style=\"color: #e31a18;\"> <a style=\"color: #e31a18;\" href=\"http:\/\/www.ordredemaltefrance.org\" target=\"_blank\" rel=\"noopener noreferrer\">www.ordredemaltefrance.org<\/a><\/span><\/strong><\/p>\n<p>Assoziation von Guatemala<\/p>\n<p>Helvetische Assoziation<br \/>\n<strong><span style=\"color: #e31a18;\"> <a style=\"color: #e31a18;\" href=\"https:\/\/ordredemaltesuisse.org\" target=\"_blank\" rel=\"noopener noreferrer\">https:\/\/ordredemaltesuisse.org<\/a><\/span><\/strong><\/p>\n<p>Assoziation von Honduras<\/p>\n<p>Irische Assoziation<br \/>\n<strong><span style=\"color: #e31a18;\"> <a style=\"color: #e31a18;\" href=\"http:\/\/www.orderofmaltaireland.org\" target=\"_blank\" rel=\"noopener noreferrer\">www.orderofmaltaireland.org<\/a><\/span><\/strong><\/p>\n<p>Italienische Assoziation (Rom)<br \/>\n<strong><span style=\"color: #e31a18;\"> <a style=\"color: #e31a18;\" href=\"http:\/\/www.ordinedimaltaitalia.org\" target=\"_blank\" rel=\"noopener noreferrer\">www.ordinedimaltaitalia.org<\/a><\/span><\/strong><\/p>\n<p>Kanadische Assoziation<br \/>\n<strong><span style=\"color: #e31a18;\"> <a style=\"color: #e31a18;\" href=\"http:\/\/www.orderofmaltacanada.org\" target=\"_blank\" rel=\"noopener noreferrer\">www.orderofmaltacanada.org<\/a><\/span><\/strong><\/p>\n<p>Kolumbianische Assoziation<br \/>\n<strong><span style=\"color: #e31a18;\"> <a style=\"color: #e31a18;\" href=\"http:\/\/www.orderofmaltacolombia.org\" target=\"_blank\" rel=\"noopener noreferrer\">www.orderofmaltacolombia.org<\/a><\/span><\/strong><\/p>\n<p>Kubanische Assoziation<br \/>\n<strong><span style=\"color: #e31a18;\"> <a style=\"color: #e31a18;\" href=\"http:\/\/www.ordendemaltacuba.org\" target=\"_blank\" rel=\"noopener noreferrer\">www.ordendemaltacuba.org<\/a><\/span><\/strong><\/p>\n<\/div>\n<div class=\"kopa-main-col col-md-6 col-sm-12 col-xs-12\">\n<p>Libanesische Assoziation<br \/>\n<strong><span style=\"color: #e31a18;\"> <a style=\"color: #e31a18;\" href=\"http:\/\/www.ordredemalteliban.org\" target=\"_blank\" rel=\"noopener noreferrer\">www.ordredemalteliban.org<\/a><\/span><\/strong><\/p>\n<p>Maltesische Assoziation<br \/>\n<strong><span style=\"color: #e31a18;\"> <a style=\"color: #e31a18;\" href=\"http:\/\/www.orderofmalta-malta.org.mt\" target=\"_blank\" rel=\"noopener noreferrer\">www.orderofmalta-malta.org.mt<\/a><\/span><\/strong><\/p>\n<p>Mexikanische Assoziation<br \/>\n<strong><span style=\"color: #e31a18;\"> <a style=\"color: #e31a18;\" href=\"http:\/\/www.ordendemalta.mx\" target=\"_blank\" rel=\"noopener noreferrer\">www.ordendemalta.mx<\/a><\/span><\/strong><\/p>\n<p>Monegassische Assoziation<\/p>\n<p>Nicaraguanische Assoziation<\/p>\n<p>Niederl\u00e4ndische Assoziation<br \/>\n<strong><span style=\"color: #e31a18;\"> <a style=\"color: #e31a18;\" href=\"http:\/\/www.ordevanmalta.nl\" target=\"_blank\" rel=\"noopener noreferrer\">wwww.ordevanmalta.nl<\/a><\/span><\/strong><\/p>\n<p>Panamesische Assoziation<\/p>\n<p>Assoziation von Paraguay<\/p>\n<p>Peruanische Assoziation<\/p>\n<p>Assoziation der Philippinen<br \/>\n<strong><span style=\"color: #e31a18;\"> <a style=\"color: #e31a18;\" href=\"http:\/\/www.orderofmaltaphilippines.com\" target=\"_blank\" rel=\"noopener noreferrer\">www.orderofmaltaphilippines.com<\/a><\/span><\/strong><\/p>\n<p>Polnische Assoziation<br \/>\n<strong><span style=\"color: #e31a18;\"> <a style=\"color: #e31a18;\" href=\"http:\/\/www.zakonmaltanski.pl\" target=\"_blank\" rel=\"noopener noreferrer\">www.zakonmaltanski.pl<\/a><\/span><\/strong><\/p>\n<p>Portugiesische Assoziation<br \/>\n<strong><span style=\"color: #e31a18;\"> <a style=\"color: #e31a18;\" href=\"http:\/\/www.ordemdemalta.pt\" target=\"_blank\" rel=\"noopener noreferrer\">www.ordemdemalta.pt<\/a><\/span><\/strong><\/p>\n<p>Rum\u00e4nische Assoziation<br \/>\n<strong><span style=\"color: #e31a18;\"> <a style=\"color: #e31a18;\" href=\"http:\/\/www.maltez.ro\" target=\"_blank\" rel=\"noopener noreferrer\">www.maltez.ro<\/a><\/span><\/strong><\/p>\n<p>Senegalische Assoziation<br \/>\n<strong><span style=\"color: #e31a18;\"> <a style=\"color: #e31a18;\" href=\"http:\/\/www.ordredemaltesenegal.org\" target=\"_blank\" rel=\"noopener noreferrer\">www.ordredemaltesenegal.org<\/a><\/span><\/strong><\/p>\n<p>Assoziation von Singapur<br \/>\n<strong><span style=\"color: #e31a18;\"> <a style=\"color: #e31a18;\" href=\"http:\/\/www.orderofmalta.org.sg\" target=\"_blank\" rel=\"noopener noreferrer\">www.orderofmalta.org.sg<\/a><\/span><\/strong><\/p>\n<p>Skandinavische Assoziation<br \/>\n<strong><span style=\"color: #e31a18;\"> <a style=\"color: #e31a18;\" href=\"http:\/\/www.malteserorden.se\" target=\"_blank\" rel=\"noopener noreferrer\">www.malteserorden.se<\/a><\/span><\/strong><\/p>\n<p>Slowenische Assoziation<br \/>\n<strong><span style=\"color: #e31a18;\"> <a style=\"color: #e31a18;\" href=\"http:\/\/www.malteskired.si\" target=\"_blank\" rel=\"noopener noreferrer\">www.malteskired.si<\/a><\/span><\/strong><\/p>\n<p>Spanische Assoziation<br \/>\n<strong><span style=\"color: #e31a18;\"> <a style=\"color: #e31a18;\" href=\"http:\/\/www.ordendemalta.es\" target=\"_blank\" rel=\"noopener noreferrer\">www.ordendemalta.es<\/a><\/span><\/strong><\/p>\n<p>Ungarische Assoziation<br \/>\n<strong><span style=\"color: #e31a18;\"> <a style=\"color: #e31a18;\" href=\"http:\/\/www.mmlsz.hu\" target=\"_blank\" rel=\"noopener noreferrer\">www.mmlsz.hu<\/a><\/span><\/strong><\/p>\n<p>Uruguayische Assoziation<br \/>\n<strong><span style=\"color: #e31a18;\"> <a style=\"color: #e31a18;\" href=\"http:\/\/www.ordendemaltauruguay.org.uy\" target=\"_blank\" rel=\"noopener noreferrer\">www.ordendemaltauruguay.org.uy<\/a><\/span><\/strong><\/p>\n<p>Amerikanische Assoziation USA (New York)<br \/>\n<strong><span style=\"color: #e31a18;\"> <a style=\"color: #e31a18;\" href=\"http:\/\/www.orderofmaltaamerican.org\" target=\"_blank\" rel=\"noopener noreferrer\">www.orderofmaltaamerican.org<\/a><\/span><\/strong><\/p>\n<p>Federal Assoziation USA (Washington, D. C.)<br \/>\n<strong><span style=\"color: #e31a18;\"> <a style=\"color: #e31a18;\" href=\"http:\/\/www.orderofmalta-federal.org\" target=\"_blank\" rel=\"noopener noreferrer\">www.orderofmalta-federal.org<\/a><\/span><\/strong><\/p>\n<p>Western Assoziation USA (San Francisco)<br \/>\n<strong><span style=\"color: #e31a18;\"> <a style=\"color: #e31a18;\" href=\"http:\/\/www.orderofmaltausawestern.org\" target=\"_blank\" rel=\"noopener noreferrer\">www.orderofmaltausawestern.org<\/a><\/span><\/strong><\/p>\n<p>Venezolanische Assoziation<\/p>\n<\/div>\n<\/div>\n<\/div>\n<\/div>\n<\/div>\n<\/div>\n","protected":false},"excerpt":{"rendered":"<p>Nationale Institutionen Grand Priories Gro\u00dfpriorat Rom www.ordinedimaltaitalia.org Gro\u00dfpriorat Lombardei und Venedig (Venedig) www.ordinedimaltaitalia.org Gro\u00dfpriorat Neapel und Sizilien (Neapel) www.ordinedimaltaitalia.org Gro\u00dfpriorat B\u00f6hmen (Prag) www.maltezskyrad.cz Gro\u00dfpriorat \u00d6sterreich www.malteser.or.at Gro\u00dfpriorat England www.orderofmalta.org.uk Subpriorate Deutsches Subpriorat des Hl. Michael (K\u00f6ln) Irisches Subpriorat Saint Oliver Plunkett (Dublin) Subpriorat des Hl. Georg und des Hl. Jakobus (Madrid) Subpriorat Notre Dame von [&hellip;]<\/p>\n","protected":false},"author":1,"featured_media":0,"parent":811,"menu_order":0,"comment_status":"closed","ping_status":"closed","template":"template-rsidebar.php","meta":{"inline_featured_image":false,"footnotes":"","_links_to":"","_links_to_target":""},"class_list":["post-899","page","type-page","status-publish","hentry"],"_links":{"self":[{"href":"https:\/\/ordredemaltesuisse.org\/de\/wp-json\/wp\/v2\/pages\/899","targetHints":{"allow":["GET"]}}],"collection":[{"href":"https:\/\/ordredemaltesuisse.org\/de\/wp-json\/wp\/v2\/pages"}],"about":[{"href":"https:\/\/ordredemaltesuisse.org\/de\/wp-json\/wp\/v2\/types\/page"}],"author":[{"embeddable":true,"href":"https:\/\/ordredemaltesuisse.org\/de\/wp-json\/wp\/v2\/users\/1"}],"replies":[{"embeddable":true,"href":"https:\/\/ordredemaltesuisse.org\/de\/wp-json\/wp\/v2\/comments?post=899"}],"version-history":[{"count":0,"href":"https:\/\/ordredemaltesuisse.org\/de\/wp-json\/wp\/v2\/pages\/899\/revisions"}],"up":[{"embeddable":true,"href":"https:\/\/ordredemaltesuisse.org\/de\/wp-json\/wp\/v2\/pages\/811"}],"wp:attachment":[{"href":"https:\/\/ordredemaltesuisse.org\/de\/wp-json\/wp\/v2\/media?parent=899"}],"curies":[{"name":"wp","href":"https:\/\/api.w.org\/{rel}","templated":true}]}}