{"id":916,"date":"2017-02-09T14:14:40","date_gmt":"2017-02-09T13:14:40","guid":{"rendered":"https:\/\/ordredemaltesuisse.org\/\/der-malteserorden\/flags-emblems\/"},"modified":"2025-03-06T09:30:04","modified_gmt":"2025-03-06T08:30:04","slug":"flags-emblems","status":"publish","type":"page","link":"https:\/\/ordredemaltesuisse.org\/de\/der-malteserorden\/flags-emblems\/","title":{"rendered":"Flaggen und Wappen"},"content":{"rendered":"<div style=\"margin-bottom: 50px;\">\n<div class=\"main-block-wrapper clearfix\">\n<p><a class=\"img-link-wrapper\"><img decoding=\"async\" src=\"https:\/\/ordredemaltesuisse.org\/wp-content\/uploads\/sites\/3\/2025\/03\/government_flags_02.jpg\" \/><\/a><\/p>\n<h5><a>Die Flagge der Werke des Ordens<\/a><\/h5>\n<div>Die rote Flagge mit dem achtspitzigen wei\u00dfen Kreuz ist die Flagge der Werke des Malteserordens. Das achtspitzige Kreuz ist im Orden ebenso lang im Gebrauch wie das lateinische Kreuz und steht im Zusammenhang mit den Urspr\u00fcngen des Ordens in der Republik von Amalfi. Seine gegenw\u00e4rtige Form hat eine \u00fcber vierhundertj\u00e4hrige Tradition. Die erste deutliche Wiedergabe eines Kreuzes mit acht Spitzen findet sich auf den M\u00fcnzen des Gro\u00dfmeisters Fulk de Villaret (1305-1319). Es ist die Flagge der 6 Gro\u00dfpriorate, der 6 Subpriorate, der 48 nationalen Assoziationen und der \u00fcber 100 diplomatischen Vertretungen des Ordens. Sie weht \u00fcberdies an Krankenh\u00e4usern, medizinischen Zentren, \u00e4rztlichen Versorgungsstellen und \u00fcberall wo Hilfseinrichtungen und besondere Institutionen des Ordens bestehen.<\/div>\n<\/div>\n<\/div>\n<div style=\"margin-bottom: 50px;\">\n<div class=\"main-block-wrapper clearfix\">\n<p><a class=\"img-link-wrapper\"><img decoding=\"async\" src=\"https:\/\/ordredemaltesuisse.org\/wp-content\/uploads\/sites\/3\/2025\/03\/Flag-Grand-Master.png\" \/><\/a><\/p>\n<h5><a>Die Flagge Seiner Hoheit und Eminenz des Gro\u00dfmeisters<\/a><\/h5>\n<div>Die pers\u00f6nliche Flagge des Gro\u00dfmeisters zeigt auf rotem Grund das wei\u00dfe achtspitzige Kreuz, umgeben von der Ordenskette und mit aufgesetzter Krone. Sie wird am Magistralpalast oder an den sonstigen Ordensresidenzen gehisst, um die Anwesenheit des Gro\u00dfmeisters anzuzeigen.<\/div>\n<\/div>\n<\/div>\n<div style=\"margin-bottom: 50px;\">\n<h4 class=\"widget-title style3\">Wappen<\/h4>\n<div class=\"main-block-wrapper clearfix\">\n<p><a class=\"img-link-wrapper\"><img decoding=\"async\" src=\"https:\/\/ordredemaltesuisse.org\/wp-content\/uploads\/sites\/3\/2025\/03\/government_emblemes_01.jpg\" \/><\/a><\/p>\n<h5><a>Das Wappen des Malteserordens<\/a><\/h5>\n<div>Das Wappen des Ordens zeigt auf dem achtspitzigen Kreuz das lateinische Kreuz in ovalem rotem Feld, eingefasst von einem Rosenkranz mit Hermelinmantel und F\u00fcrstenkrone (Art. 6 der Ordensverfassung). Es ist das Wappen des Gro\u00dfmagisteriums und der Einrichtungen des Souver\u00e4nen Ordens: Gro\u00dfpriorate, Subpriorate, nationale Assoziationen und diplomatische Vertretungen.<\/div>\n<\/div>\n<\/div>\n<div style=\"margin-bottom: 50px;\">\n<div class=\"main-block-wrapper clearfix\">\n<p><a class=\"img-link-wrapper\"><img decoding=\"async\" src=\"https:\/\/ordredemaltesuisse.org\/wp-content\/uploads\/sites\/3\/2025\/03\/Shield.png\" \/><\/a><\/p>\n<h5><a>Das Wappen der Dienste<\/a><\/h5>\n<div>Es ist in aller Welt das sichtbare Zeichen f\u00fcr die medizinischen und humanit\u00e4ren Einrichtungen des Ordens. Es zeigt das wei\u00dfe achtspitzige Kreuz auf rotem Grund in Schildform (Art. 242 des Codex).<\/div>\n<\/div>\n<\/div>\n","protected":false},"excerpt":{"rendered":"<p>Die Flagge der Werke des Ordens Die rote Flagge mit dem achtspitzigen wei\u00dfen Kreuz ist die Flagge der Werke des Malteserordens. Das achtspitzige Kreuz ist im Orden ebenso lang im Gebrauch wie das lateinische Kreuz und steht im Zusammenhang mit den Urspr\u00fcngen des Ordens in der Republik von Amalfi. Seine gegenw\u00e4rtige Form hat eine \u00fcber [&hellip;]<\/p>\n","protected":false},"author":1,"featured_media":0,"parent":811,"menu_order":0,"comment_status":"closed","ping_status":"closed","template":"template-rsidebar.php","meta":{"inline_featured_image":false,"footnotes":"","_links_to":"","_links_to_target":""},"class_list":["post-916","page","type-page","status-publish","hentry"],"_links":{"self":[{"href":"https:\/\/ordredemaltesuisse.org\/de\/wp-json\/wp\/v2\/pages\/916","targetHints":{"allow":["GET"]}}],"collection":[{"href":"https:\/\/ordredemaltesuisse.org\/de\/wp-json\/wp\/v2\/pages"}],"about":[{"href":"https:\/\/ordredemaltesuisse.org\/de\/wp-json\/wp\/v2\/types\/page"}],"author":[{"embeddable":true,"href":"https:\/\/ordredemaltesuisse.org\/de\/wp-json\/wp\/v2\/users\/1"}],"replies":[{"embeddable":true,"href":"https:\/\/ordredemaltesuisse.org\/de\/wp-json\/wp\/v2\/comments?post=916"}],"version-history":[{"count":1,"href":"https:\/\/ordredemaltesuisse.org\/de\/wp-json\/wp\/v2\/pages\/916\/revisions"}],"predecessor-version":[{"id":6746,"href":"https:\/\/ordredemaltesuisse.org\/de\/wp-json\/wp\/v2\/pages\/916\/revisions\/6746"}],"up":[{"embeddable":true,"href":"https:\/\/ordredemaltesuisse.org\/de\/wp-json\/wp\/v2\/pages\/811"}],"wp:attachment":[{"href":"https:\/\/ordredemaltesuisse.org\/de\/wp-json\/wp\/v2\/media?parent=916"}],"curies":[{"name":"wp","href":"https:\/\/api.w.org\/{rel}","templated":true}]}}