{"id":945,"date":"2017-03-09T11:46:25","date_gmt":"2017-03-09T10:46:25","guid":{"rendered":"https:\/\/ordredemaltesuisse.org\/\/der-malteserorden\/order-pro-merito-melitensi\/"},"modified":"2025-03-06T09:41:01","modified_gmt":"2025-03-06T08:41:01","slug":"order-pro-merito-melitensi","status":"publish","type":"page","link":"https:\/\/ordredemaltesuisse.org\/de\/der-malteserorden\/order-pro-merito-melitensi\/","title":{"rendered":"Order Pro Merito Melitensi"},"content":{"rendered":"<h2>Order Pro Merito Melitensi<\/h2>\n<div class=\"main-block-wrapper clearfix\">\n<p><a class=\"img-link-wrapper\"><img decoding=\"async\" src=\"https:\/\/ordredemaltesuisse.org\/wp-content\/uploads\/sites\/3\/2025\/03\/government_order_melitensi_01.jpg\" \/><\/a><\/p>\n<h5><\/h5>\n<div>\n<p>Der im Jahr 1920 gegr\u00fcndete Ritterorden pro Merito Melitensi soll eine Auszeichnung f\u00fcr Pers\u00f6nlichkeiten sein, welche sich um die Ehre und das Ansehen des Souver\u00e4nen Malteser Ritterorden verdient gemacht haben.<\/p>\n<p>Ist haupts\u00e4chlich f\u00fcr diejenigen reserviert, die nicht Mitglieder des Ordens sind. Diese Auszeichnung wird unabh\u00e4ngig von der Religionszugeh\u00f6rigkeit verliehen.<\/p>\n<p>Wer mit dem Orden pro Merito Melitensi ausgezeichnet ist, wird deshalb nicht Mitglied des Malteserordens. Die Auszeichnung pro Merito Melitensi wird sowohl auf Beschluss des Souver\u00e4nen Rates wie durch Motu Proprio des Gro\u00dfmeisters verliehen.<\/p>\n<p><strong>Die Ordensverleihungen finden statt am:<\/strong><br \/>\n<em>2. Februar, am Fest Maria Lichtmess<br \/>\n24. Juni, am Fest des Hl. Johann Baptist, des Ordenspatrons<br \/>\n13. Oktober, am Fest des Seligen Gerhard, des Ordensgr\u00fcnders<\/em><\/p>\n<p>Von dieser Terminierung ausgeschlossen sind die Verleihungen Motu Proprio sowie die Verleihungen an W\u00fcrdentr\u00e4ger und Amtsinhaber des Malteserordens aus Anlass ihres Ausscheidens aus Amt und Auftrag.<\/p>\n<p><strong>Die Auszeichnungen des Ordens pro Merito Melitensi sind folgende:<\/strong><br \/>\n<em>die Ordenskette<br \/>\ndas Kreuz<br \/>\ndie Medaille<\/em><\/p>\n<p>Die Ordenskette besteht aus einem einzigen Grad und ist in zwei Kategorien unterteilt: die Kette pro Merito Melitensi (f\u00fcr Zivilpersonen) und die Kette mit Schwertern pro Merito Melitensi (f\u00fcr Milit\u00e4rpersonen).<br \/>\nDie Ordenskette wird gew\u00f6hnlich an Staatsoberh\u00e4upter verliehen.<\/p>\n<\/div>\n<\/div>\n<div style=\"margin-bottom: 50px;\">\n<div class=\"main-block-wrapper clearfix\">\n<p><a class=\"img-link-wrapper\"><img decoding=\"async\" src=\"https:\/\/ordredemaltesuisse.org\/wp-content\/uploads\/sites\/3\/2025\/03\/government_order_melitensi_02.jpg\" \/><\/a><\/p>\n<h5><a>Die Grade des Ordenskreuzes pro Merito Melitensi f\u00fcr Laien sind:<\/a><\/h5>\n<div>\n<p><strong>F\u00fcr Zivilpersonen:<\/strong><br \/>\n<em>Gro\u00dfkreuz pro Merito Melitensi \u2013 Sonderklasse<br \/>\nGro\u00dfkreuz pro Merito Melitensi<br \/>\nGro\u00dfoffizierskreuz pro Merito Melitensi<br \/>\nKommandeurkreuz pro Merito Melitensi<br \/>\nOffizierskreuz pro Merito Melitensi<br \/>\nVerdienstkreuz pro Merito Melitensi<\/em><\/p>\n<p><strong>F\u00fcr Damen:<\/strong><br \/>\n<em>Gro\u00dfkreuz pro Merito Melitensi \u2013 Sonderklasse<br \/>\nGro\u00dfkreuz pro Merito Melitensi<br \/>\nVerdienstkreuz pro Merito Melitensi mit Schild<br \/>\nVerdienstkreuz pro Merito Melitensi mit Krone<br \/>\nVerdienstkreuz pro Merito Melitensi mit Wappen<br \/>\nVerdienstkreuz pro Merito Melitensi<\/em><\/p>\n<p><strong>F\u00fcr Milit\u00e4rpersonen:<\/strong><br \/>\n<em>Gro\u00dfkreuz mit Schwertern pro Merito Melitensi \u2013 Sonderklasse<br \/>\nGro\u00dfkreuz mit Schwertern pro Merito Melitensi<br \/>\nGro\u00dfoffizierskreuz mit Schwertern pro Merito Melitensi<br \/>\nKommandeurkreuz mit Schwertern pro Merito Melitensi<br \/>\nOffizierskreuz mit Schwertern pro Merito Melitensi<br \/>\nVerdienstkreuz mit Schwertern pro Merito Melitensi<\/em><\/p>\n<p>Das Kreuz des Verdienstordens pro Merito Melitensi f\u00fcr Geistliche unterscheidet sich durch folgende Grade. Gro\u00dfkreuz \u201epro piis meritis\u201c pro Merito Melitensi Verdienstkreuz \u201epro piis meritis\u201c pro Merito Melitensi.<\/p>\n<\/div>\n<\/div>\n<\/div>\n<div style=\"margin-bottom: 50px;\">\n<div class=\"main-block-wrapper clearfix\">\n<p><a class=\"img-link-wrapper\"><img decoding=\"async\" src=\"https:\/\/ordredemaltesuisse.org\/wp-content\/uploads\/sites\/3\/2025\/03\/government_order_melitensi_03.jpg\" \/><\/a><\/p>\n<h5><a>Die Verdienstmedaille des Ordens pro Merito Melitensi hat drei Grade:<\/a><\/h5>\n<div>\n<p><strong>F\u00fcr Zivilpersonen (Herren und Damen):<\/strong><br \/>\n<em>Verdienstmedaille in Gold<br \/>\nVerdienstmedaille in Silber<br \/>\nVerdienstmedaille in Bronze<br \/>\n<\/em><\/p>\n<p><strong>F\u00fcr Milit\u00e4rpersonen:<\/strong><br \/>\n<em>Verdienstmedaille mit Schwertern in Gold<br \/>\nVerdienstmedaille mit Schwertern in Silber<br \/>\nVerdienstmedaille mit Schwertern in Bronze<\/em><\/p>\n<p>Die Verdienstmedaille in Gold ist solchen Pers\u00f6nlichkeiten vorbehalten, die an den Werken des Malteserordens unter Einsatz ihres Lebens mitgewirkt haben.<\/p>\n<p>Die Beschlussfassung \u00fcber die Ordensverleihung und Dekoration mit den verschiedenen Graden des Ordens pro Merito Melitensi werden im Generalverzeichnis vermerkt. Die Verleihungen werden im offiziellen Mitteilungsblatt des Malteserordens verk\u00fcndet.<\/p>\n<\/div>\n<\/div>\n<\/div>\n","protected":false},"excerpt":{"rendered":"<p>Order Pro Merito Melitensi Der im Jahr 1920 gegr\u00fcndete Ritterorden pro Merito Melitensi soll eine Auszeichnung f\u00fcr Pers\u00f6nlichkeiten sein, welche sich um die Ehre und das Ansehen des Souver\u00e4nen Malteser Ritterorden verdient gemacht haben. Ist haupts\u00e4chlich f\u00fcr diejenigen reserviert, die nicht Mitglieder des Ordens sind. Diese Auszeichnung wird unabh\u00e4ngig von der Religionszugeh\u00f6rigkeit verliehen. Wer mit [&hellip;]<\/p>\n","protected":false},"author":1,"featured_media":0,"parent":811,"menu_order":0,"comment_status":"closed","ping_status":"closed","template":"template-rsidebar.php","meta":{"inline_featured_image":false,"footnotes":"","_links_to":"","_links_to_target":""},"class_list":["post-945","page","type-page","status-publish","hentry"],"_links":{"self":[{"href":"https:\/\/ordredemaltesuisse.org\/de\/wp-json\/wp\/v2\/pages\/945","targetHints":{"allow":["GET"]}}],"collection":[{"href":"https:\/\/ordredemaltesuisse.org\/de\/wp-json\/wp\/v2\/pages"}],"about":[{"href":"https:\/\/ordredemaltesuisse.org\/de\/wp-json\/wp\/v2\/types\/page"}],"author":[{"embeddable":true,"href":"https:\/\/ordredemaltesuisse.org\/de\/wp-json\/wp\/v2\/users\/1"}],"replies":[{"embeddable":true,"href":"https:\/\/ordredemaltesuisse.org\/de\/wp-json\/wp\/v2\/comments?post=945"}],"version-history":[{"count":1,"href":"https:\/\/ordredemaltesuisse.org\/de\/wp-json\/wp\/v2\/pages\/945\/revisions"}],"predecessor-version":[{"id":6763,"href":"https:\/\/ordredemaltesuisse.org\/de\/wp-json\/wp\/v2\/pages\/945\/revisions\/6763"}],"up":[{"embeddable":true,"href":"https:\/\/ordredemaltesuisse.org\/de\/wp-json\/wp\/v2\/pages\/811"}],"wp:attachment":[{"href":"https:\/\/ordredemaltesuisse.org\/de\/wp-json\/wp\/v2\/media?parent=945"}],"curies":[{"name":"wp","href":"https:\/\/api.w.org\/{rel}","templated":true}]}}