{"id":966,"date":"2017-02-10T11:13:38","date_gmt":"2017-02-10T10:13:38","guid":{"rendered":"https:\/\/ordredemaltesuisse.org\/\/magistral-palace\/"},"modified":"2025-03-06T09:43:48","modified_gmt":"2025-03-06T08:43:48","slug":"magistralpalast","status":"publish","type":"page","link":"https:\/\/ordredemaltesuisse.org\/de\/der-malteserorden\/magistralpalast\/","title":{"rendered":"Magistralpalast"},"content":{"rendered":"<h2>Der Regierungssitz des Souver\u00e4nen Malteserordens<\/h2>\n<div class=\"main-block-wrapper clearfix\">\n<p><a class=\"img-link-wrapper full\"><img decoding=\"async\" src=\"https:\/\/ordredemaltesuisse.org\/wp-content\/uploads\/sites\/3\/2025\/03\/government_magistral_palace.jpg\" \/><\/a><\/p>\n<h5><a>Der Regierungssitz des Souver\u00e4nen Malteserordens<\/a><\/h5>\n<div>\n<p>Im Herzen der historischen Altstadt Roms liegt in der ber\u00fchmten Via dei Condotti der Magistralpalast. Seit 1834 ist sie der Sitz des Gro\u00dfmeisters und des Souver\u00e4nen Rates der Malteser Regierung. Sie ist das Herzst\u00fcck einer weltweit agierenden Institution. Von dieser Zentrale aus, der von der italienischen Regierung Extraterritorialit\u00e4t gew\u00e4hrt wird, werden die diplomatischen, religi\u00f6sen, humanit\u00e4ren und administrativen Unternehmungen des Ordens \u00fcberwacht.<\/p>\n<h5>Historische Verbindung<\/h5>\n<p>Der Magistralpalast wurde dem Malteserorden im Jahr 1629, von einem seiner Vertreter in Rom, Fra\u2019 Antonio Bosio, \u00fcberlassen. Dieser war ein gesch\u00e4tzter Wissenschaftler und wird als der Gr\u00fcnder christlicher Arch\u00e4ologie angesehen. Zun\u00e4chst diente der Palast den Botschaftern des Malteserordens am Heiligen Stuhl als Sitz. Zwei Jahrhunderte sp\u00e4ter, als der Orden im Jahr 1834 nach Rom zog, wurde er zum Sitz des Gro\u00dfmeisters und der Regierung.<\/p>\n<h5>Die operative Zentrale<\/h5>\n<p>Zwei Flaggen des Malteserordens sind am Eingang der Via Condotti aufgezogen: eine ist die Flagge des Hl. Johannes \u2013 die Staatsflagge \u2013 bei der anderen handelt es sich um die Flagge der Werke des Malteserordens. Die pers\u00f6nliche Flagge des Gro\u00dfmeisters wird gehisst, wenn er vor Ort ist. Regierungsoberh\u00e4upter, Botschafter und hochrangige Mitglieder der weltweiten Instanzen werden im Palast empfangen, wo auch die Regierungsorgane tagen. In der Kapelle, die dem Ordenspatron, dem Hl. Johannes des T\u00e4ufers, gewidmet ist, werden Morgenandachten gehalten.<br \/>\nDie Zentralbibliothek des Malteserordens und die Archive, die im Palast untergebracht sind, sind ein kultureller Referenzpunkt f\u00fcr alle Informationen rund um den Malteserorden. Ganz in der Tradition des Ordens, der ein Hospital etablieren soll, wo immer er sich niederl\u00e4sst, gibt es im Erdgeschoss des Geb\u00e4udes eine Tagesst\u00e4tte. Die Magistrale M\u00fcnzpr\u00e4geanstalt und das Postamt befinden sich ebenfalls hier. Von hier aus kann man seine Korrespondenz mit Briefmarken des Malteserordens in 57 Staaten schicken, mit denen Postvertr\u00e4ge bestehen. Ein neu er\u00f6ffnetes Besucherzentrum bietet Passanten die Gelegenheit, mehr \u00fcber den Malteserorden zu lernen. Das Ministerium des Inneren, das Au\u00dfenministerium, der Hospitalier, das Ministerium f\u00fcr Finanzen und das Presseb\u00fcro der Regierung des Malteserordens haben ihren Sitz im Palast.<\/p>\n<\/div>\n<\/div>\n","protected":false},"excerpt":{"rendered":"<p>Der Regierungssitz des Souver\u00e4nen Malteserordens Der Regierungssitz des Souver\u00e4nen Malteserordens Im Herzen der historischen Altstadt Roms liegt in der ber\u00fchmten Via dei Condotti der Magistralpalast. Seit 1834 ist sie der Sitz des Gro\u00dfmeisters und des Souver\u00e4nen Rates der Malteser Regierung. Sie ist das Herzst\u00fcck einer weltweit agierenden Institution. Von dieser Zentrale aus, der von der [&hellip;]<\/p>\n","protected":false},"author":1,"featured_media":6771,"parent":811,"menu_order":0,"comment_status":"closed","ping_status":"closed","template":"template-rsidebar.php","meta":{"inline_featured_image":false,"footnotes":"","_links_to":"","_links_to_target":""},"class_list":["post-966","page","type-page","status-publish","has-post-thumbnail","hentry"],"_links":{"self":[{"href":"https:\/\/ordredemaltesuisse.org\/de\/wp-json\/wp\/v2\/pages\/966","targetHints":{"allow":["GET"]}}],"collection":[{"href":"https:\/\/ordredemaltesuisse.org\/de\/wp-json\/wp\/v2\/pages"}],"about":[{"href":"https:\/\/ordredemaltesuisse.org\/de\/wp-json\/wp\/v2\/types\/page"}],"author":[{"embeddable":true,"href":"https:\/\/ordredemaltesuisse.org\/de\/wp-json\/wp\/v2\/users\/1"}],"replies":[{"embeddable":true,"href":"https:\/\/ordredemaltesuisse.org\/de\/wp-json\/wp\/v2\/comments?post=966"}],"version-history":[{"count":1,"href":"https:\/\/ordredemaltesuisse.org\/de\/wp-json\/wp\/v2\/pages\/966\/revisions"}],"predecessor-version":[{"id":6774,"href":"https:\/\/ordredemaltesuisse.org\/de\/wp-json\/wp\/v2\/pages\/966\/revisions\/6774"}],"up":[{"embeddable":true,"href":"https:\/\/ordredemaltesuisse.org\/de\/wp-json\/wp\/v2\/pages\/811"}],"wp:featuredmedia":[{"embeddable":true,"href":"https:\/\/ordredemaltesuisse.org\/de\/wp-json\/wp\/v2\/media\/6771"}],"wp:attachment":[{"href":"https:\/\/ordredemaltesuisse.org\/de\/wp-json\/wp\/v2\/media?parent=966"}],"curies":[{"name":"wp","href":"https:\/\/api.w.org\/{rel}","templated":true}]}}