{"id":980,"date":"2017-02-10T11:29:09","date_gmt":"2017-02-10T10:29:09","guid":{"rendered":"https:\/\/ordredemaltesuisse.org\/\/magistral-villa\/"},"modified":"2025-03-06T09:46:09","modified_gmt":"2025-03-06T08:46:09","slug":"magistral-villa","status":"publish","type":"page","link":"https:\/\/ordredemaltesuisse.org\/de\/der-malteserorden\/magistral-villa\/","title":{"rendered":"Magistral Villa"},"content":{"rendered":"<h2>Das Herzst\u00fcck des Erbes des Malteserordens<\/h2>\n<div class=\"main-block-wrapper clearfix\">\n<p><a class=\"img-link-wrapper full\"><img decoding=\"async\" src=\"https:\/\/ordredemaltesuisse.org\/wp-content\/uploads\/sites\/3\/2025\/03\/government_magistral_villa.jpg\" \/><\/a><\/p>\n<h5><a>Das Herzst\u00fcck des Erbes des Malteserordens<\/a><\/h5>\n<div>\n<p>Die Magistralvilla befindet sich seit dem 14. Jahrhundert im Besitz des Malteserordens und ist, zusammen mit dem Magistralpalast, eine der beiden institutionellen Niederlassungen. In der Villa haben bedeutende Veranstaltungen des institutionellen Ordensleben stattgefunden: im prachtvollen Kapitelsaal wurden sechs der letzten Gro\u00dfmeister gew\u00e4hlt und das Fest des Hl. Johannes des T\u00e4ufers \u2013 dem Ordenspatron \u2013 wird seit Jahrhunderten hier j\u00e4hrlich am 24.Juni gefeiert.<\/p>\n<p>Die Magistralvilla verf\u00fcgt auch \u00fcber einen Kunstschatz, dem gro\u00dfe Bedeutung in der Geschichte des Malteserordens zukommt: seine Kirche, Santa Maria in Aventino, ist eines der \u00e4ltesten Architekturbeispiele des ber\u00fchmten K\u00fcnstlers und Steinmetzes Giovanni Battista Piranesi (1720-1778). Im Jahr 1764 erschuf Piranesi einen Platz, die Piazza dei Cavalieri di Malta, und eine Kirche mit sehr dekorativen Motiven, welche sich auf die Geschichte und Tradition des Ordens beziehen.<\/p>\n<p>Ein Denkmal f\u00fcr den K\u00fcnstler, das dessen Urne enth\u00e4lt, steht in einer Nische der Kirche. Die Magistralvilla zieht Besucher aus der ganzen Welt auf den Aventin, die durch das ber\u00fchmte Schl\u00fcsselloch (\u201eBuco della Serratura\u201c) schauen m\u00f6chten, von dem aus man die Kuppel des Petersdomes sehen kann.<br \/>\nDer Gro\u00dfmeister empf\u00e4ngt Staatsoberh\u00e4upter und Regierungsabgeordnete in der Villa. Die akkreditierten Botschafter des Ordens kommen hier jedes Jahr im Januar f\u00fcr die Audienz des Diplomatischen Korps zusammen.<\/p>\n<p>Die Villa erfreut sich eines exterritorialen Status und dient dem Gro\u00dfpriorat Rom, einer der \u00e4ltesten Institutionen des Malteserordens, als Sitz. Hier ist auch die Botschaft des Souver\u00e4nen Malteserordens bei der italienischen Republik untergebracht.<\/p>\n<\/div>\n<\/div>\n","protected":false},"excerpt":{"rendered":"<p>Das Herzst\u00fcck des Erbes des Malteserordens Das Herzst\u00fcck des Erbes des Malteserordens Die Magistralvilla befindet sich seit dem 14. Jahrhundert im Besitz des Malteserordens und ist, zusammen mit dem Magistralpalast, eine der beiden institutionellen Niederlassungen. In der Villa haben bedeutende Veranstaltungen des institutionellen Ordensleben stattgefunden: im prachtvollen Kapitelsaal wurden sechs der letzten Gro\u00dfmeister gew\u00e4hlt und [&hellip;]<\/p>\n","protected":false},"author":1,"featured_media":0,"parent":811,"menu_order":0,"comment_status":"closed","ping_status":"closed","template":"template-rsidebar.php","meta":{"inline_featured_image":false,"footnotes":"","_links_to":"","_links_to_target":""},"class_list":["post-980","page","type-page","status-publish","hentry"],"_links":{"self":[{"href":"https:\/\/ordredemaltesuisse.org\/de\/wp-json\/wp\/v2\/pages\/980","targetHints":{"allow":["GET"]}}],"collection":[{"href":"https:\/\/ordredemaltesuisse.org\/de\/wp-json\/wp\/v2\/pages"}],"about":[{"href":"https:\/\/ordredemaltesuisse.org\/de\/wp-json\/wp\/v2\/types\/page"}],"author":[{"embeddable":true,"href":"https:\/\/ordredemaltesuisse.org\/de\/wp-json\/wp\/v2\/users\/1"}],"replies":[{"embeddable":true,"href":"https:\/\/ordredemaltesuisse.org\/de\/wp-json\/wp\/v2\/comments?post=980"}],"version-history":[{"count":1,"href":"https:\/\/ordredemaltesuisse.org\/de\/wp-json\/wp\/v2\/pages\/980\/revisions"}],"predecessor-version":[{"id":6786,"href":"https:\/\/ordredemaltesuisse.org\/de\/wp-json\/wp\/v2\/pages\/980\/revisions\/6786"}],"up":[{"embeddable":true,"href":"https:\/\/ordredemaltesuisse.org\/de\/wp-json\/wp\/v2\/pages\/811"}],"wp:attachment":[{"href":"https:\/\/ordredemaltesuisse.org\/de\/wp-json\/wp\/v2\/media?parent=980"}],"curies":[{"name":"wp","href":"https:\/\/api.w.org\/{rel}","templated":true}]}}