{"id":1102,"date":"2017-02-09T09:56:58","date_gmt":"2017-02-09T08:56:58","guid":{"rendered":"https:\/\/ordredemaltesuisse.org\/\/faq\/"},"modified":"2019-01-05T12:17:57","modified_gmt":"2019-01-05T11:17:57","slug":"faq","status":"publish","type":"page","link":"https:\/\/ordredemaltesuisse.org\/it\/faq\/","title":{"rendered":"FAQ"},"content":{"rendered":"<p><strong>Cosa \u00e8 il Sovrano Ordine di Malta?<\/strong><br \/>\nFondato nell\u2019undicesimo secolo a Gerusalemme, il Sovrano Militare Ordine Ospedaliero di San Giovani di Gerusalemme di Rodi e di Malta \u00e8 un ordine religioso laicale della Chiesa Cattolica e soggetto sovrano di diritto internazionale.<\/p>\n<p>Fedele alla sua missione secolare di servizio ai poveri e ai malati, sviluppa programmi medici, sociali ed umanitari in 120 paesi. La missione dell\u2019Ordine di Malta \u00e8 riassunta nel suo motto \u201cTuitio Fidei et Obsequium Pauperum\u201d: testimoniare la fede (tuitio fidei) e servire i poveri e gli ammalati (obsequium pauperum).<\/p>\n<p>&nbsp;<\/p>\n<p><strong>Cosa vuol dire che \u00e8 un ordine religioso?<\/strong><br \/>\nL\u2019Ordine nacque come comunit\u00e0 monastica dedicata a San Giovanni Battista in Terra Santa intorno al 1050. Gli Ospedalieri gestivano un ospizio che assicurava cure e un riparo ai pellegrini di qualsiasi fede. Nel 1113 riceve il riconoscimento di ordine religioso da parte di Papa Pasquale II. Prima della perdita dell\u2019isola di Malta (1798) tutti i cavalieri erano religiosi avendo pronunciato i tre voti di povert\u00e0, castit\u00e0 e obbedienza.<\/p>\n<p>Ancora oggi alcuni membri dell\u2019Ordine di Malta sono dei frati professi secondo il diritto canonico, altri hanno pronunciato la promessa di obbedienza, impegnandosi a seguire i principi cristiani ancora pi\u00f9 profondamente.<\/p>\n<p>La maggior parte dei 13.500 cavalieri e dame dell\u2019Ordine di Malta sono membri laici che pur non avendo pronunciato nessun voto religioso, sono votati all\u2019esercizio della virt\u00f9 e della carit\u00e0 cristiana e sono impegnati ad approfondire la propria spiritualit\u00e0 nell\u2019ambito della Chiesa Cattolica e a dedicare le proprie energie a sviluppare le opere mediche e sociali dell\u2019Ordine.<\/p>\n<p>&nbsp;<\/p>\n<p><strong>Quali sono i programmi dell\u2019Ordine di Malta?<br \/>\n<\/strong>L\u2019Ordine di Malta gestisce progetti umanitari, medici e sociali in 120 paesi. \u00c8 particolarmente impegnato nel prestare aiuto alle vittime di conflitti armati e calamit\u00e0 naturali fornendo assistenza medica, prendendosi cura dei profughi e distribuendo medicinali e beni di prima necessit\u00e0.<\/p>\n<p>L\u2019Ordine ha programmi di assistenza sociale per aiutare i senzatetto sia nei paesi sviluppati che in quelli in via di sviluppo, si prende cura delle persone che vivono ai margini della societ\u00e0 inclusi i disabili e gli anziani, fornisce interventi di primo soccorso e organizza campagne mediche e sociali.<\/p>\n<p>&nbsp;<\/p>\n<p><strong>Come si diventa membro dell\u2019Ordine di Malta?<br \/>\n<\/strong>I membri dell\u2019Ordine di Malta sono ammessi su invito tra persone di indiscussa moralit\u00e0 e pratica cattolica che abbiano acquisito nel tempo rilevanti meriti nei confronti dell\u2019Ordine di Malta, delle sue istituzioni e delle sue opere. Il Gran Priorato o l\u2019Associazione Nazionale di riferimento \u00e8 responsabile delle proposte di ammissione.<\/p>\n<p>&nbsp;<\/p>\n<p><strong>Come si diventa volontario?<\/strong><br \/>\nI volontari sono sempre benvenuti. Coloro che desiderano maggiori informazioni al riguardo possono contattare l\u2019Associazione nazionale o il Corpo dei volontari che opera nel proprio paese.<\/p>\n<p>Per i relativi indirizzi selezionare: Europe \u2013 Africa \u2013 America \u2013 Asia e Oceania.<\/p>\n<p>&nbsp;<\/p>\n<p><strong>Quanti membri conta l\u2019Ordine?<br \/>\n<\/strong>L\u2019Ordine di Malta \u00e8 composto da oltre 13.500 Cavalieri, Dame e Cappellani. A loro si affiancano 80.000 volontari permanenti e 42.000 dipendenti, la maggior parte dei quali medici e paramedici.<\/p>\n<p>&nbsp;<\/p>\n<p><strong>Come \u00e8 strutturato l\u2019Ordine nel mondo?<\/strong><br \/>\nL\u2019Ordine di Malta opera attraverso 12 Priorati, 48 Associazioni nazionali, 1 agenzia di soccorso internazionale e 33 Corpi di Volontari, nonch\u00e9 con numerosi ospedali, centri medici, ambulatori e fondazioni specializzate.<\/p>\n<p>&nbsp;<\/p>\n<p><strong>Dove hanno avuto luogo negli ultimi anni le principali missioni umanitarie?<\/strong><br \/>\nAttualmente l\u2019Ordine di Malta \u00e8 impegnato nell\u2019assistere la popolazione siriana in fuga dal conflitto nei paesi limitrofi e opera in Iraq fornendo assistenza agli sfollati. Il Corpo Italiano di Soccorso dell\u2019Ordine partecipa alle operazioni di soccorso nel Mediterraneo mentre le strutture dell\u2019Ordine di Malta forniscono assistenza e primo soccorso ai rifugiati che migrano verso l\u2019Europa del nord.<\/p>\n<p>Nel corso degli ultimi anni gli interventi pi\u00f9 importanti dell\u2019Ordine di Malta hanno avuto luogo in Kosovo e Macedonia, India, Sud-Est asiatico (dopo lo tsunami), Afghanistan, Pakistan, Repubblica Democratica del Congo, Sud Sudan, Myanmar, Sri Lanka, Haiti, Filippine e Nepal.<\/p>\n<p>&nbsp;<\/p>\n<p><strong>E\u2019 un ordine militare?<\/strong><br \/>\nL\u2019Ordine divenne militare per proteggere i pellegrini e gli ammalati e per difendere i territori cristiani in Terra Santa. L\u2019Ordine smise di avere una funzione militare con la perdita dell\u2019isola di Malta nel 1798. Oggi l\u2019Ordine conserva solo le sue storiche tradizioni militari.<\/p>\n<p>&nbsp;<\/p>\n<p><strong>Come vengono finanziate le sue attivit\u00e0?<\/strong><br \/>\nI fondi provengono dai membri, da donazioni private e pubbliche e sono differenti a seconda dei paesi, progetti e circostanze. Le risorse per gli ospedali e le attivit\u00e0 mediche di solito provengono da accordi sottoscritti con i sistemi sanitari e previdenziali nazionali. Lo stesso vale per i servizi di emergenza.<\/p>\n<p>Nei paesi in via di sviluppo le attivit\u00e0 vengono spesso sostenute da sovvenzioni governative, e dalla Commissione Europea e da altri organismi internazionali. I fondi provengono anche da donazioni o contributi di filantropi che sostengono le attivit\u00e0 dell\u2019Ordine di Malta.<\/p>\n<p>&nbsp;<\/p>\n<p><strong>Come \u00e8 governato l\u2019Ordine di Malta?<\/strong><br \/>\nIl governo del Sovrano Ordine di Malta dispone di una struttura simile a quella dei governi statali. Tuttavia, esso include caratteristiche specifiche legate alla sua natura di ordine religioso laicale, nonch\u00e9 una particolare terminologia che si \u00e8 evoluta nel corso di nove secoli di storia.<\/p>\n<p>Il capo del Ordine \u00e8 il Gran Maestro, eletto a vita.<\/p>\n<p>Il Sovrano Consiglio \u00e8 eletto per un mandato di cinque anni ed \u00e8 composto dal Gran Commendatore (il superiore religioso dei membri religiosi dell\u2019Ordine), dal Gran Cancelliere (Ministro degli Affari Esteri e Ministro dell\u2019Interno); dal Grande Ospedaliere (Ministro della Sanit\u00e0 e della Cooperazione Internazionale); dal Ricevitore del Comun Tesoro (Ministro delle Finanze), insieme ad altri sei membri, tutti eletti dal Capitolo Generale.<\/p>\n<p>La vita e le attivit\u00e0 dell\u2019Ordine di Malta sono regolate dalla Carta Costituzionale e dal Codice.<\/p>\n<p>&nbsp;<\/p>\n<p><strong>Come vengono svolte le attivit\u00e0 diplomatiche dell\u2019Ordine di Malta?<\/strong><br \/>\nIl Sovrano Ordine di Malta \u00e8 soggetto di diritto internazionale che esercita funzioni di sovranit\u00e0, riconosciuto come tale da oltre 100 Stati e dall\u2019Unione Europea, con i quali scambia ambasciatori.<\/p>\n<p>Ha missioni di osservatore permanente presso le Nazioni Unite (New York, Ginevra, Parigi, Vienna, Roma, Nairobi, Bangkok), e le principali organizzazioni internazionali. Le relazioni diplomatiche consentono all\u2019Ordine di Malta di intervenire con rapidit\u00e0 ed efficacia in caso di disastri naturali o conflitti armati.<\/p>\n<p>Grazie al suo status di istituzione neutrale, apolitica e indipendente e al suo ruolo umanitario, il Sovrano Ordine di Malta \u00e8 in grado di intervenire a livello internazionale come mediatore nelle controversie.<\/p>\n<p>&nbsp;<\/p>\n<p><strong>E\u2019 un ordine cavalleresco?<\/strong><br \/>\nIn passato i membri dell\u2019Ordine di Malta appartenevano tradizionalmente all\u2019aristocrazia, oggi l\u2019enfasi \u00e8 sulla nobilt\u00e0 di spirito e di comportamento. La nobilt\u00e0 in questa accezione pi\u00f9 profonda significa avere pi\u00f9 senso di responsabilit\u00e0 rispetto agli altri.<\/p>\n<p>Tale comportamento si realizza attraverso la responsabilit\u00e0 sociale, la lealt\u00e0 alla fede cattolica e alla Chiesa, nel rispetto per le tradizioni cristiane e nell\u2019impegno per un uguale atteggiamento nella vita e nell\u2019aiuto alle persone bisognose.<\/p>\n<p>La maggior parte dei suoi membri oggi non proviene pi\u00f9 da antiche famiglie aristocratiche, e vengono ammesse per meriti manifesti acquisiti nei confronti della Chiesa e dell\u2019Ordine di Malta.<\/p>\n<p>&nbsp;<\/p>\n<p><strong>Dove si trova la sede dell\u2019Ordine di Malta?<\/strong><br \/>\nNel 1834 l\u2019Ordine di Malta si stabil\u00ec in maniera permanente a Roma. Le sue due sedi istituzionali, che godono del diritto di extraterritorialit\u00e0, sono il Palazzo Magistrale in Via dei Condotti \u2013 dove risiede il Gran Maestro e si riuniscono gli organi di governo \u2013 e la Villa Magistrale sull\u2019Aventino. Quest\u2019ultima ospita il Gran Priorato di Roma \u2013 l\u2019ente dei membri dell\u2019Ordine nell\u2019Italia centrale \u2013 e l\u2019Ambasciata del Sovrano Ordine presso la Repubblica italiana.<\/p>\n","protected":false},"excerpt":{"rendered":"<p>Cosa \u00e8 il Sovrano Ordine di Malta? Fondato nell\u2019undicesimo secolo a Gerusalemme, il Sovrano Militare Ordine Ospedaliero di San Giovani di Gerusalemme di Rodi e di Malta \u00e8 un ordine religioso laicale della Chiesa Cattolica e soggetto sovrano di diritto internazionale. Fedele alla sua missione secolare di servizio ai poveri e ai malati, sviluppa programmi [&hellip;]<\/p>\n","protected":false},"author":1,"featured_media":0,"parent":0,"menu_order":0,"comment_status":"closed","ping_status":"closed","template":"template-rsidebar.php","meta":{"inline_featured_image":false,"footnotes":"","_links_to":"","_links_to_target":""},"class_list":["post-1102","page","type-page","status-publish","hentry"],"_links":{"self":[{"href":"https:\/\/ordredemaltesuisse.org\/it\/wp-json\/wp\/v2\/pages\/1102","targetHints":{"allow":["GET"]}}],"collection":[{"href":"https:\/\/ordredemaltesuisse.org\/it\/wp-json\/wp\/v2\/pages"}],"about":[{"href":"https:\/\/ordredemaltesuisse.org\/it\/wp-json\/wp\/v2\/types\/page"}],"author":[{"embeddable":true,"href":"https:\/\/ordredemaltesuisse.org\/it\/wp-json\/wp\/v2\/users\/1"}],"replies":[{"embeddable":true,"href":"https:\/\/ordredemaltesuisse.org\/it\/wp-json\/wp\/v2\/comments?post=1102"}],"version-history":[{"count":0,"href":"https:\/\/ordredemaltesuisse.org\/it\/wp-json\/wp\/v2\/pages\/1102\/revisions"}],"wp:attachment":[{"href":"https:\/\/ordredemaltesuisse.org\/it\/wp-json\/wp\/v2\/media?parent=1102"}],"curies":[{"name":"wp","href":"https:\/\/api.w.org\/{rel}","templated":true}]}}