{"id":1178,"date":"2017-02-10T13:25:51","date_gmt":"2017-02-10T12:25:51","guid":{"rendered":"https:\/\/ordredemaltesuisse.org\/\/foundation-of-ciomal-2\/"},"modified":"2017-05-20T06:35:37","modified_gmt":"2017-05-20T04:35:37","slug":"fondazione-ciomal","status":"publish","type":"page","link":"https:\/\/ordredemaltesuisse.org\/it\/opere-mediche-e-umanitarie\/fondazione-ciomal\/","title":{"rendered":"Fondazione CIOMAL"},"content":{"rendered":"<h2>Compagne international de l\u2019Ordre de Malte contre la l\u00e8pre (CIOMAL)<\/h2>\n<p><img loading=\"lazy\" decoding=\"async\" class=\"alignnone wp-image-401 size-full\" src=\"https:\/\/ordredemaltesuisse.org\/wp-content\/uploads\/sites\/3\/2017\/02\/phpThumb_generated_thumbnail-e1495254922588.jpg\" alt=\"\" width=\"680\" height=\"400\" \/><\/p>\n<p>La lebbra \u00e8 una &#8220;malattia della povert\u00e0&#8221;, che pu\u00f2 essere curata. A tutt\u2019oggi stigmatizzata, la lebbra si verifica in condizioni di estrema povert\u00e0, a causa di malnutrizione, di sovrappopolazione e per mancanza di servizi igienico-sanitari. Nel corso degli ultimi 50 anni, l\u2019Ordine di Malta sta lottando contro questa malattia per mezzo di cure alle persone affette e contribuendo anche alla sua debellazione.<\/p>\n<p>CIOMAL (Campagne Internationale de l\u2019Ordre de Malte contre la l\u00e8pre) \u00e8 una Fondazione Svizzera fondata nel 1999, conosciuta dal 1958 come Comit\u00e9 International de l\u2019Ordre de Malte contre la l\u00e8pre. Ha come scopo la lotta contro la lebbra nel mondo e contro tutte le esclusioni sociali o gli handicap causate da quest\u2019ultima.<\/p>\n<p>Dalla sua creazione, CIOMAL finanzia e gestisce, in collaborazione con i governi responsabili, numerosi centri per la prevenzione, le cure mediche, il reinserimento sociale e la formazione del personale infermieristico. L\u2019Ordine di Malta \u00e8 attivo a livello mondiale in 48 paesi, soprattutto in Cambogia, in Africa, in America Latina e nel sud-est asiatico.<\/p>\n<p><a href=\"http:\/\/www.ciomal.ch\/\" target=\"_blank\" rel=\"noopener noreferrer\">www.ciomal.ch<\/a><\/p>\n","protected":false},"excerpt":{"rendered":"<p>Compagne international de l\u2019Ordre de Malte contre la l\u00e8pre (CIOMAL) La lebbra \u00e8 una &#8220;malattia della povert\u00e0&#8221;, che pu\u00f2 essere curata. A tutt\u2019oggi stigmatizzata, la lebbra si verifica in condizioni di estrema povert\u00e0, a causa di malnutrizione, di sovrappopolazione e per mancanza di servizi igienico-sanitari. Nel corso degli ultimi 50 anni, l\u2019Ordine di Malta sta [&hellip;]<\/p>\n","protected":false},"author":1,"featured_media":0,"parent":1058,"menu_order":0,"comment_status":"closed","ping_status":"closed","template":"template-rsidebar.php","meta":{"inline_featured_image":false,"footnotes":"","_links_to":"","_links_to_target":""},"class_list":["post-1178","page","type-page","status-publish","hentry"],"_links":{"self":[{"href":"https:\/\/ordredemaltesuisse.org\/it\/wp-json\/wp\/v2\/pages\/1178","targetHints":{"allow":["GET"]}}],"collection":[{"href":"https:\/\/ordredemaltesuisse.org\/it\/wp-json\/wp\/v2\/pages"}],"about":[{"href":"https:\/\/ordredemaltesuisse.org\/it\/wp-json\/wp\/v2\/types\/page"}],"author":[{"embeddable":true,"href":"https:\/\/ordredemaltesuisse.org\/it\/wp-json\/wp\/v2\/users\/1"}],"replies":[{"embeddable":true,"href":"https:\/\/ordredemaltesuisse.org\/it\/wp-json\/wp\/v2\/comments?post=1178"}],"version-history":[{"count":0,"href":"https:\/\/ordredemaltesuisse.org\/it\/wp-json\/wp\/v2\/pages\/1178\/revisions"}],"up":[{"embeddable":true,"href":"https:\/\/ordredemaltesuisse.org\/it\/wp-json\/wp\/v2\/pages\/1058"}],"wp:attachment":[{"href":"https:\/\/ordredemaltesuisse.org\/it\/wp-json\/wp\/v2\/media?parent=1178"}],"curies":[{"name":"wp","href":"https:\/\/api.w.org\/{rel}","templated":true}]}}