{"id":1236,"date":"2017-02-10T13:39:32","date_gmt":"2017-02-10T12:39:32","guid":{"rendered":"https:\/\/ordredemaltesuisse.org\/\/holy-family-hospital\/"},"modified":"2026-03-16T11:57:12","modified_gmt":"2026-03-16T10:57:12","slug":"holy-family-hospital","status":"publish","type":"page","link":"https:\/\/ordredemaltesuisse.org\/it\/opere-mediche-e-umanitarie\/holy-family-hospital\/","title":{"rendered":"Holy Family Hospital Bethlehem"},"content":{"rendered":"<h2>Holy Family Hospital<br \/>\nBethlehem<\/h2>\n<p><img loading=\"lazy\" decoding=\"async\" class=\"alignnone wp-image-1289 size-full\" src=\"https:\/\/ordredemaltesuisse.org\/wp-content\/uploads\/sites\/3\/2017\/05\/Holy-Family-Hospital-e1495255116645.jpg\" alt=\"\" width=\"680\" height=\"400\" \/><\/p>\n<p><strong>Nato a Betlemme\u2026<\/strong><br \/>\nL&#8217;Ospedale della Sacra Famiglia di Betlemme, anche noto con il nome \u201cHoly Family Hospital\u201d (HFH), offre un&#8217;assistenza di alta qualit\u00e0 per la maternit\u00e0 nella citt\u00e0 e nella regione di Betlemme. Da tempo presente nella comunit\u00e0 locale, questa istituzione \u00e8 stata affidata all&#8217;Ordine di Malta nel 1990. Si tratta di un&#8217;oasi di pace e serenit\u00e0, in un ambiente a dir poco complesso e intriso di violenza. L&#8217;Ospedale della Sacra Famiglia di Betlemme vanta le migliori competenze e tecnologie dal punto di vista medico e permette a tutti i pazienti di trarre beneficio dei suoi servizi di prima qualit\u00e0, indipendentemente dalla loro origine, religione e possibilit\u00e0 finanziarie. Ad usufruire dei suoi servizi sono, ogni anno, 3500 neonati insieme alle loro madri. Questo, grazie al sostegno di donatori generosi negli Stati Uniti, in Francia, Irlanda, Germania e Svizzera. Sono loro, i donatori, a garantire che nessuna donna sul punto di partorire sia mandata via per mancanza di finanziamenti o per l&#8217;impossibilit\u00e0 di assisterla dal punto di vista sanitario.<br \/>\nTutte le donazioni hanno un effetto concreto e immediato, e sono versate integralmente all&#8217;Ospedale della Sacra Famiglia. Potete finanziare l&#8217;Ospedale con le modalit\u00e0 seguenti:<\/p>\n<p>100 CHF per il consulto medico di una gravidanza senza problemi<br \/>\n400 CHF per un parto senza complicazioni particolari<br \/>\n450 CHF per una giornata in pronto soccorso di un neonato<br \/>\n1000 CHF per lo stipendio mensile di un&#8217;infermiera o di un&#8217;ostetrica<br \/>\n1500 CHF per lo spostamento di una clinica mobile per una settimana<\/p>\n<dl>\n<dt><\/dt>\n<dt>Coordinate bancarie<\/dt>\n<dd>FONDAHOM, 1700 Fribourg<\/dd>\n<dt>inserendo come causale<\/dt>\n<dd>&#8220;Holy Family Hospital Bethlehem&#8221;<\/dd>\n<dt>IBAN<\/dt>\n<dd>CH85 0026 0260 3830 4044 K<\/dd>\n<dt>BIC<\/dt>\n<dd>UBSWCHZH80A<\/dd>\n<\/dl>\n<p><a href=\"http:\/\/www.holyfamilyhospital-bethlehem.org\/\" target=\"_blank\" rel=\"noopener noreferrer\">www.holyfamilyhospital-bethlehem.org<\/a><\/p>\n<p>Per maggiori informazioni sulle adesioni e sulla possibilit\u00e0 di sponsorizzare questo evento, scrivete a <a href=\"&#109;a&#x69;l&#x74;o&#x3a;&#99;&#x68;&#97;&#x72;&#105;t&#x79;&#64;&#x6f;r&#x64;&#114;&#x65;&#100;&#x65;&#109;&#x61;&#108;t&#x65;s&#x75;i&#x73;&#115;&#x65;&#46;&#x6f;&#114;&#x67;\">&#x63;&#x68;&#x61;&#x72;&#105;&#116;&#121;&#64;o&#x72;&#x64;&#x72;&#x65;&#x64;&#101;&#109;&#97;lt&#x65;&#x73;&#x75;&#x69;&#x73;&#115;&#101;&#46;or&#x67;<\/a><\/p>\n","protected":false},"excerpt":{"rendered":"<p>Holy Family Hospital Bethlehem Nato a Betlemme\u2026 L&#8217;Ospedale della Sacra Famiglia di Betlemme, anche noto con il nome \u201cHoly Family Hospital\u201d (HFH), offre un&#8217;assistenza di alta qualit\u00e0 per la maternit\u00e0 nella citt\u00e0 e nella regione di Betlemme. Da tempo presente nella comunit\u00e0 locale, questa istituzione \u00e8 stata affidata all&#8217;Ordine di Malta nel 1990. Si tratta [&hellip;]<\/p>\n","protected":false},"author":1,"featured_media":0,"parent":1058,"menu_order":0,"comment_status":"closed","ping_status":"closed","template":"template-rsidebar.php","meta":{"inline_featured_image":false,"footnotes":"","_links_to":"","_links_to_target":""},"class_list":["post-1236","page","type-page","status-publish","hentry"],"_links":{"self":[{"href":"https:\/\/ordredemaltesuisse.org\/it\/wp-json\/wp\/v2\/pages\/1236","targetHints":{"allow":["GET"]}}],"collection":[{"href":"https:\/\/ordredemaltesuisse.org\/it\/wp-json\/wp\/v2\/pages"}],"about":[{"href":"https:\/\/ordredemaltesuisse.org\/it\/wp-json\/wp\/v2\/types\/page"}],"author":[{"embeddable":true,"href":"https:\/\/ordredemaltesuisse.org\/it\/wp-json\/wp\/v2\/users\/1"}],"replies":[{"embeddable":true,"href":"https:\/\/ordredemaltesuisse.org\/it\/wp-json\/wp\/v2\/comments?post=1236"}],"version-history":[{"count":2,"href":"https:\/\/ordredemaltesuisse.org\/it\/wp-json\/wp\/v2\/pages\/1236\/revisions"}],"predecessor-version":[{"id":7803,"href":"https:\/\/ordredemaltesuisse.org\/it\/wp-json\/wp\/v2\/pages\/1236\/revisions\/7803"}],"up":[{"embeddable":true,"href":"https:\/\/ordredemaltesuisse.org\/it\/wp-json\/wp\/v2\/pages\/1058"}],"wp:attachment":[{"href":"https:\/\/ordredemaltesuisse.org\/it\/wp-json\/wp\/v2\/media?parent=1236"}],"curies":[{"name":"wp","href":"https:\/\/api.w.org\/{rel}","templated":true}]}}