{"id":625,"date":"2017-02-08T13:29:53","date_gmt":"2017-02-08T12:29:53","guid":{"rendered":"https:\/\/ordredemaltesuisse.org\/\/swiss-association\/history\/"},"modified":"2020-07-25T00:26:25","modified_gmt":"2020-07-24T22:26:25","slug":"cenni-storici","status":"publish","type":"page","link":"https:\/\/ordredemaltesuisse.org\/it\/organizzazione-svizzera\/cenni-storici\/","title":{"rendered":"Cenni storici"},"content":{"rendered":"<div class=\"main-block-wrapper clearfix\">\n<h2>Associazione Elvetica dell\u2019Ordine di Malta<\/h2>\n<p><img loading=\"lazy\" decoding=\"async\" class=\"alignnone wp-image-1326 size-large\" src=\"https:\/\/ordredemaltesuisse.org\/wp-content\/uploads\/sites\/3\/2017\/05\/Komende_004-NB-004-705x470.jpg\" alt=\"\" width=\"705\" height=\"470\" srcset=\"https:\/\/ordredemaltesuisse.org\/wp-content\/uploads\/sites\/3\/2017\/05\/Komende_004-NB-004-705x470.jpg 705w, https:\/\/ordredemaltesuisse.org\/wp-content\/uploads\/sites\/3\/2017\/05\/Komende_004-NB-004-303x202.jpg 303w, https:\/\/ordredemaltesuisse.org\/wp-content\/uploads\/sites\/3\/2017\/05\/Komende_004-NB-004-768x512.jpg 768w, https:\/\/ordredemaltesuisse.org\/wp-content\/uploads\/sites\/3\/2017\/05\/Komende_004-NB-004-600x400.jpg 600w\" sizes=\"auto, (max-width: 705px) 100vw, 705px\" \/><\/p>\n<p>In Svizzera l\u2019Ordine di Malta si riattiva nel 1961. Con il nome di:<\/p>\n<p><strong>&#8220;ASSOCIATION HELVETIQUE DE L\u2019ORDRE SOUVERAIN, MITLITARE ET HOSPITALIER DE SAINT-JEAN DE JERUSALEM, DIT DE RHODES, DIT DE MALTE&#8221;.<\/strong><\/p>\n<p>L\u2019associazione mira a realizzare gli ideali dell\u2019Ordine, contenuti nella propria costituzione sul territorio della Confederazione Svizzera. Sostiene in particolare servizi ospedalieri, opere caritatevoli e umanitarie. Inoltre organizza funzioni religiose, promuove la ricerca storica sull\u2019Ordine e pubblica rapporti sulla sua attivit\u00e0 con lo scopo di una diffusione pubblica.<\/p>\n<p>I membri dell\u2019Associazione sono cittadini svizzeri o persone domiciliate in Svizzera; vengono proposti al Consiglio (Conseil) da parte dei Consigli delle delegazioni interessate e in seguito ammessi dal Gran maestro e dal Sovrano Consiglio.<\/p>\n<p>I membri dell\u2019Associazione Elvetica sono suddivisi in tre delegazioni:<\/p>\n<ul>\n<li>La Delegazione della Svizzera Tedescae<\/li>\n<li>La Delegazione della Svizzera Italiana<\/li>\n<li>La Delegazione della Svizzera Francese<\/li>\n<\/ul>\n<p>&nbsp;<\/p>\n<p><strong>Le sedi originarie<\/strong><\/p>\n<p>Gi\u00e0 molto presto si diffusero, al di fuori della Terra Santa sedi dell\u2019Ordine di San Giovanni. Sul territorio dell\u2019attuale Svizzera tra il 1180 e il 1456 si contano all\u2019incirca venti sedi denominate commende.<\/p>\n<p>Le pi\u00f9 antiche: M\u00fcnchenbuchsee (1180), Hohenrain (1183) e Bubikon (1192), seguono Basilea, Biberstein, Biel, La Chaux, Compesi\u00e8res, Contone, Fribourg, Klingnau, K\u00fcsnacht, Leuggern, Reiden, Rheinfelden, Salgesch-Simplon, Thunstetten, Tobel e W\u00e4denswil..<\/p>\n<p>A queste commende erano annessi piccoli ospedali per l\u2019accoglienza di malati e pellegrini. Numerose sedi furono vittime della riforma protestante, le restanti furono vittime della secolarizzazione agli inizi del 19\u2070 secolo. Nel 1825 lo Stato di Friborgo scioglie la commenda dei preti quale ultima sede dell\u2019Ordine in Svizzera.<\/p>\n<\/div>\n","protected":false},"excerpt":{"rendered":"<p>Associazione Elvetica dell\u2019Ordine di Malta In Svizzera l\u2019Ordine di Malta si riattiva nel 1961. Con il nome di: &#8220;ASSOCIATION HELVETIQUE DE L\u2019ORDRE SOUVERAIN, MITLITARE ET HOSPITALIER DE SAINT-JEAN DE JERUSALEM, DIT DE RHODES, DIT DE MALTE&#8221;. L\u2019associazione mira a realizzare gli ideali dell\u2019Ordine, contenuti nella propria costituzione sul territorio della Confederazione Svizzera. Sostiene in particolare [&hellip;]<\/p>\n","protected":false},"author":1,"featured_media":0,"parent":619,"menu_order":0,"comment_status":"closed","ping_status":"closed","template":"template-rsidebar.php","meta":{"inline_featured_image":false,"footnotes":"","_links_to":"","_links_to_target":""},"class_list":["post-625","page","type-page","status-publish","hentry"],"_links":{"self":[{"href":"https:\/\/ordredemaltesuisse.org\/it\/wp-json\/wp\/v2\/pages\/625","targetHints":{"allow":["GET"]}}],"collection":[{"href":"https:\/\/ordredemaltesuisse.org\/it\/wp-json\/wp\/v2\/pages"}],"about":[{"href":"https:\/\/ordredemaltesuisse.org\/it\/wp-json\/wp\/v2\/types\/page"}],"author":[{"embeddable":true,"href":"https:\/\/ordredemaltesuisse.org\/it\/wp-json\/wp\/v2\/users\/1"}],"replies":[{"embeddable":true,"href":"https:\/\/ordredemaltesuisse.org\/it\/wp-json\/wp\/v2\/comments?post=625"}],"version-history":[{"count":0,"href":"https:\/\/ordredemaltesuisse.org\/it\/wp-json\/wp\/v2\/pages\/625\/revisions"}],"up":[{"embeddable":true,"href":"https:\/\/ordredemaltesuisse.org\/it\/wp-json\/wp\/v2\/pages\/619"}],"wp:attachment":[{"href":"https:\/\/ordredemaltesuisse.org\/it\/wp-json\/wp\/v2\/media?parent=625"}],"curies":[{"name":"wp","href":"https:\/\/api.w.org\/{rel}","templated":true}]}}