{"id":678,"date":"2017-02-08T13:26:54","date_gmt":"2017-02-08T12:26:54","guid":{"rendered":"https:\/\/ordredemaltesuisse.org\/\/swiss-association\/mission\/"},"modified":"2019-01-05T12:21:52","modified_gmt":"2019-01-05T11:21:52","slug":"missione","status":"publish","type":"page","link":"https:\/\/ordredemaltesuisse.org\/it\/organizzazione-svizzera\/missione\/","title":{"rendered":"Missione"},"content":{"rendered":"<div class=\"main-block-wrapper clearfix\">\n<h2>Missione<\/h2>\n<p><img loading=\"lazy\" decoding=\"async\" class=\"alignnone wp-image-793 size-full\" src=\"https:\/\/ordredemaltesuisse.org\/wp-content\/uploads\/sites\/3\/2017\/02\/sovereign_mission-e1495121502938.jpeg\" alt=\"\" width=\"680\" height=\"400\" \/><\/p>\n<p><strong>Missione dell&#8217;Ordine<\/strong><\/p>\n<p>L&#8217;Ordine di San Giovanni di Gerusalemme \u00e8 una delle pi\u00f9 antiche Istituzioni della civilt\u00e0 occidentale e cristiana. Presente in Palestina attorno al 1050, \u00e8 un Ordine religioso laicale, tradizionalmente militare, cavalleresco e nobiliare. Tra i suoi 13.500 membri, alcuni sono frati professi, altri hanno pronunciato la promessa di obbedienza. Gli altri tra cavalieri e dame che lo compongono sono laici tutti votati all&#8217;esercizio della virt\u00f9 e della carit\u00e0 cristiana. Quello che distingue i Cavalieri di Malta \u00e8 il loro impegno ad approfondire la propria spiritualit\u00e0 nell&#8217;ambito della Chiesa e a dedicare parte delle proprie energie al servizio dei poveri e dei sofferenti.<br \/>\nL&#8217;Ordine dei Cavalieri di Malta rimane fedele ai suoi principi ispiratori che sono sintetizzati nel binomio &#8220;Tuitio Fidei et Obsequium Pauperum&#8221;, ovvero la difesa della fede e il servizio ai poveri e ai sofferenti, che si concretizzano attraverso il lavoro volontario di dame e cavalieri in strutture assistenziali, sanitarie e sociali. Oggi l&#8217;Ordine \u00e8 presente in oltre 120 paesi con le proprie attivit\u00e0 mediche, sociali e assistenziali.<\/p>\n<p><strong>Caratteristiche dell&#8217;Ordine<\/strong><\/p>\n<p>L&#8217;Ordine che conserva le prerogative di un ente indipendente e sovrano, ha un proprio ordinamento giuridico, rilascia passaporti, emette francobolli, batte moneta e d\u00e0 vita ad enti pubblici melitensi dotati di autonoma personalit\u00e0 giuridica.<br \/>\nA Capo dell&#8217;Ordine del\u00a02 maggio 2018 \u00e8 il 80\u00b0 Gran Maestro Fra&#8217; Giacomo Dalla Torre del Tempio di Sanguinetto, eletto a vita.<br \/>\nL&#8217;Ordine &#8211; la cui sede \u00e8 a Roma &#8211; intrattiene relazioni diplomatiche con 108 Stati in tutto il mondo &#8211; molti dei quali non cattolici &#8211; cui vanno aggiunte rappresentanze presso alcuni importanti Paesi europei e presso Organismi Europei ed Internazionali. L&#8217;Ordine di Malta \u00e8 neutrale, imparziale e apolitico. Queste sue caratteristiche lo rendono particolarmente adatto ad intervenire come mediatore tra gli Stati.<\/p>\n<p><strong>L&#8217;Ordine e la Repubblica di Malta<\/strong><\/p>\n<p>Da alcuni anni l&#8217;Ordine \u00e8 tornato anche a Malta, a seguito dell&#8217;accordo con il Governo maltese che concede all&#8217;Ordine l&#8217;uso esclusivo di Forte Sant&#8217;Angelo per 99 anni. Situato nella citt\u00e0 di Birgu, il Forte \u00e8 appartenuto ai Cavalieri dal 1530 fino all&#8217;occupazione dell&#8217;isola ad opera di Napoleone nel 1798. Oggi, compiuti i necessari restauri, vi si svolgono attivit\u00e0 di carattere storico e culturale.<\/p>\n<\/div>\n","protected":false},"excerpt":{"rendered":"<p>Missione Missione dell&#8217;Ordine L&#8217;Ordine di San Giovanni di Gerusalemme \u00e8 una delle pi\u00f9 antiche Istituzioni della civilt\u00e0 occidentale e cristiana. Presente in Palestina attorno al 1050, \u00e8 un Ordine religioso laicale, tradizionalmente militare, cavalleresco e nobiliare. Tra i suoi 13.500 membri, alcuni sono frati professi, altri hanno pronunciato la promessa di obbedienza. Gli altri tra [&hellip;]<\/p>\n","protected":false},"author":1,"featured_media":0,"parent":619,"menu_order":0,"comment_status":"closed","ping_status":"closed","template":"template-rsidebar.php","meta":{"inline_featured_image":false,"footnotes":"","_links_to":"","_links_to_target":""},"class_list":["post-678","page","type-page","status-publish","hentry"],"_links":{"self":[{"href":"https:\/\/ordredemaltesuisse.org\/it\/wp-json\/wp\/v2\/pages\/678","targetHints":{"allow":["GET"]}}],"collection":[{"href":"https:\/\/ordredemaltesuisse.org\/it\/wp-json\/wp\/v2\/pages"}],"about":[{"href":"https:\/\/ordredemaltesuisse.org\/it\/wp-json\/wp\/v2\/types\/page"}],"author":[{"embeddable":true,"href":"https:\/\/ordredemaltesuisse.org\/it\/wp-json\/wp\/v2\/users\/1"}],"replies":[{"embeddable":true,"href":"https:\/\/ordredemaltesuisse.org\/it\/wp-json\/wp\/v2\/comments?post=678"}],"version-history":[{"count":0,"href":"https:\/\/ordredemaltesuisse.org\/it\/wp-json\/wp\/v2\/pages\/678\/revisions"}],"up":[{"embeddable":true,"href":"https:\/\/ordredemaltesuisse.org\/it\/wp-json\/wp\/v2\/pages\/619"}],"wp:attachment":[{"href":"https:\/\/ordredemaltesuisse.org\/it\/wp-json\/wp\/v2\/media?parent=678"}],"curies":[{"name":"wp","href":"https:\/\/api.w.org\/{rel}","templated":true}]}}