{"id":746,"date":"2017-02-08T13:13:14","date_gmt":"2017-02-08T12:13:14","guid":{"rendered":"https:\/\/ordredemaltesuisse.org\/\/organizzazione-svizzera\/spirituality\/"},"modified":"2017-05-18T17:30:01","modified_gmt":"2017-05-18T15:30:01","slug":"impegno-spirituale","status":"publish","type":"page","link":"https:\/\/ordredemaltesuisse.org\/it\/organizzazione-svizzera\/impegno-spirituale\/","title":{"rendered":"Impegno spirituale"},"content":{"rendered":"<div class=\"main-block-wrapper clearfix\">\n<h2>La forza che ispira l\u2019Ordine<\/h2>\n<p><img loading=\"lazy\" decoding=\"async\" class=\"alignnone wp-image-788 size-full\" src=\"https:\/\/ordredemaltesuisse.org\/wp-content\/uploads\/sites\/3\/2017\/02\/sovereign_spirituality-1-e1495121363640.jpeg\" alt=\"\" width=\"680\" height=\"400\" \/><\/p>\n<p>L\u2019Ordine di Malta \u00e8 un Ordine religioso fin dal 1113, anno del suo riconoscimento da parte di Papa Pasquale II. Come Ordine religioso \u00e8 legato alla Santa Sede, ma nello stesso tempo \u00e8 indipendente quale ente primario di diritto internazionale.<\/p>\n<p>Il carattere religioso dell\u2019Ordine convive dunque con la piena sovranit\u00e0, che si manifesta nell\u2019esercizio delle funzioni in tutti gli aspetti delle relazioni intrattenute al fine di realizzare i propri fini istituzionali.Il Gran Maestro \u00e8 dunque allo stesso tempo a capo di uno Stato sovrano e capo di un Ordine religioso, in tale seconda veste, la Chiesa gli attribuisce il rango di Cardinale.<\/p>\n<p>L\u2019Ordine di Malta secondo il Diritto Canonico \u00e8 un Ordine religioso laicale. Alcuni membri dell\u2019Ordine sono frati professi \u2013 avendo pronunciato i tre voti di povert\u00e0, castit\u00e0 e obbedienza \u2013 altri hanno pronunciato la sola promessa di obbedienza. La maggior parte dei cavalieri e delle dame dell\u2019Ordine sono laici. Il Gran Maestro dell\u2019Ordine viene eletto tra i Cavalieri Professi di Voti Perpetui.<\/p>\n<p>Le otto punte della croce che simboleggia l\u2019Ordine fanno riferimento alle otto Beatitudini e ne ricordano anche visivamente la spiritualit\u00e0.<\/p>\n<p>I membri dell\u2019Ordine, in base alla carta costituzionale, si impegnano a tenere una condotta cristianamente esemplare nella vita privata e pubblica, contribuendo a rendere operante la tradizione dell\u2019Ordine.<\/p>\n<p>Secondo i dettati della Carta Costituzionale, il Papa nomina come suo rappresentante presso l\u2019Ordine un Cardinale che, con il titolo di Cardinale Patrono, ha il compito di promuovere gli interessi spirituali dell\u2019Ordine e dei suoi membri e di curare i rapporti con la Santa Sede.<\/p>\n<p>E\u2019 inoltre prerogativa del Pontefice scegliere il Prelato dell\u2019Ordine in una terna di nomi proposta dal Gran Maestro. Il Prelato \u00e8 il superiore ecclesiastico del clero dell\u2019Ordine.<\/p>\n<p>L\u2019Ordine rimane fedele ai principi ispiratori: difesa della fede e servizio ai sofferenti. I suoi membri uniscono vocazione e impegno alla solidariet\u00e0, alla giustizia, alla pace, sulla base dell\u2019insegnamento della dottrina evangelica, in strettissima comunione con la Santa Sede, esprimendo carit\u00e0 operosa e dinamica, sostenuta dalla preghiera. Non si \u00e8 Cavalieri o Dame solo per privilegio di nascita o per meriti acquisiti, ma per aver saputo rispondere all\u2019invito ad operare l\u00e0 dove emergono bisogni materiali e morali, l\u00e0 dove si annida la sofferenza con il suo mistero.<\/p>\n<p>Dovunque si siano insediati, i Cavalieri hanno sempre prima stabilito l\u2019Ospedale e l\u2019Ospizio e poi costruito \u2013 se necessario \u2013 fortificazioni difensive. Cosa significa oggi nel terzo millennio essere Ospedalieri? Significa dedicarsi al sollievo della sofferenza e portare il conforto della carit\u00e0 cristiana agli afflitti ovunque necessario. Non solo con strutture ospedaliere, ma anche con servizio personale nelle case, negli ospizi, nei poveri alloggi delle popolazioni diseredate. L\u2019impegno non riguarda solo i malati ma anche gli emarginati, i perseguitati, i rifugiati, senza distinzione di razza o di religione.<\/p>\n<\/div>\n","protected":false},"excerpt":{"rendered":"<p>La forza che ispira l\u2019Ordine L\u2019Ordine di Malta \u00e8 un Ordine religioso fin dal 1113, anno del suo riconoscimento da parte di Papa Pasquale II. Come Ordine religioso \u00e8 legato alla Santa Sede, ma nello stesso tempo \u00e8 indipendente quale ente primario di diritto internazionale. Il carattere religioso dell\u2019Ordine convive dunque con la piena sovranit\u00e0, [&hellip;]<\/p>\n","protected":false},"author":1,"featured_media":0,"parent":619,"menu_order":0,"comment_status":"closed","ping_status":"closed","template":"template-rsidebar.php","meta":{"inline_featured_image":false,"footnotes":"","_links_to":"","_links_to_target":""},"class_list":["post-746","page","type-page","status-publish","hentry"],"_links":{"self":[{"href":"https:\/\/ordredemaltesuisse.org\/it\/wp-json\/wp\/v2\/pages\/746","targetHints":{"allow":["GET"]}}],"collection":[{"href":"https:\/\/ordredemaltesuisse.org\/it\/wp-json\/wp\/v2\/pages"}],"about":[{"href":"https:\/\/ordredemaltesuisse.org\/it\/wp-json\/wp\/v2\/types\/page"}],"author":[{"embeddable":true,"href":"https:\/\/ordredemaltesuisse.org\/it\/wp-json\/wp\/v2\/users\/1"}],"replies":[{"embeddable":true,"href":"https:\/\/ordredemaltesuisse.org\/it\/wp-json\/wp\/v2\/comments?post=746"}],"version-history":[{"count":0,"href":"https:\/\/ordredemaltesuisse.org\/it\/wp-json\/wp\/v2\/pages\/746\/revisions"}],"up":[{"embeddable":true,"href":"https:\/\/ordredemaltesuisse.org\/it\/wp-json\/wp\/v2\/pages\/619"}],"wp:attachment":[{"href":"https:\/\/ordredemaltesuisse.org\/it\/wp-json\/wp\/v2\/media?parent=746"}],"curies":[{"name":"wp","href":"https:\/\/api.w.org\/{rel}","templated":true}]}}