{"id":7494,"date":"2025-09-15T10:28:44","date_gmt":"2025-09-15T08:28:44","guid":{"rendered":"https:\/\/ordredemaltesuisse.org\/?page_id=7494"},"modified":"2025-09-15T10:28:49","modified_gmt":"2025-09-15T08:28:49","slug":"pellegrinaggio-internazionale-a-lourdes","status":"publish","type":"page","link":"https:\/\/ordredemaltesuisse.org\/it\/pellegrinaggio-internazionale-a-lourdes\/","title":{"rendered":"Pellegrinaggio internazionale a Lourdes"},"content":{"rendered":"\n<figure class=\"wp-block-video\"><video height=\"1080\" style=\"aspect-ratio: 1920 \/ 1080;\" width=\"1920\" controls src=\"https:\/\/ordredemaltesuisse.org\/wp-content\/uploads\/sites\/3\/2025\/08\/20250626_Lourdes_2025_Webseite_16x9_clean.mp4\"><\/video><figcaption class=\"wp-element-caption\">Pellegrinaggio 2025<\/figcaption><\/figure>\n\n\n\n<p>Nel famoso santuario mariano di Lourdes, ai piedi dei Pirenei, la Madonna apparve in una grotta a una ragazza contadina di 14 anni, Bernadette Soubirous. La prima apparizione avvenne nell&#8217;inverno del 1858. Tra l&#8217;11 febbraio e il 16 luglio 1858 si verificarono in totale 18 apparizioni presso la grotta di Massabielle a Lourdes. Esse avrebbero segnato la storia del cristianesimo. La Madonna indic\u00f2 a Bernadette di scavare nel terreno roccioso vicino alla grotta. Bernadette scopr\u00ec una sorgente dalle comprovate propriet\u00e0 curative. Da allora a Lourdes sono avvenute numerose guarigioni miracolose. Ogni anno migliaia di persone si recano in pellegrinaggio a Lourdes per pregare alla grotta.<\/p>\n\n\n\n<p>Alcune delle associazioni nazionali dell&#8217;Ordine di Malta avevano gi\u00e0 organizzato pellegrinaggi a Lourdes prima del 1958. In occasione del centenario delle apparizioni nel 1958, l&#8217;Ordine di Malta organizz\u00f2 un pellegrinaggio internazionale. Da allora, ogni anno all&#8217;inizio di maggio, sotto la guida del Gran Maestro, l&#8217;Ordine organizza un pellegrinaggio internazionale a Lourdes. Vi partecipano membri e volontari dell&#8217;Ordine provenienti da 45 paesi di tutti e sei i continenti, accompagnando migliaia di malati e pellegrini in sedia a rotelle. L&#8217;Associazione elvetica partecipa dal 1981 al pellegrinaggio internazionale dell&#8217;Ordine di Malta a Lourdes.&nbsp;<\/p>\n\n\n\n<p>Anche quest&#8217;anno, dal 2 al 6 maggio, si \u00e8 svolto a Lourdes il 67\u00b0 pellegrinaggio internazionale dell&#8217;Ordine di Malta. Sono arrivati oltre 7.000 partecipanti, tra cui 1.200 malati e persone con disabilit\u00e0. Dalla Svizzera abbiamo partecipato con 323 persone, tra cui 53 malati e persone con disabilit\u00e0. Poich\u00e9 siamo nell&#8217;Anno Santo 2025, questo pellegrinaggio era all&#8217;insegna del motto: \u201cPellegrini di speranza\u201d. Abbiamo vissuto momenti meravigliosi di spiritualit\u00e0 e comunione che ci hanno permesso di riscoprire la misericordia e l&#8217;amore di Dio in un mondo cos\u00ec spesso segnato dalla sofferenza e dalle divisioni.<\/p>\n","protected":false},"excerpt":{"rendered":"<p>Nel famoso santuario mariano di Lourdes, ai piedi dei Pirenei, la Madonna apparve in una grotta a una ragazza contadina di 14 anni, Bernadette Soubirous. La prima apparizione avvenne nell&#8217;inverno del 1858. Tra l&#8217;11 febbraio e il 16 luglio 1858 si verificarono in totale 18 apparizioni presso la grotta di Massabielle a Lourdes. Esse avrebbero [&hellip;]<\/p>\n","protected":false},"author":30,"featured_media":0,"parent":0,"menu_order":0,"comment_status":"closed","ping_status":"closed","template":"","meta":{"inline_featured_image":false,"footnotes":"","_links_to":"","_links_to_target":""},"class_list":["post-7494","page","type-page","status-publish","hentry"],"_links":{"self":[{"href":"https:\/\/ordredemaltesuisse.org\/it\/wp-json\/wp\/v2\/pages\/7494","targetHints":{"allow":["GET"]}}],"collection":[{"href":"https:\/\/ordredemaltesuisse.org\/it\/wp-json\/wp\/v2\/pages"}],"about":[{"href":"https:\/\/ordredemaltesuisse.org\/it\/wp-json\/wp\/v2\/types\/page"}],"author":[{"embeddable":true,"href":"https:\/\/ordredemaltesuisse.org\/it\/wp-json\/wp\/v2\/users\/30"}],"replies":[{"embeddable":true,"href":"https:\/\/ordredemaltesuisse.org\/it\/wp-json\/wp\/v2\/comments?post=7494"}],"version-history":[{"count":1,"href":"https:\/\/ordredemaltesuisse.org\/it\/wp-json\/wp\/v2\/pages\/7494\/revisions"}],"predecessor-version":[{"id":7495,"href":"https:\/\/ordredemaltesuisse.org\/it\/wp-json\/wp\/v2\/pages\/7494\/revisions\/7495"}],"wp:attachment":[{"href":"https:\/\/ordredemaltesuisse.org\/it\/wp-json\/wp\/v2\/media?parent=7494"}],"curies":[{"name":"wp","href":"https:\/\/api.w.org\/{rel}","templated":true}]}}