{"id":761,"date":"2017-02-08T14:29:00","date_gmt":"2017-02-08T13:29:00","guid":{"rendered":"https:\/\/ordredemaltesuisse.org\/\/organizzazione-svizzera\/structure\/"},"modified":"2017-06-07T18:12:31","modified_gmt":"2017-06-07T16:12:31","slug":"struttura","status":"publish","type":"page","link":"https:\/\/ordredemaltesuisse.org\/it\/organizzazione-svizzera\/struttura\/","title":{"rendered":"Struttura"},"content":{"rendered":"<div class=\"main-block-wrapper clearfix\">\n<h2>Cavalieri e dame, una missione di assistenza<\/h2>\n<p><img loading=\"lazy\" decoding=\"async\" class=\"alignnone wp-image-2009 size-full\" src=\"https:\/\/ordredemaltesuisse.org\/wp-content\/uploads\/sites\/3\/2017\/02\/image001.jpg\" alt=\"\" width=\"800\" height=\"470\" srcset=\"https:\/\/ordredemaltesuisse.org\/wp-content\/uploads\/sites\/3\/2017\/02\/image001.jpg 800w, https:\/\/ordredemaltesuisse.org\/wp-content\/uploads\/sites\/3\/2017\/02\/image001-343x202.jpg 343w, https:\/\/ordredemaltesuisse.org\/wp-content\/uploads\/sites\/3\/2017\/02\/image001-768x451.jpg 768w, https:\/\/ordredemaltesuisse.org\/wp-content\/uploads\/sites\/3\/2017\/02\/image001-198x116.jpg 198w, https:\/\/ordredemaltesuisse.org\/wp-content\/uploads\/sites\/3\/2017\/02\/image001-735x432.jpg 735w, https:\/\/ordredemaltesuisse.org\/wp-content\/uploads\/sites\/3\/2017\/02\/image001-620x364.jpg 620w, https:\/\/ordredemaltesuisse.org\/wp-content\/uploads\/sites\/3\/2017\/02\/image001-400x235.jpg 400w\" sizes=\"auto, (max-width: 800px) 100vw, 800px\" \/><\/p>\n<p>Nell\u2019undicesimo secolo i Cavalieri di Malta, all\u2019epoca conosciuti come \u2018Cavalieri Ospitalieri\u2019, fondarono un ospedale a Gerusalemme per assistere i pellegrini di qualsiasi religione o razza. L\u2019opera degli Ospitalieri divent\u00f2 sempre pi\u00f9 importante quando nel 1113 Papa Pasquale II riconobbe ufficialmente la comunit\u00e0 monastica come ordine religioso laicale. Il Papa indica nel Beato Gerardo il fondatore dell\u2019Ordine, assistito da un gruppo di monaci \u2013 i \u2018Professi\u2019 \u2013 che costituiscono ancora oggi il cuore dell\u2019Ordine di Malta.<\/p>\n<p>Nel corso dei secoli il numero di membri provenienti da tutta Europa aument\u00f2, contribuendo a rafforzare la presenza dell\u2019Ordine nel periodo di permanenza a Rodi (1310-1522) e a Malta (1530-1798).<\/p>\n<p>In passato i membri dell\u2019Ordine di Malta appartenevano tradizionalmente all\u2019aristocrazia, mentre oggi l\u2019accento \u00e8 sulla nobilt\u00e0 di spirito e di comportamento. I 13.500 Cavalieri e Dame dell\u2019Ordine di Malta rimangono fedeli ai suoi principi ispiratori, riassunti nel motto \u201cTuitio Fidei et Obsequium Pauperum\u201d, alimentare, difendere e testimoniare la fede e servire i poveri e gli ammalati. Un impegno che si traduce in realt\u00e0 in 120 paesi del mondo attraverso i suoi progetti umanitari e di assistenza sociale. I membri devono dimostrare dedizione a questi principi e vengono ammessi nei rispettivi paesi nei Priorati e nelle Associazioni nazionali dell\u2019Ordine di Malta.<\/p>\n<p><strong>I tre ceti<\/strong><br \/>\nSecondo la Carta Costituzionale, i membri dell\u2019Ordine di Malta vengono divisi in tre ceti. I membri devono avere una condotta esemplare seguendo gli insegnamenti e i precetti della Chiesa cattolica e devono dedicarsi alle attivit\u00e0 di assistenza dell\u2019Ordine.<\/p>\n<p><strong>Al primo ceto<\/strong> appartengono i Cavalieri di Giustizia, ovvero Professi, e i Cappellani Conventuali Professi che devono emettere la Professione dei Voti di povert\u00e0, di castit\u00e0 e d\u2019obbedienza, con lo scopo di perseguire la perfezione evangelica. Sono religiosi a tutti gli effetti, secondo i dettati del Diritto canonico. Non sono obbligati alla vita in comune.<\/p>\n<p>I membri appartenenti al <strong>secondo ceto<\/strong>, in virt\u00f9 della Promessa, si obbligano a vivere secondo i principi cristiani e secondo quelli relativi allo spirito dell\u2019Ordine. Sono suddivisi in tre categorie:<\/p>\n<p>\u2013 Cavalieri e Dame di Onore e Devozione in Obbedienza<br \/>\n\u2013 Cavalieri e Dame di Grazia e Devozione in Obbedienza<br \/>\n\u2013 Cavalieri e Dame di Grazia Magistrale in Obbedienza<\/p>\n<p><strong>Il terzo ceto<\/strong> \u00e8 costituito dai membri laici che non emettono Voti religiosi, n\u00e9 Promessa, ma vivono secondo i principi della Chiesa e dell\u2019Ordine. Sono suddivisi in sei categorie:<\/p>\n<p>\u2013 Cavalieri e Dame di Onore e Devozione<br \/>\n\u2013 Cappellani Conventuali \u201cad honorem\u201d<br \/>\n\u2013 Cavalieri e Dame di Grazia e Devozione<br \/>\n\u2013 Cappellani Magistrali<br \/>\n\u2013 Cavalieri e Dame di Grazia Magistrale<br \/>\n\u2013 Donati e Donate di Devozione<\/p>\n<\/div>\n","protected":false},"excerpt":{"rendered":"<p>Cavalieri e dame, una missione di assistenza Nell\u2019undicesimo secolo i Cavalieri di Malta, all\u2019epoca conosciuti come \u2018Cavalieri Ospitalieri\u2019, fondarono un ospedale a Gerusalemme per assistere i pellegrini di qualsiasi religione o razza. L\u2019opera degli Ospitalieri divent\u00f2 sempre pi\u00f9 importante quando nel 1113 Papa Pasquale II riconobbe ufficialmente la comunit\u00e0 monastica come ordine religioso laicale. Il [&hellip;]<\/p>\n","protected":false},"author":1,"featured_media":0,"parent":619,"menu_order":0,"comment_status":"closed","ping_status":"closed","template":"template-rsidebar.php","meta":{"inline_featured_image":false,"footnotes":"","_links_to":"","_links_to_target":""},"class_list":["post-761","page","type-page","status-publish","hentry"],"_links":{"self":[{"href":"https:\/\/ordredemaltesuisse.org\/it\/wp-json\/wp\/v2\/pages\/761","targetHints":{"allow":["GET"]}}],"collection":[{"href":"https:\/\/ordredemaltesuisse.org\/it\/wp-json\/wp\/v2\/pages"}],"about":[{"href":"https:\/\/ordredemaltesuisse.org\/it\/wp-json\/wp\/v2\/types\/page"}],"author":[{"embeddable":true,"href":"https:\/\/ordredemaltesuisse.org\/it\/wp-json\/wp\/v2\/users\/1"}],"replies":[{"embeddable":true,"href":"https:\/\/ordredemaltesuisse.org\/it\/wp-json\/wp\/v2\/comments?post=761"}],"version-history":[{"count":0,"href":"https:\/\/ordredemaltesuisse.org\/it\/wp-json\/wp\/v2\/pages\/761\/revisions"}],"up":[{"embeddable":true,"href":"https:\/\/ordredemaltesuisse.org\/it\/wp-json\/wp\/v2\/pages\/619"}],"wp:attachment":[{"href":"https:\/\/ordredemaltesuisse.org\/it\/wp-json\/wp\/v2\/media?parent=761"}],"curies":[{"name":"wp","href":"https:\/\/api.w.org\/{rel}","templated":true}]}}