{"id":812,"date":"2017-02-09T09:40:37","date_gmt":"2017-02-09T08:40:37","guid":{"rendered":"https:\/\/ordredemaltesuisse.org\/\/the-order-of-malta\/"},"modified":"2019-01-17T17:11:53","modified_gmt":"2019-01-17T16:11:53","slug":"lordine-di-malta","status":"publish","type":"page","link":"https:\/\/ordredemaltesuisse.org\/it\/lordine-di-malta\/","title":{"rendered":"L\u2019Ordine di Malta"},"content":{"rendered":"<blockquote><p><em>&#8220;Numerose sono le sfide ed i compiti che ci aspettano. Le persone che in tutto il mondo hanno bisogno di aiuto sono innumerevoli. Dobbiamo essere grati che le nostre possibilit\u00e0 di alleviare le loro sofferenze siano aumentate negli ultimi anni. In molte parti del mondo la nostra bianca croce ottagona \u00e8 diventata un segno di speranza. I nostri sforzi per espandere la nostra assistenza non devono diminuire. Sono profondamente grato a tutti i membri e volontari che sono cos\u00ec devotamente impegnati ad aiutare i nostri &#8220;Signori malati&#8221;.<\/em><\/p>\n<p><strong>Fra\u2019 Giacomo Dalla Torre del Tempio di Sanguinetto<\/strong><br \/>\n<strong>Principe e 80\u00b0 Gran Maestro<\/strong><\/p><\/blockquote>\n<h2>In difesa della dignit\u00e0 umana e l\u2019assistenza alle persone nel bisogno<\/h2>\n<p>Il Sovrano Ordine di Malta \u00e8 una delle istituzioni pi\u00f9 antiche della civilt\u00e0 occidentale e cristiana. Ordine religioso laicale della Chiesa Cattolica sin dal 1113 e soggetto di diritto internazionale, il Sovrano Ordine di Malta ha relazioni diplomatiche con pi\u00f9 di 100 Stati e con l\u2019Unione Europea ed ha lo status di osservatore permanente alle Nazioni Unite. \u00c8 neutrale, imparziale e apolitico.<\/p>\n<p>Oggi l\u2019Ordine di Malta opera in 120 paesi dove fornisce assistenza alle persone bisognose attraverso le sue attivit\u00e0 mediche, sociali e umanitarie. Nel quotidiano, il suo ampio spettro di progetti sociali fornisce un aiuto costante a coloro che sono dimenticati o esclusi dalla societ\u00e0. L\u2019Ordine si impegna in modo particolare ad aiutare le persone che sono colpite da conflitti armati o disastri naturali, fornendo assistenza medica, prestando cure ai profughi e distribuendo medicinali e attrezzature di base per la sopravvivenza. In tutto il mondo l\u2019Ordine di Malta si dedica alla tutela della dignit\u00e0 umana e all\u2019assistenza di tutti coloro che hanno bisogno di aiuto, indipendentemente dalla loro razza o religione.<\/p>\n<p>Fondato a Gerusalemme nell\u2019undicesimo secolo, l\u2019Ordine di Malta ha una lunga storia di assistenza ai vulnerabili e agli ammalati. La sua storia, di oltre 900 anni si riflette nel suo nome completo: Sovrano Militare Ordine Ospedaliero di San Giovanni di Gerusalemme di Rodi e di Malta. Dal 1834 la sede di governo dell\u2019Ordine di Malta \u00e8 a Roma, dove \u00e8 garantita da extraterritorialit\u00e0.<\/p>\n<p>L\u2019Ordine di Malta opera attraverso 12 Priorati, 48 Associazioni nazionali, 133 missioni diplomatiche, 1 agenzia di soccorso internazionale e 33 corpi di soccorso, oltre a numerosi ospedali, centri medici e fondazioni specializzate. L\u2019Ordine di Malta non persegue alcuno scopo economico o politico e non dipende da nessuno Stato o governo.<\/p>\n<p>&nbsp;<\/p>\n","protected":false},"excerpt":{"rendered":"<p>&#8220;Numerose sono le sfide ed i compiti che ci aspettano. Le persone che in tutto il mondo hanno bisogno di aiuto sono innumerevoli. Dobbiamo essere grati che le nostre possibilit\u00e0 di alleviare le loro sofferenze siano aumentate negli ultimi anni. In molte parti del mondo la nostra bianca croce ottagona \u00e8 diventata un segno di [&hellip;]<\/p>\n","protected":false},"author":1,"featured_media":0,"parent":0,"menu_order":0,"comment_status":"closed","ping_status":"closed","template":"template-rsidebar.php","meta":{"inline_featured_image":false,"footnotes":"","_links_to":"","_links_to_target":""},"class_list":["post-812","page","type-page","status-publish","hentry"],"_links":{"self":[{"href":"https:\/\/ordredemaltesuisse.org\/it\/wp-json\/wp\/v2\/pages\/812","targetHints":{"allow":["GET"]}}],"collection":[{"href":"https:\/\/ordredemaltesuisse.org\/it\/wp-json\/wp\/v2\/pages"}],"about":[{"href":"https:\/\/ordredemaltesuisse.org\/it\/wp-json\/wp\/v2\/types\/page"}],"author":[{"embeddable":true,"href":"https:\/\/ordredemaltesuisse.org\/it\/wp-json\/wp\/v2\/users\/1"}],"replies":[{"embeddable":true,"href":"https:\/\/ordredemaltesuisse.org\/it\/wp-json\/wp\/v2\/comments?post=812"}],"version-history":[{"count":0,"href":"https:\/\/ordredemaltesuisse.org\/it\/wp-json\/wp\/v2\/pages\/812\/revisions"}],"wp:attachment":[{"href":"https:\/\/ordredemaltesuisse.org\/it\/wp-json\/wp\/v2\/media?parent=812"}],"curies":[{"name":"wp","href":"https:\/\/api.w.org\/{rel}","templated":true}]}}