{"id":855,"date":"2017-03-09T11:52:58","date_gmt":"2017-03-09T10:52:58","guid":{"rendered":"https:\/\/ordredemaltesuisse.org\/\/governance\/"},"modified":"2017-05-10T17:07:49","modified_gmt":"2017-05-10T15:07:49","slug":"governance","status":"publish","type":"page","link":"https:\/\/ordredemaltesuisse.org\/it\/lordine-di-malta\/governance\/","title":{"rendered":"Governance"},"content":{"rendered":"<div class=\"main-block-wrapper clearfix\">\n<div class=\"main-block-wrapper clearfix\">\n<p><a class=\"img-link-wrapper full\"><img decoding=\"async\" src=\"https:\/\/ordredemaltesuisse.org\/wp-content\/uploads\/sites\/3\/2017\/03\/government_governance.jpeg\" \/><\/a><\/p>\n<h5><a>Il Sistema di governo dell\u2019Ordine di Malta<\/a><\/h5>\n<div>\nIl governo del Sovrano Ordine di Malta ha una struttura simile a quella dei governi statali. Esso si caratterizza tuttavia per alcune specifiche qualit\u00e0 relative alla sua natura di ordine religioso laicale, nonch\u00e9 per una particolare terminologia che si \u00e8 sviluppata nel corso dei suoi nove secoli di storia.<\/p>\n<p>Il capo dell\u2019Ordine di Malta \u00e8 il Gran Maestro che governa sia come sovrano che come superiore religioso ed \u00e8 coadiuvato dal Sovrano Consiglio, che egli presiede.<\/p>\n<p>Il Sovrano Consiglio viene eletto per cinque anni ed \u00e8 composto dal Gran Commendatore (superiore dei religiosi dell\u2019Ordine); il Gran Cancelliere (Ministro degli Affari Esteri e Ministro degli Interni); il Grande Ospedaliere (Ministro dell\u2019Azione Umanitaria e della Cooperazione Internazionale); il Ricevitore del Comun Tesoro (Ministro delle Finanze), insieme ad altri sei componenti, tutti eletti dal Capitolo Generale.<\/p>\n<p>Bench\u00e9 questi titoli riflettano secoli di tradizione, definiscono dei ruoli in linea con le necessit\u00e0 del ventunesimo secolo. Nell\u2019unicit\u00e0 della sua natura di istituzione sovrana e umanitaria, l\u2019Ordine di Malta, guidato dal suo governo, interviene continuamente in nuove aree rispondendo a richieste di assistenza umanitaria.<\/p>\n<p>Attraverso le sue missioni diplomatiche, il governo del Sovrano Ordine di Malta \u00e8 impegnato a siglare accordi di cooperazione con altri stati nei settori dell\u2019assistenza medica e umanitaria.<\/p>\n<p>Il sistema di governo dell\u2019Ordine di Malta \u00e8 suddiviso in tre poteri: il potere legislativo che spetta al Gran Maestro e al Sovrano Consiglio per le questioni non costituzionali; al Capitolo Generale \u2013 organo di rappresentanza dei membri \u2013 per quanto riguarda le norme costituzionali; il potere esecutivo spetta al Sovrano Consiglio, ed il potere giudiziario \u00e8 di competenza dei Tribunali dell\u2019Ordine.<\/p><\/div>\n<\/div>\n<\/div>\n","protected":false},"excerpt":{"rendered":"<p>Il Sistema di governo dell\u2019Ordine di Malta Il governo del Sovrano Ordine di Malta ha una struttura simile a quella dei governi statali. Esso si caratterizza tuttavia per alcune specifiche qualit\u00e0 relative alla sua natura di ordine religioso laicale, nonch\u00e9 per una particolare terminologia che si \u00e8 sviluppata nel corso dei suoi nove secoli di [&hellip;]<\/p>\n","protected":false},"author":1,"featured_media":0,"parent":812,"menu_order":0,"comment_status":"closed","ping_status":"closed","template":"template-rsidebar.php","meta":{"inline_featured_image":false,"footnotes":"","_links_to":"","_links_to_target":""},"class_list":["post-855","page","type-page","status-publish","hentry"],"_links":{"self":[{"href":"https:\/\/ordredemaltesuisse.org\/it\/wp-json\/wp\/v2\/pages\/855","targetHints":{"allow":["GET"]}}],"collection":[{"href":"https:\/\/ordredemaltesuisse.org\/it\/wp-json\/wp\/v2\/pages"}],"about":[{"href":"https:\/\/ordredemaltesuisse.org\/it\/wp-json\/wp\/v2\/types\/page"}],"author":[{"embeddable":true,"href":"https:\/\/ordredemaltesuisse.org\/it\/wp-json\/wp\/v2\/users\/1"}],"replies":[{"embeddable":true,"href":"https:\/\/ordredemaltesuisse.org\/it\/wp-json\/wp\/v2\/comments?post=855"}],"version-history":[{"count":0,"href":"https:\/\/ordredemaltesuisse.org\/it\/wp-json\/wp\/v2\/pages\/855\/revisions"}],"up":[{"embeddable":true,"href":"https:\/\/ordredemaltesuisse.org\/it\/wp-json\/wp\/v2\/pages\/812"}],"wp:attachment":[{"href":"https:\/\/ordredemaltesuisse.org\/it\/wp-json\/wp\/v2\/media?parent=855"}],"curies":[{"name":"wp","href":"https:\/\/api.w.org\/{rel}","templated":true}]}}