{"id":967,"date":"2017-02-10T11:13:38","date_gmt":"2017-02-10T10:13:38","guid":{"rendered":"https:\/\/ordredemaltesuisse.org\/\/magistral-palace\/"},"modified":"2025-03-06T09:44:00","modified_gmt":"2025-03-06T08:44:00","slug":"palazzo-magistrale","status":"publish","type":"page","link":"https:\/\/ordredemaltesuisse.org\/it\/lordine-di-malta\/palazzo-magistrale\/","title":{"rendered":"Palazzo Magistrale"},"content":{"rendered":"<h2>La sede del governo del Sovrano Ordine di Malta<\/h2>\n<div class=\"main-block-wrapper clearfix\">\n<p><a class=\"img-link-wrapper full\"><img decoding=\"async\" src=\"https:\/\/ordredemaltesuisse.org\/wp-content\/uploads\/sites\/3\/2025\/03\/government_magistral_palace.jpg\" \/><\/a><\/p>\n<h5><a>La sede del governo del Sovrano Ordine di Malta<\/a><\/h5>\n<div>\n<p>Situato nel cuore del centro storico di Roma in Via dei Condotti, il Palazzo Magistrale \u00e8 la residenza del Gran Maestro e sede del governo del Sovrano Ordine di Malta fin dal 1834. Cuore pulsante di una istituzione globale, le azioni diplomatiche, religiose, umanitarie e amministrative dell\u2019Ordine sono gestite in questo snodo centrale, al quale \u00e8 riconosciuto il diritto di extraterritorialit\u00e0 dalla Repubblica italiana.<\/p>\n<h5>Eredit\u00e0 storica<\/h5>\n<p>Il Palazzo Magistrale venne donato all\u2019Ordine di Malta nel 1629 dal suo rappresentante a Roma, Fra\u2019 Antonio Bosio, studioso considerato il fondatore dell\u2019archeologia cristiana. In un primo momento, il Palazzo ha svolto la funzione di sede dell\u2019ambasciatore dell\u2019Ordine di Malta presso lo Stato Pontificio. Due secoli dopo, quando l\u2019Ordine arriv\u00f2 a Roma nel 1834, esso divenne la residenza del Gran Maestro e la sede del suo governo.<\/p>\n<h5>Sede operativa<\/h5>\n<p>Due bandiere dell\u2019Ordine di Malta sventolano all\u2019entrata di Via dei Condotti. La bandiera di San Giovanni \u2013 la bandiera di Stato \u2013 e la bandiera delle opere dell\u2019Ordine. La bandiera personale del Gran Maestro \u00e8 esposta quando egli \u00e8 presente. Capi di Stato, ambasciatori e personalit\u00e0 vengono ricevuti al Palazzo, dove si riuniscono anche i suoi organi governativi. Nella cappella, dedicata a San Giovanni Battista, patrono dell\u2019Ordine ogni mattina viene celebrata la messa.<\/p>\n<p>La Biblioteca e gli Archivi Magistrali che hanno sede nel Palazzo sono il punto di riferimento culturale dell\u2019Ordine di Malta. Seguendo la tradizione dell\u2019Ordine di istituire un ospedale in ogni sua sede, al piano terra opera il suo ambulatorio. La Zecca e le Poste Magistrali \u2013 anch\u2019essi situati a Palazzo \u2013 spediscono la corrispondenza munita dei francobolli dell\u2019Ordine di Malta in uno dei 57 Paesi con cui \u00e8 stato sottoscritto un accordo postale. Il Visitor Centre, aperto di recente, fornisce ai passanti interessati l\u2019opportunit\u00e0 di approfondire meglio la propria conoscenza dell\u2019Ordine di Malta. I dipartimenti degli Affari Interni, Affari Esteri, del Grande Ospedaliere, delle Finanze e delle Comunicazioni del governo dell\u2019Ordine hanno sede nel Palazzo.<\/p>\n<\/div>\n<\/div>\n","protected":false},"excerpt":{"rendered":"<p>La sede del governo del Sovrano Ordine di Malta La sede del governo del Sovrano Ordine di Malta Situato nel cuore del centro storico di Roma in Via dei Condotti, il Palazzo Magistrale \u00e8 la residenza del Gran Maestro e sede del governo del Sovrano Ordine di Malta fin dal 1834. Cuore pulsante di una [&hellip;]<\/p>\n","protected":false},"author":1,"featured_media":6772,"parent":812,"menu_order":0,"comment_status":"closed","ping_status":"closed","template":"template-rsidebar.php","meta":{"inline_featured_image":false,"footnotes":"","_links_to":"","_links_to_target":""},"class_list":["post-967","page","type-page","status-publish","has-post-thumbnail","hentry"],"_links":{"self":[{"href":"https:\/\/ordredemaltesuisse.org\/it\/wp-json\/wp\/v2\/pages\/967","targetHints":{"allow":["GET"]}}],"collection":[{"href":"https:\/\/ordredemaltesuisse.org\/it\/wp-json\/wp\/v2\/pages"}],"about":[{"href":"https:\/\/ordredemaltesuisse.org\/it\/wp-json\/wp\/v2\/types\/page"}],"author":[{"embeddable":true,"href":"https:\/\/ordredemaltesuisse.org\/it\/wp-json\/wp\/v2\/users\/1"}],"replies":[{"embeddable":true,"href":"https:\/\/ordredemaltesuisse.org\/it\/wp-json\/wp\/v2\/comments?post=967"}],"version-history":[{"count":1,"href":"https:\/\/ordredemaltesuisse.org\/it\/wp-json\/wp\/v2\/pages\/967\/revisions"}],"predecessor-version":[{"id":6775,"href":"https:\/\/ordredemaltesuisse.org\/it\/wp-json\/wp\/v2\/pages\/967\/revisions\/6775"}],"up":[{"embeddable":true,"href":"https:\/\/ordredemaltesuisse.org\/it\/wp-json\/wp\/v2\/pages\/812"}],"wp:featuredmedia":[{"embeddable":true,"href":"https:\/\/ordredemaltesuisse.org\/it\/wp-json\/wp\/v2\/media\/6772"}],"wp:attachment":[{"href":"https:\/\/ordredemaltesuisse.org\/it\/wp-json\/wp\/v2\/media?parent=967"}],"curies":[{"name":"wp","href":"https:\/\/api.w.org\/{rel}","templated":true}]}}